{"id":9786,"date":"2023-05-16T10:56:06","date_gmt":"2023-05-16T14:56:06","guid":{"rendered":"https:\/\/spark-co.com\/?post_type=product&#038;p=9786"},"modified":"2025-08-11T14:01:55","modified_gmt":"2025-08-11T18:01:55","slug":"matrix-gx-garnet","status":"publish","type":"product","link":"https:\/\/spark-co.com\/fr\/produit\/matrix-gx-garnet\/","title":{"rendered":"GX Garnet"},"content":{"rendered":"<p>Les abrasifs Matrix GX \u00e0 base de grenat sont sp\u00e9cialement con\u00e7us pour optimiser les performances des machines de d\u00e9coupe au jet d&rsquo;eau, offrant un rapport co\u00fbt-efficacit\u00e9 exceptionnel par rapport aux autres marques. Issus des meilleurs grenats de roche dure du monde entier et trait\u00e9s pour r\u00e9pondre aux normes les plus strictes en mati\u00e8re de d\u00e9coupe au jet d&rsquo;eau, les abrasifs Matrix GX \u00e0 base de grenat offrent une qualit\u00e9 de surface exceptionnelle et un retour sur investissement impressionnant.<\/p>\n<p>Contrairement aux autres abrasifs min\u00e9raux disponibles sur le march\u00e9, nos abrasifs grenat Matrix GX pour jet d&rsquo;eau se distinguent par leur duret\u00e9 exceptionnelle et leur \u00e9quilibre sup\u00e9rieur. Ces qualit\u00e9s font des abrasifs grenat Matrix GX le choix id\u00e9al pour obtenir des performances remarquables, des coupes de qualit\u00e9 fiable et une valeur in\u00e9gal\u00e9e pour vos besoins en mati\u00e8re de qualit\u00e9 de surface. Consid\u00e9r\u00e9 comme une r\u00e9f\u00e9rence au Canada, Matrix GX garantit une vitesse de coupe et une qualit\u00e9 de bord constantes.<\/p>\n<p><b>Caract\u00e9ristiques du grenat Matrix GX :<\/b><\/p>\n<ul>\n<li aria-level=\"1\"><span style=\"font-weight: 400;\">Grande capacit\u00e9 de coupe : Permet d&rsquo;obtenir des r\u00e9sultats de coupe pr\u00e9cis et efficaces.<\/span><\/li>\n<li style=\"font-weight: 400;\" aria-level=\"1\"><span style=\"font-weight: 400;\">Prix abordable : B\u00e9n\u00e9ficiez de solutions rentables sans compromettre la qualit\u00e9.<\/span><\/li>\n<li style=\"font-weight: 400;\" aria-level=\"1\"><span style=\"font-weight: 400;\">Excellentes performances : B\u00e9n\u00e9ficiez de performances et d\u2019une productivit\u00e9 exceptionnelle.<\/span><\/li>\n<li style=\"font-weight: 400;\" aria-level=\"1\"><span style=\"font-weight: 400;\">Coupe tous les mat\u00e9riaux : Convient \u00e0 la d\u00e9coupe d&rsquo;une large gamme de mat\u00e9riaux.<\/span><\/li>\n<li style=\"font-weight: 400;\" aria-level=\"1\"><span style=\"font-weight: 400;\">Stock au Canada : B\u00e9n\u00e9ficiez d&rsquo;un stock facilement disponible au Canada.<\/span><\/li>\n<\/ul>\n<p><b><br \/>\nChoisissez parmi diff\u00e9rentes tailles de mailles pour r\u00e9pondre \u00e0 vos besoins sp\u00e9cifiques de\u00a0coupe :<\/b><\/p>\n<ul>\n<li style=\"font-weight: 400;\" aria-level=\"1\"><span style=\"font-weight: 400;\">GX 120 Mesh<\/span><\/li>\n<li style=\"font-weight: 400;\" aria-level=\"1\"><span style=\"font-weight: 400;\">GX 80 Mesh<\/span><\/li>\n<li style=\"font-weight: 400;\" aria-level=\"1\"><span style=\"font-weight: 400;\">GX 60 Mesh<\/span><\/li>\n<\/ul>\n<p><span style=\"font-weight: 400;\">Faites confiance aux abrasifs grenat pour jet d&rsquo;eau Matrix GX pour des performances de coupe exceptionnelles, une qualit\u00e9 sup\u00e9rieure et une valeur in\u00e9gal\u00e9e. Am\u00e9liorez vos op\u00e9rations de d\u00e9coupe au jet d&rsquo;eau et obtenez des r\u00e9sultats exceptionnels avec les abrasifs grenat Matrix GX, qui sont la norme dans l&rsquo;industrie.<\/span><\/p>\n","protected":false},"excerpt":{"rendered":"<p><span style=\"font-weight: 400;\">D\u00e9couvrez les performances de pointe des abrasifs Matrix GX Hard Rock Garnet<\/span><\/p>\n","protected":false},"featured_media":9820,"template":"","meta":{"_acf_changed":false},"product_brand":[],"product_cat":[212],"product_tag":[],"class_list":{"0":"post-9786","1":"product","2":"type-product","3":"status-publish","4":"has-post-thumbnail","6":"product_cat-abrasifs","8":"first","9":"instock","10":"taxable","11":"shipping-taxable","12":"purchasable","13":"product-type-simple"},"acf":[],"_links":{"self":[{"href":"https:\/\/spark-co.com\/fr\/wp-json\/wp\/v2\/product\/9786","targetHints":{"allow":["GET"]}}],"collection":[{"href":"https:\/\/spark-co.com\/fr\/wp-json\/wp\/v2\/product"}],"about":[{"href":"https:\/\/spark-co.com\/fr\/wp-json\/wp\/v2\/types\/product"}],"wp:featuredmedia":[{"embeddable":true,"href":"https:\/\/spark-co.com\/fr\/wp-json\/wp\/v2\/media\/9820"}],"wp:attachment":[{"href":"https:\/\/spark-co.com\/fr\/wp-json\/wp\/v2\/media?parent=9786"}],"wp:term":[{"taxonomy":"product_brand","embeddable":true,"href":"https:\/\/spark-co.com\/fr\/wp-json\/wp\/v2\/product_brand?post=9786"},{"taxonomy":"product_cat","embeddable":true,"href":"https:\/\/spark-co.com\/fr\/wp-json\/wp\/v2\/product_cat?post=9786"},{"taxonomy":"product_tag","embeddable":true,"href":"https:\/\/spark-co.com\/fr\/wp-json\/wp\/v2\/product_tag?post=9786"}],"curies":[{"name":"wp","href":"https:\/\/api.w.org\/{rel}","templated":true}]}}