{"id":9659,"date":"2023-05-15T14:38:39","date_gmt":"2023-05-15T18:38:39","guid":{"rendered":"https:\/\/spark-co.com\/?post_type=product&#038;p=9659"},"modified":"2024-09-11T15:46:21","modified_gmt":"2024-09-11T19:46:21","slug":"matrix-mb-garnet","status":"publish","type":"product","link":"https:\/\/spark-co.com\/fr\/produit\/matrix-mb-garnet\/","title":{"rendered":"MB Garnet"},"content":{"rendered":"<p><span style=\"font-weight: 400;\">Faites l&rsquo;exp\u00e9rience d&rsquo;une performance sup\u00e9rieure avec les abrasifs grenats alluvionnaires Matrix\u00a0MB<\/span><\/p>\n<p><span style=\"font-weight: 400;\">Les abrasifs grenats Matrix MB sont con\u00e7us pour d\u00e9passer les attentes des machines de d\u00e9coupe au jet d&rsquo;eau, offrant des performances exceptionnelles par rapport \u00e0 d&rsquo;autres marques. Nous comparons en toute confiance la qualit\u00e9 de coupe de Matrix MB \u00e0 celle des principales marques disponibles dans le monde. Obtenus et trait\u00e9s selon les normes les plus strictes pour la d\u00e9coupe au jet d&rsquo;eau, les abrasifs grenats alluvionnaires Matrix MB offrent une qualit\u00e9 de surface in\u00e9gal\u00e9e et garantissent un excellent retour sur investissement.<\/span><\/p>\n<p><span style=\"font-weight: 400;\">Compar\u00e9s \u00e0 d&rsquo;autres abrasifs min\u00e9raux sur le march\u00e9, nos abrasifs grenats alluvionnaires Matrix MB pour d\u00e9coupe au jet d&rsquo;eau se distinguent par leur propret\u00e9 et leur \u00e9quilibre sup\u00e9rieur. Cela se traduit par des performances exceptionnelles, des r\u00e9sultats fiables et le meilleur rapport qualit\u00e9-prix. Matrix MB a constamment prouv\u00e9 sa capacit\u00e9 \u00e0 fournir des performances de coupe exceptionnelles et offre une qualit\u00e9 d&rsquo;ar\u00eate \u00e9quivalente \u00e0 celle de n&rsquo;importe quelle grande marque.<\/span><\/p>\n<p><b>Caract\u00e9ristiques du grenat MB de Matrix :<\/b><\/p>\n<ul>\n<li style=\"font-weight: 400;\" aria-level=\"1\"><span style=\"font-weight: 400;\">Grande capacit\u00e9 de coupe : Permet d&rsquo;obtenir des r\u00e9sultats de coupe pr\u00e9cis et efficaces.<\/span><\/li>\n<li style=\"font-weight: 400;\" aria-level=\"1\"><span style=\"font-weight: 400;\">Prix abordable : B\u00e9n\u00e9ficiez de solutions rentables sans compromettre la qualit\u00e9.<\/span><\/li>\n<li style=\"font-weight: 400;\" aria-level=\"1\"><span style=\"font-weight: 400;\">Excellentes performances : B\u00e9n\u00e9ficiez de performances et d\u2019une productivit\u00e9 exceptionnelle.<\/span><\/li>\n<li style=\"font-weight: 400;\" aria-level=\"1\"><span style=\"font-weight: 400;\">Coupe tous les mat\u00e9riaux : Convient \u00e0 la d\u00e9coupe d&rsquo;une large gamme de mat\u00e9riaux.<\/span><\/li>\n<li style=\"font-weight: 400;\" aria-level=\"1\"><span style=\"font-weight: 400;\">Stock au Canada : B\u00e9n\u00e9ficiez d&rsquo;un stock facilement disponible au Canada.<\/span><\/li>\n<\/ul>\n<p><b><br \/>\nChoisissez parmi diff\u00e9rentes tailles de mailles pour r\u00e9pondre \u00e0 vos besoins sp\u00e9cifiques en mati\u00e8re de coupe :<\/b><\/p>\n<ul>\n<li style=\"font-weight: 400;\" aria-level=\"1\"><span style=\"font-weight: 400;\">MB 120 Maille<\/span><\/li>\n<li style=\"font-weight: 400;\" aria-level=\"1\"><span style=\"font-weight: 400;\">MB 80 Maille<\/span><\/li>\n<li style=\"font-weight: 400;\" aria-level=\"1\"><span style=\"font-weight: 400;\">MB 60 mesh<\/span><\/li>\n<\/ul>\n<p><span style=\"font-weight: 400;\">Faites confiance aux abrasifs grenat pour jet d&rsquo;eau Matrix MB pour des performances de coupe sup\u00e9rieures, une qualit\u00e9 remarquable et un excellent rapport qualit\u00e9-prix. Am\u00e9liorez vos op\u00e9rations de d\u00e9coupe au jet d&rsquo;eau avec les abrasifs grenat Matrix MB.<\/span><\/p>\n","protected":false},"excerpt":{"rendered":"<p><span style=\"font-weight: 400;\">Faites l&rsquo;exp\u00e9rience d&rsquo;une performance sup\u00e9rieure avec les abrasifs grenats alluvionnaires Matrix\u00a0MB<\/span><\/p>\n","protected":false},"featured_media":9822,"template":"","meta":{"_acf_changed":false},"product_brand":[],"product_cat":[212],"product_tag":[],"class_list":{"0":"post-9659","1":"product","2":"type-product","3":"status-publish","4":"has-post-thumbnail","6":"product_cat-abrasifs","8":"first","9":"instock","10":"taxable","11":"shipping-taxable","12":"purchasable","13":"product-type-simple"},"acf":[],"_links":{"self":[{"href":"https:\/\/spark-co.com\/fr\/wp-json\/wp\/v2\/product\/9659","targetHints":{"allow":["GET"]}}],"collection":[{"href":"https:\/\/spark-co.com\/fr\/wp-json\/wp\/v2\/product"}],"about":[{"href":"https:\/\/spark-co.com\/fr\/wp-json\/wp\/v2\/types\/product"}],"wp:featuredmedia":[{"embeddable":true,"href":"https:\/\/spark-co.com\/fr\/wp-json\/wp\/v2\/media\/9822"}],"wp:attachment":[{"href":"https:\/\/spark-co.com\/fr\/wp-json\/wp\/v2\/media?parent=9659"}],"wp:term":[{"taxonomy":"product_brand","embeddable":true,"href":"https:\/\/spark-co.com\/fr\/wp-json\/wp\/v2\/product_brand?post=9659"},{"taxonomy":"product_cat","embeddable":true,"href":"https:\/\/spark-co.com\/fr\/wp-json\/wp\/v2\/product_cat?post=9659"},{"taxonomy":"product_tag","embeddable":true,"href":"https:\/\/spark-co.com\/fr\/wp-json\/wp\/v2\/product_tag?post=9659"}],"curies":[{"name":"wp","href":"https:\/\/api.w.org\/{rel}","templated":true}]}}