{"id":9615,"date":"2023-05-15T10:33:16","date_gmt":"2023-05-15T14:33:16","guid":{"rendered":"https:\/\/spark-co.com\/?post_type=product&#038;p=9615"},"modified":"2024-09-11T15:25:58","modified_gmt":"2024-09-11T19:25:58","slug":"hpx-adirondack","status":"publish","type":"product","link":"https:\/\/spark-co.com\/fr\/produit\/hpx-adirondack\/","title":{"rendered":"HPX ADIRONDACK\u00ae"},"content":{"rendered":"<p><b>HPX ADIRONDACK\u00ae &#8211; La norme mondiale pour les abrasifs grenat pour jet d&rsquo;eau en roche dure<\/b><\/p>\n<p><span style=\"font-weight: 400;\">D\u00e9couvrez l&rsquo;abrasif grenat le plus dur et le plus tranchant de la plan\u00e8te<\/span><\/p>\n<p><span style=\"font-weight: 400;\">Voici HPX ADIRONDACK\u00ae, l&rsquo;abrasif de grenat in\u00e9gal\u00e9 qui \u00e9tablit la norme de l&rsquo;industrie en mati\u00e8re de qualit\u00e9 et de durabilit\u00e9. Exploit\u00e9 par BARTON dans les montagnes Adirondack de l&rsquo;est des \u00c9tats-Unis, ce grenat poss\u00e8de l&rsquo;avantage unique d&rsquo;\u00eatre le min\u00e9ral le plus dur et le plus tranchant au monde. Sa remarquable structure cristalline donne naissance \u00e0 des grains tr\u00e8s anguleux, aux ar\u00eates vives, qui garantissent des performances in\u00e9gal\u00e9es.<\/span><\/p>\n<p><span style=\"font-weight: 400;\">Contrairement \u00e0 d&rsquo;autres grenats, l&rsquo;abrasif en grenat de roche dure de Barton subit d&rsquo;immenses pressions sous les montagnes, ce qui lui permet de se fracturer en grains aux ar\u00eates vives lors de son utilisation. Ce processus permet d&rsquo;obtenir un grenat qui reste le plus dur de l&rsquo;industrie, quelle que soit la finesse du broyage. L&rsquo;ar\u00eate tranchante est une caract\u00e9ristique qui distingue le gisement de Barton comme la source ultime de grenat industriel dans le monde.<\/span><\/p>\n<p><span style=\"font-weight: 400;\">L&rsquo;engagement de Barton en faveur de l&rsquo;excellence se traduit par des processus de fabrication rigoureux et des normes compl\u00e8tes de contr\u00f4le de la qualit\u00e9. S&rsquo;inspirant des normes ISO, TQM, ANSI et ASQ, Barton produit l&rsquo;abrasif de d\u00e9coupe au jet d&rsquo;eau le plus propre et le plus fiable disponible en Am\u00e9rique.\u00a0<\/span><\/p>\n<p><span style=\"font-weight: 400;\">Choisissez HPX ADIRONDACK\u00ae pour vos besoins de d\u00e9coupe au jet d&rsquo;eau et d\u00e9couvrez les performances in\u00e9gal\u00e9es du premier grenat de roche dure au monde. Am\u00e9liorez votre pr\u00e9cision de coupe, augmentez votre productivit\u00e9 et obtenez des r\u00e9sultats remarquables avec l&rsquo;abrasif grenat le plus fin du march\u00e9.<\/span><\/p>\n","protected":false},"excerpt":{"rendered":"<p>La norme mondiale pour les abrasifs grenat pour jet d&rsquo;eau en roche dure<\/p>\n","protected":false},"featured_media":9816,"template":"","meta":{"_acf_changed":false},"product_brand":[],"product_cat":[212],"product_tag":[],"class_list":{"0":"post-9615","1":"product","2":"type-product","3":"status-publish","4":"has-post-thumbnail","6":"product_cat-abrasifs","8":"first","9":"instock","10":"taxable","11":"shipping-taxable","12":"purchasable","13":"product-type-simple"},"acf":[],"_links":{"self":[{"href":"https:\/\/spark-co.com\/fr\/wp-json\/wp\/v2\/product\/9615","targetHints":{"allow":["GET"]}}],"collection":[{"href":"https:\/\/spark-co.com\/fr\/wp-json\/wp\/v2\/product"}],"about":[{"href":"https:\/\/spark-co.com\/fr\/wp-json\/wp\/v2\/types\/product"}],"wp:featuredmedia":[{"embeddable":true,"href":"https:\/\/spark-co.com\/fr\/wp-json\/wp\/v2\/media\/9816"}],"wp:attachment":[{"href":"https:\/\/spark-co.com\/fr\/wp-json\/wp\/v2\/media?parent=9615"}],"wp:term":[{"taxonomy":"product_brand","embeddable":true,"href":"https:\/\/spark-co.com\/fr\/wp-json\/wp\/v2\/product_brand?post=9615"},{"taxonomy":"product_cat","embeddable":true,"href":"https:\/\/spark-co.com\/fr\/wp-json\/wp\/v2\/product_cat?post=9615"},{"taxonomy":"product_tag","embeddable":true,"href":"https:\/\/spark-co.com\/fr\/wp-json\/wp\/v2\/product_tag?post=9615"}],"curies":[{"name":"wp","href":"https:\/\/api.w.org\/{rel}","templated":true}]}}