{"id":9609,"date":"2023-05-15T10:31:10","date_gmt":"2023-05-15T14:31:10","guid":{"rendered":"https:\/\/spark-co.com\/?post_type=product&#038;p=9609"},"modified":"2024-09-11T15:24:14","modified_gmt":"2024-09-11T19:24:14","slug":"hpa-alltek","status":"publish","type":"product","link":"https:\/\/spark-co.com\/fr\/produit\/hpa-alltek\/","title":{"rendered":"HPA ALLTEK\u00ae"},"content":{"rendered":"<p><b>HPA ALLTEK\u00ae &#8211; La norme pour les abrasifs \u00e0 base de grenat alluvionnaire pour jet d&rsquo;eau<\/b><\/p>\n<p><span style=\"font-weight: 400;\">D\u00e9couvrez la sup\u00e9riorit\u00e9 des abrasifs \u00e0 base de grenat alluvionnaire HPA ALLTEK\u00ae de BARTON<\/span><\/p>\n<p><span style=\"font-weight: 400;\">Pour les machines de d\u00e9coupe au jet d&rsquo;eau, les abrasifs en grenat alluvionnaire HPA ALLTEK\u00ae de BARTON constituent un excellent choix, offrant une rentabilit\u00e9 exceptionnelle par rapport \u00e0 notre grenat HPX. Fabriqu\u00e9s \u00e0 partir des meilleurs grenats alluvionnaires provenant du monde entier et trait\u00e9s selon les normes rigoureuses de BARTON, les abrasifs \u00e0 base de grenat alluvionnaire HPA ALLTEK\u00ae offrent une excellente qualit\u00e9 de surface et un remarquable retour sur investissement.<\/span><\/p>\n<p><span style=\"font-weight: 400;\">Pour la majorit\u00e9 de vos travaux de coupe, les performances ultra-hautes de notre grenat Barton HPX exclusif ne sont peut-\u00eatre pas n\u00e9cessaires. C&rsquo;est l\u00e0 que les abrasifs grenats ALLTEK Waterjet entrent en jeu. Ces abrasifs min\u00e9raux sont sp\u00e9cifiquement con\u00e7us pour r\u00e9pondre \u00e0 vos besoins et fournir des r\u00e9sultats exceptionnels.<\/span><\/p>\n<p><span style=\"font-weight: 400;\">Les abrasifs de grenat alluvionnaire HPA ALLTEK\u00ae sont plus durs et plus denses que d&rsquo;autres abrasifs min\u00e9raux tels que le charbon, le verre et la staurolite. Les performances \u00e9prouv\u00e9es du grenat HPA garantissent des coupes de qualit\u00e9 fiables et offrent le meilleur rapport qualit\u00e9-prix pour vos besoins en mati\u00e8re de pr\u00e9paration de surface. Comptez sur l&rsquo;HPA Barton pour obtenir une vitesse de coupe, une qualit\u00e9 d&rsquo;ar\u00eate et une fiabilit\u00e9 constante, ce qui en fait un standard dans l&rsquo;industrie du jet d&rsquo;eau.<\/span><\/p>\n<p><span style=\"font-weight: 400;\">Barton continue d&rsquo;\u00e9voluer avec des avanc\u00e9es telles que le Barton HPX, une am\u00e9lioration de notre c\u00e9l\u00e8bre Barton HPA. Nous nous effor\u00e7ons de vous fournir les derni\u00e8res innovations et des solutions en grenat de qualit\u00e9 sup\u00e9rieure pour vos besoins de d\u00e9coupe au jet d&rsquo;eau.<\/span><\/p>\n<p><span style=\"font-weight: 400;\">D\u00e9couvrez la norme d&rsquo;excellence avec les abrasifs \u00e0 base de grenat alluvionnaire HPA ALLTEK\u00ae de Barton. Obtenez des performances exceptionnelles, une qualit\u00e9 constante et une valeur exceptionnelle pour vos applications de d\u00e9coupe au jet d&rsquo;eau.<\/span><\/p>\n","protected":false},"excerpt":{"rendered":"<p>La norme pour les abrasifs \u00e0 base de grenat alluvionnaire pour jet d&rsquo;eau<\/p>\n","protected":false},"featured_media":9818,"template":"","meta":{"_acf_changed":false},"product_brand":[],"product_cat":[212],"product_tag":[],"class_list":{"0":"post-9609","1":"product","2":"type-product","3":"status-publish","4":"has-post-thumbnail","6":"product_cat-abrasifs","8":"first","9":"instock","10":"taxable","11":"shipping-taxable","12":"purchasable","13":"product-type-simple"},"acf":[],"_links":{"self":[{"href":"https:\/\/spark-co.com\/fr\/wp-json\/wp\/v2\/product\/9609","targetHints":{"allow":["GET"]}}],"collection":[{"href":"https:\/\/spark-co.com\/fr\/wp-json\/wp\/v2\/product"}],"about":[{"href":"https:\/\/spark-co.com\/fr\/wp-json\/wp\/v2\/types\/product"}],"wp:featuredmedia":[{"embeddable":true,"href":"https:\/\/spark-co.com\/fr\/wp-json\/wp\/v2\/media\/9818"}],"wp:attachment":[{"href":"https:\/\/spark-co.com\/fr\/wp-json\/wp\/v2\/media?parent=9609"}],"wp:term":[{"taxonomy":"product_brand","embeddable":true,"href":"https:\/\/spark-co.com\/fr\/wp-json\/wp\/v2\/product_brand?post=9609"},{"taxonomy":"product_cat","embeddable":true,"href":"https:\/\/spark-co.com\/fr\/wp-json\/wp\/v2\/product_cat?post=9609"},{"taxonomy":"product_tag","embeddable":true,"href":"https:\/\/spark-co.com\/fr\/wp-json\/wp\/v2\/product_tag?post=9609"}],"curies":[{"name":"wp","href":"https:\/\/api.w.org\/{rel}","templated":true}]}}