{"id":7662,"date":"2022-12-18T10:33:17","date_gmt":"2022-12-18T15:33:17","guid":{"rendered":"https:\/\/spark-co.com\/?post_type=product&#038;p=7662"},"modified":"2025-04-14T08:34:44","modified_gmt":"2025-04-14T12:34:44","slug":"ipg-lightweld-1500-xc","status":"publish","type":"product","link":"https:\/\/spark-co.com\/fr\/produit\/ipg-lightweld-1500-xc\/","title":{"rendered":"IPG LIGHTWELD 1500 XC"},"content":{"rendered":"<p>La soudure laser portable LightWELD 1500 XC est facile \u00e0 apprendre, simple et rapide \u00e0 mettre en place et fournit des r\u00e9sultats de haute qualit\u00e9 constante sur une large gamme de mat\u00e9riaux et d\u2019\u00e9paisseurs.<\/p>\n<p>Offerte avec un c\u00e2ble laser 5m ou 10m.<\/p>\n","protected":false},"excerpt":{"rendered":"<p>La soudure laser portable LightWELD 1500 XC est facile \u00e0 apprendre, simple et rapide \u00e0 mettre en place et fournit des r\u00e9sultats de haute qualit\u00e9 constante sur une large gamme de mat\u00e9riaux et d&rsquo;\u00e9paisseurs.<\/p>\n<p><strong>\u00a0Note : les prix en CAD sont sujets \u00e0 changement avec la variation des taux de change. Prix USD : $28,000.00.<\/strong><\/p>\n","protected":false},"featured_media":6403,"template":"","meta":{"_acf_changed":false},"product_brand":[],"product_cat":[603,194,196],"product_tag":[1099],"class_list":{"0":"post-7662","1":"product","2":"type-product","3":"status-publish","4":"has-post-thumbnail","6":"product_cat-soudeuses-laser-lightweld","7":"product_cat-soudage-au-laser","8":"product_cat-soudage-laser-machines","9":"product_tag-show-price-fr","11":"first","12":"instock","13":"taxable","14":"shipping-taxable","15":"purchasable","16":"product-type-simple"},"acf":[],"_links":{"self":[{"href":"https:\/\/spark-co.com\/fr\/wp-json\/wp\/v2\/product\/7662","targetHints":{"allow":["GET"]}}],"collection":[{"href":"https:\/\/spark-co.com\/fr\/wp-json\/wp\/v2\/product"}],"about":[{"href":"https:\/\/spark-co.com\/fr\/wp-json\/wp\/v2\/types\/product"}],"wp:featuredmedia":[{"embeddable":true,"href":"https:\/\/spark-co.com\/fr\/wp-json\/wp\/v2\/media\/6403"}],"wp:attachment":[{"href":"https:\/\/spark-co.com\/fr\/wp-json\/wp\/v2\/media?parent=7662"}],"wp:term":[{"taxonomy":"product_brand","embeddable":true,"href":"https:\/\/spark-co.com\/fr\/wp-json\/wp\/v2\/product_brand?post=7662"},{"taxonomy":"product_cat","embeddable":true,"href":"https:\/\/spark-co.com\/fr\/wp-json\/wp\/v2\/product_cat?post=7662"},{"taxonomy":"product_tag","embeddable":true,"href":"https:\/\/spark-co.com\/fr\/wp-json\/wp\/v2\/product_tag?post=7662"}],"curies":[{"name":"wp","href":"https:\/\/api.w.org\/{rel}","templated":true}]}}