{"id":36129,"date":"2025-11-21T14:08:49","date_gmt":"2025-11-21T19:08:49","guid":{"rendered":"https:\/\/spark-co.com\/?post_type=product&#038;p=36129"},"modified":"2025-11-24T09:56:44","modified_gmt":"2025-11-24T14:56:44","slug":"sintrax-serie-pct","status":"publish","type":"product","link":"https:\/\/spark-co.com\/fr\/produit\/sintrax-serie-pct\/","title":{"rendered":"SINTRAX S\u00e9rie PCT"},"content":{"rendered":"<p><span style=\"font-weight: 400;\">La SINTRAX 510-PCT et 612-PCT combinent la d\u00e9coupe de m\u00e9taux haute pr\u00e9cision et la d\u00e9coupe de tubes int\u00e9gr\u00e9e dans une seule machine. <\/span><\/p>\n","protected":false},"excerpt":{"rendered":"<p><span style=\"font-weight: 400;\">La SINTRAX 510-PCT et 612-PCT combinent la d\u00e9coupe de m\u00e9taux haute pr\u00e9cision et la d\u00e9coupe de tubes int\u00e9gr\u00e9e dans une seule machine. Con\u00e7ues et fabriqu\u00e9es selon les normes canadiennes de s\u00e9curit\u00e9 \u00e9lectrique, elles int\u00e8grent de puissants servomoteurs Yaskawa, une source laser IPG Photonics ou MAX Photonics, ainsi que des syst\u00e8mes de contr\u00f4le \u00e0 la fine pointe de l\u2019industrie.<\/span><\/p>\n<p><span style=\"font-weight: 400;\">Leur conception enti\u00e8rement ferm\u00e9e assure une protection optimale des op\u00e9rateurs, tandis que le mandrin pneumatique et le syst\u00e8me d\u00e9di\u00e9 \u00e0 la d\u00e9coupe de tubes offrent une solution compl\u00e8te, capable de traiter aussi bien des pi\u00e8ces m\u00e9talliques planes que des profils complexes. Avec une garantie de 2 ans et l\u2019assistance technique \u00e0 vie de Spark &amp; Co., elles repr\u00e9sentent un investissement intelligent pour les fabricants cherchant \u00e0 accro\u00eetre leur productivit\u00e9 et leur polyvalence.<\/span><\/p>\n","protected":false},"featured_media":36131,"template":"","meta":{"_acf_changed":false},"product_brand":[],"product_cat":[1006,1009],"product_tag":[],"class_list":{"0":"post-36129","1":"product","2":"type-product","3":"status-publish","4":"has-post-thumbnail","6":"product_cat-decoupage-laser","7":"product_cat-decoupage-laser-2d","9":"first","10":"instock","11":"taxable","12":"shipping-taxable","13":"purchasable","14":"product-type-variable"},"acf":[],"_links":{"self":[{"href":"https:\/\/spark-co.com\/fr\/wp-json\/wp\/v2\/product\/36129","targetHints":{"allow":["GET"]}}],"collection":[{"href":"https:\/\/spark-co.com\/fr\/wp-json\/wp\/v2\/product"}],"about":[{"href":"https:\/\/spark-co.com\/fr\/wp-json\/wp\/v2\/types\/product"}],"wp:featuredmedia":[{"embeddable":true,"href":"https:\/\/spark-co.com\/fr\/wp-json\/wp\/v2\/media\/36131"}],"wp:attachment":[{"href":"https:\/\/spark-co.com\/fr\/wp-json\/wp\/v2\/media?parent=36129"}],"wp:term":[{"taxonomy":"product_brand","embeddable":true,"href":"https:\/\/spark-co.com\/fr\/wp-json\/wp\/v2\/product_brand?post=36129"},{"taxonomy":"product_cat","embeddable":true,"href":"https:\/\/spark-co.com\/fr\/wp-json\/wp\/v2\/product_cat?post=36129"},{"taxonomy":"product_tag","embeddable":true,"href":"https:\/\/spark-co.com\/fr\/wp-json\/wp\/v2\/product_tag?post=36129"}],"curies":[{"name":"wp","href":"https:\/\/api.w.org\/{rel}","templated":true}]}}