{"id":36112,"date":"2025-11-21T13:14:44","date_gmt":"2025-11-21T18:14:44","guid":{"rendered":"https:\/\/spark-co.com\/?post_type=product&#038;p=36112"},"modified":"2025-11-24T09:56:33","modified_gmt":"2025-11-24T14:56:33","slug":"sintrax-510-pcc","status":"publish","type":"product","link":"https:\/\/spark-co.com\/fr\/produit\/sintrax-510-pcc\/","title":{"rendered":"SINTRAX 510-PCC"},"content":{"rendered":"<p><span style=\"font-weight: 400;\">La <\/span><b>SINTRAX 510-PCC<\/b><span style=\"font-weight: 400;\"> est une machine de d\u00e9coupe laser con\u00e7ue pour la production en continu avec un haut niveau d\u2019automatisation.\u00a0<\/span><\/p>\n","protected":false},"excerpt":{"rendered":"<p><span style=\"font-weight: 400;\">La <\/span><b>SINTRAX 510-PCC<\/b><span style=\"font-weight: 400;\"> est une machine de d\u00e9coupe laser con\u00e7ue pour la production en continu avec un haut niveau d\u2019automatisation. Son syst\u00e8me par bobine automatise l\u2019alimentation, le redressage, la d\u00e9coupe et l\u2019\u00e9vacuation des pi\u00e8ces (en option). Le convoyage synchronis\u00e9 garantit un flux constant et des encha\u00eenements de coupe sans rupture. La porte lat\u00e9rale facilite l\u2019acc\u00e8s \u00e0 la zone de travail et acc\u00e9l\u00e8re la maintenance. Cette architecture maximise l\u2019efficacit\u00e9, r\u00e9duit la d\u00e9pendance manuelle et assure une qualit\u00e9 de coupe constante en environnement industriel exigeant.<\/span><\/p>\n","protected":false},"featured_media":36120,"template":"","meta":{"_acf_changed":false},"product_brand":[],"product_cat":[1006,1009],"product_tag":[],"class_list":{"0":"post-36112","1":"product","2":"type-product","3":"status-publish","4":"has-post-thumbnail","6":"product_cat-decoupage-laser","7":"product_cat-decoupage-laser-2d","9":"first","10":"instock","11":"taxable","12":"shipping-taxable","13":"purchasable","14":"product-type-simple"},"acf":[],"_links":{"self":[{"href":"https:\/\/spark-co.com\/fr\/wp-json\/wp\/v2\/product\/36112","targetHints":{"allow":["GET"]}}],"collection":[{"href":"https:\/\/spark-co.com\/fr\/wp-json\/wp\/v2\/product"}],"about":[{"href":"https:\/\/spark-co.com\/fr\/wp-json\/wp\/v2\/types\/product"}],"wp:featuredmedia":[{"embeddable":true,"href":"https:\/\/spark-co.com\/fr\/wp-json\/wp\/v2\/media\/36120"}],"wp:attachment":[{"href":"https:\/\/spark-co.com\/fr\/wp-json\/wp\/v2\/media?parent=36112"}],"wp:term":[{"taxonomy":"product_brand","embeddable":true,"href":"https:\/\/spark-co.com\/fr\/wp-json\/wp\/v2\/product_brand?post=36112"},{"taxonomy":"product_cat","embeddable":true,"href":"https:\/\/spark-co.com\/fr\/wp-json\/wp\/v2\/product_cat?post=36112"},{"taxonomy":"product_tag","embeddable":true,"href":"https:\/\/spark-co.com\/fr\/wp-json\/wp\/v2\/product_tag?post=36112"}],"curies":[{"name":"wp","href":"https:\/\/api.w.org\/{rel}","templated":true}]}}