{"id":36067,"date":"2025-09-22T15:33:25","date_gmt":"2025-09-22T19:33:25","guid":{"rendered":"https:\/\/spark-co.com\/product\/sintrax-wet-dust-extractor\/"},"modified":"2025-09-22T15:38:39","modified_gmt":"2025-09-22T19:38:39","slug":"sintrax-extracteur-de-poussieres-humide","status":"publish","type":"product","link":"https:\/\/spark-co.com\/fr\/produit\/sintrax-extracteur-de-poussieres-humide\/","title":{"rendered":"SINTRAX Extracteur de poussi\u00e8res humide"},"content":{"rendered":"","protected":false},"excerpt":{"rendered":"<p><span style=\"font-weight: 400;\">En plus de nos collecteurs de poussi\u00e8res secs, nous offrons un extracteur de poussi\u00e8res humide, une solution s\u00fbre et efficace pour capter les particules fines et combustibles par filtration \u00e0 l\u2019eau. Cette technologie assure une haute efficacit\u00e9, r\u00e9duit les risques d\u2019incendie ou d\u2019explosion, limite l\u2019\u00e9lectricit\u00e9 statique et fonctionne silencieusement gr\u00e2ce \u00e0 l\u2019eau qui filtre et att\u00e9nue le bruit. Les poussi\u00e8res pi\u00e9g\u00e9es dans l\u2019eau sont faciles \u00e0 \u00e9liminer, sans remplacement fr\u00e9quent de filtres co\u00fbteux.<\/span><\/p>\n","protected":false},"featured_media":35881,"template":"","meta":{"_acf_changed":false},"product_brand":[],"product_cat":[1114],"product_tag":[],"class_list":{"0":"post-36067","1":"product","2":"type-product","3":"status-publish","4":"has-post-thumbnail","6":"product_cat-collecteur-poussieres","8":"first","9":"instock","10":"taxable","11":"shipping-taxable","12":"purchasable","13":"product-type-simple"},"acf":[],"_links":{"self":[{"href":"https:\/\/spark-co.com\/fr\/wp-json\/wp\/v2\/product\/36067","targetHints":{"allow":["GET"]}}],"collection":[{"href":"https:\/\/spark-co.com\/fr\/wp-json\/wp\/v2\/product"}],"about":[{"href":"https:\/\/spark-co.com\/fr\/wp-json\/wp\/v2\/types\/product"}],"wp:featuredmedia":[{"embeddable":true,"href":"https:\/\/spark-co.com\/fr\/wp-json\/wp\/v2\/media\/35881"}],"wp:attachment":[{"href":"https:\/\/spark-co.com\/fr\/wp-json\/wp\/v2\/media?parent=36067"}],"wp:term":[{"taxonomy":"product_brand","embeddable":true,"href":"https:\/\/spark-co.com\/fr\/wp-json\/wp\/v2\/product_brand?post=36067"},{"taxonomy":"product_cat","embeddable":true,"href":"https:\/\/spark-co.com\/fr\/wp-json\/wp\/v2\/product_cat?post=36067"},{"taxonomy":"product_tag","embeddable":true,"href":"https:\/\/spark-co.com\/fr\/wp-json\/wp\/v2\/product_tag?post=36067"}],"curies":[{"name":"wp","href":"https:\/\/api.w.org\/{rel}","templated":true}]}}