{"id":36063,"date":"2025-09-19T13:42:37","date_gmt":"2025-09-19T17:42:37","guid":{"rendered":"https:\/\/spark-co.com\/product\/sintrax-dx-series\/"},"modified":"2025-09-23T07:59:13","modified_gmt":"2025-09-23T11:59:13","slug":"serie-sintrax-dx","status":"publish","type":"product","link":"https:\/\/spark-co.com\/fr\/produit\/serie-sintrax-dx\/","title":{"rendered":"S\u00e9rie SINTRAX DX"},"content":{"rendered":"<p><span style=\"font-weight: 400;\">La s\u00e9curit\u00e9 des op\u00e9rateurs et des \u00e9quipements est une priorit\u00e9. C\u2019est pourquoi chaque mod\u00e8le SINTRAX DX est \u00e9quip\u00e9 d\u2019un syst\u00e8me anti-explosion avanc\u00e9, id\u00e9al pour les environnements \u00e0 risque comme la d\u00e9coupe d\u2019aluminium.<\/span><\/p>\n<p><b>Plaque de d\u00e9compression :<\/b><span style=\"font-weight: 400;\"> En cas de surpression, la membrane de s\u00e9curit\u00e9 se rompt pour lib\u00e9rer instantan\u00e9ment l&rsquo;exc\u00e8s de pression et pr\u00e9venir l&rsquo;explosion.<br \/>\n<\/span><b>Ventilateur antid\u00e9flagrant 5.5 kW :<\/b><span style=\"font-weight: 400;\"> Con\u00e7u pour r\u00e9pondre aux normes de s\u00e9curit\u00e9 dans les zones dangereuses.<br \/>\n<\/span><b>Bo\u00eetier \u00e9lectrique antid\u00e9flagrant :<\/b><span style=\"font-weight: 400;\"> Protection renforc\u00e9e pour tous le syst\u00e8me de commande.<br \/>\n<\/span><b>Cartouche \u00e0 filtre antistatique :<\/b><span style=\"font-weight: 400;\"> Emp\u00eache l&rsquo;accumulation de charges \u00e9lectrostatiques.<br \/>\n<\/span><b>Pare-\u00e9tincelles (spark trap) :<\/b><span style=\"font-weight: 400;\"> Intercepte les \u00e9tincelles avant qu&rsquo;elles n&rsquo;atteignent la chambre de filtration.<\/span><\/p>\n<p><span style=\"font-weight: 400;\">Ce syst\u00e8me offre une protection thermique et m\u00e9canique fiable tout en maintenant les hautes performances de filtration du SINTRAX et un usage s\u00e9curitaire pour la d\u00e9coupe d\u2019aluminium.<\/span><\/p>\n","protected":false},"excerpt":{"rendered":"<p><span style=\"font-weight: 400;\">La d\u00e9coupe laser et le soudage produisent des poussi\u00e8res m\u00e9talliques extr\u00eamement fines, invisibles \u00e0 l\u2019\u0153il nu, mais redoutables pour vos \u00e9quipements et la sant\u00e9 de vos op\u00e9rateurs. Ces particules (&lt; 0,38 \u00b5m) s\u2019infiltrent partout, encrassent les composants \u00e9lectroniques et polluent l\u2019environnement de travail. <\/span><span style=\"font-weight: 400;\">La s\u00e9rie <\/span><b>SINTRAX DX (mod\u00e8les 4-DX \u00e0 8-DX)<\/b><span style=\"font-weight: 400;\"> int\u00e8gre un syst\u00e8me de filtration de pointe con\u00e7u pour \u00e9liminer efficacement ces micro-particules \u00e0 la source. Gr\u00e2ce \u00e0 ses cartouches filtrantes haute efficacit\u00e9 TORAY (99,999 % de r\u00e9tention), sa conception robuste et son entretien simplifi\u00e9, elle assure un air purifi\u00e9, des machines prot\u00e9g\u00e9es et un milieu de travail sain et conforme aux normes les plus strictes.<\/span><\/p>\n","protected":false},"featured_media":35953,"template":"","meta":{"_acf_changed":false},"product_brand":[],"product_cat":[1114],"product_tag":[],"class_list":{"0":"post-36063","1":"product","2":"type-product","3":"status-publish","4":"has-post-thumbnail","6":"product_cat-collecteur-poussieres","7":"pa_machines-model-4-dx-fr","8":"pa_machines-model-6-dx-fr","9":"pa_machines-model-8-dx-fr","11":"first","12":"instock","13":"taxable","14":"shipping-taxable","15":"purchasable","16":"product-type-variable"},"acf":[],"_links":{"self":[{"href":"https:\/\/spark-co.com\/fr\/wp-json\/wp\/v2\/product\/36063","targetHints":{"allow":["GET"]}}],"collection":[{"href":"https:\/\/spark-co.com\/fr\/wp-json\/wp\/v2\/product"}],"about":[{"href":"https:\/\/spark-co.com\/fr\/wp-json\/wp\/v2\/types\/product"}],"wp:featuredmedia":[{"embeddable":true,"href":"https:\/\/spark-co.com\/fr\/wp-json\/wp\/v2\/media\/35953"}],"wp:attachment":[{"href":"https:\/\/spark-co.com\/fr\/wp-json\/wp\/v2\/media?parent=36063"}],"wp:term":[{"taxonomy":"product_brand","embeddable":true,"href":"https:\/\/spark-co.com\/fr\/wp-json\/wp\/v2\/product_brand?post=36063"},{"taxonomy":"product_cat","embeddable":true,"href":"https:\/\/spark-co.com\/fr\/wp-json\/wp\/v2\/product_cat?post=36063"},{"taxonomy":"product_tag","embeddable":true,"href":"https:\/\/spark-co.com\/fr\/wp-json\/wp\/v2\/product_tag?post=36063"}],"curies":[{"name":"wp","href":"https:\/\/api.w.org\/{rel}","templated":true}]}}