{"id":36045,"date":"2025-09-22T12:22:13","date_gmt":"2025-09-22T16:22:13","guid":{"rendered":"https:\/\/spark-co.com\/product\/sintrax-sc-series-air-compressors\/"},"modified":"2025-09-22T15:26:12","modified_gmt":"2025-09-22T19:26:12","slug":"serie-sintrax-sc","status":"publish","type":"product","link":"https:\/\/spark-co.com\/fr\/produit\/serie-sintrax-sc\/","title":{"rendered":"S\u00e9rie SINTRAX SC"},"content":{"rendered":"<p><span style=\"font-weight: 400;\">La s\u00e9rie SC offre des avantages clairs :<\/span><\/p>\n<ul>\n<li><span style=\"font-weight: 400;\">D\u00e9coupes plus propres avec une qualit\u00e9 de bord plus uniforme<\/span><\/li>\n<li><span style=\"font-weight: 400;\">Plus de temps de fonctionnement gr\u00e2ce \u00e0 une op\u00e9ration stable<\/span><\/li>\n<li><span style=\"font-weight: 400;\">Air plus propre, emp\u00eachant l\u2019oxydation des pi\u00e8ces sensibles<\/span><\/li>\n<li><span style=\"font-weight: 400;\">\u00c9conomies d\u2019\u00e9nergie de 10 \u00e0 30 %<\/span><\/li>\n<li><span style=\"font-weight: 400;\">R\u00e9duction des co\u00fbts d\u2019exploitation \u00e0 long terme<\/span><\/li>\n<\/ul>\n<p><span style=\"font-weight: 400;\">Con\u00e7ue pour une utilisation industrielle exigeante, la s\u00e9rie SC repr\u00e9sente un investissement intelligent en termes de performance, fiabilit\u00e9 et efficacit\u00e9.<\/span><\/p>\n","protected":false},"excerpt":{"rendered":"<p><span style=\"font-weight: 400;\">Une alimentation en air stable et de haute qualit\u00e9 est essentielle pour une d\u00e9coupe laser pr\u00e9cise et la long\u00e9vit\u00e9 des \u00e9quipements. <\/span><b>Les compresseurs d\u2019air de la s\u00e9rie SINTRAX SC<\/b><span style=\"font-weight: 400;\"> fournissent un air comprim\u00e9 propre et constant, parfaitement adapt\u00e9 aux syst\u00e8mes laser et \u00e9quipements auxiliaires. Compar\u00e9 aux mod\u00e8les traditionnels \u00e0 2 \u00e9tages, le design avanc\u00e9 \u00e0 4 \u00e9tages avec VFD garantit un meilleur contr\u00f4le de la pression, une meilleure efficacit\u00e9 \u00e9nerg\u00e9tique et une qualit\u00e9 de coupe sup\u00e9rieure.<\/span><\/p>\n","protected":false},"featured_media":36030,"template":"","meta":{"_acf_changed":false},"product_brand":[],"product_cat":[1113],"product_tag":[],"class_list":{"0":"post-36045","1":"product","2":"type-product","3":"status-publish","4":"has-post-thumbnail","6":"product_cat-compresseur-dair","7":"pa_machines-model-sintrax-10sc-235vax-fr","8":"pa_machines-model-sintrax-15sc-235vax-fr","9":"pa_machines-model-sintrax-20sc-235vax-fr","10":"pa_machines-model-sintrax-30sc-235vax-fr","12":"first","13":"instock","14":"taxable","15":"shipping-taxable","16":"purchasable","17":"product-type-variable"},"acf":[],"_links":{"self":[{"href":"https:\/\/spark-co.com\/fr\/wp-json\/wp\/v2\/product\/36045","targetHints":{"allow":["GET"]}}],"collection":[{"href":"https:\/\/spark-co.com\/fr\/wp-json\/wp\/v2\/product"}],"about":[{"href":"https:\/\/spark-co.com\/fr\/wp-json\/wp\/v2\/types\/product"}],"wp:featuredmedia":[{"embeddable":true,"href":"https:\/\/spark-co.com\/fr\/wp-json\/wp\/v2\/media\/36030"}],"wp:attachment":[{"href":"https:\/\/spark-co.com\/fr\/wp-json\/wp\/v2\/media?parent=36045"}],"wp:term":[{"taxonomy":"product_brand","embeddable":true,"href":"https:\/\/spark-co.com\/fr\/wp-json\/wp\/v2\/product_brand?post=36045"},{"taxonomy":"product_cat","embeddable":true,"href":"https:\/\/spark-co.com\/fr\/wp-json\/wp\/v2\/product_cat?post=36045"},{"taxonomy":"product_tag","embeddable":true,"href":"https:\/\/spark-co.com\/fr\/wp-json\/wp\/v2\/product_tag?post=36045"}],"curies":[{"name":"wp","href":"https:\/\/api.w.org\/{rel}","templated":true}]}}