{"id":35951,"date":"2024-04-01T14:35:42","date_gmt":"2024-04-01T18:35:42","guid":{"rendered":"https:\/\/spark-co.com\/?post_type=product&#038;p=35951"},"modified":"2025-09-23T09:15:31","modified_gmt":"2025-09-23T13:15:31","slug":"sintrax-44-c","status":"publish","type":"product","link":"https:\/\/spark-co.com\/fr\/produit\/sintrax-44-c\/","title":{"rendered":"SINTRAX 44-C"},"content":{"rendered":"<p>La SINTRAX 44-C red\u00e9finit les standards de la d\u00e9coupe laser dans un format compact.<\/p>\n<p>Con\u00e7ue pour l&rsquo;usinage de pi\u00e8ces m\u00e9caniques de haute pr\u00e9cision et l&rsquo;industrie micro\u00e9lectronique, elle garantit une qualit\u00e9 de d\u00e9coupe irr\u00e9prochable, m\u00eame sur les mat\u00e9riaux les plus fins.<\/p>\n<p>Dot\u00e9e de composants fiables et d&rsquo;une m\u00e9canique pr\u00e9cise, elle offre des coupes nettes et r\u00e9guli\u00e8res tout en occupant un minimum d&rsquo;espace au sol. La SINTRAX 44-C est la solution id\u00e9ale pour les entreprises \u00e0 la recherche d&rsquo;une machine performante, durable et facile \u00e0 int\u00e9grer en production.<\/p>\n","protected":false},"excerpt":{"rendered":"<p>La SINTRAX 44-C red\u00e9finit les standards de la d\u00e9coupe laser dans un format compact. Con\u00e7ue pour l&rsquo;usinage de pi\u00e8ces m\u00e9caniques de haute pr\u00e9cision et l&rsquo;industrie micro\u00e9lectronique, elle garantit une qualit\u00e9 de d\u00e9coupe irr\u00e9prochable, m\u00eame sur les mat\u00e9riaux les plus fins.<\/p>\n<p>&nbsp;<\/p>\n","protected":false},"featured_media":35956,"template":"","meta":{"_acf_changed":false},"product_brand":[],"product_cat":[1006,1009],"product_tag":[],"class_list":{"0":"post-35951","1":"product","2":"type-product","3":"status-publish","4":"has-post-thumbnail","6":"product_cat-decoupage-laser","7":"product_cat-decoupage-laser-2d","9":"first","10":"instock","11":"taxable","12":"shipping-taxable","13":"purchasable","14":"product-type-simple"},"acf":[],"_links":{"self":[{"href":"https:\/\/spark-co.com\/fr\/wp-json\/wp\/v2\/product\/35951","targetHints":{"allow":["GET"]}}],"collection":[{"href":"https:\/\/spark-co.com\/fr\/wp-json\/wp\/v2\/product"}],"about":[{"href":"https:\/\/spark-co.com\/fr\/wp-json\/wp\/v2\/types\/product"}],"wp:featuredmedia":[{"embeddable":true,"href":"https:\/\/spark-co.com\/fr\/wp-json\/wp\/v2\/media\/35956"}],"wp:attachment":[{"href":"https:\/\/spark-co.com\/fr\/wp-json\/wp\/v2\/media?parent=35951"}],"wp:term":[{"taxonomy":"product_brand","embeddable":true,"href":"https:\/\/spark-co.com\/fr\/wp-json\/wp\/v2\/product_brand?post=35951"},{"taxonomy":"product_cat","embeddable":true,"href":"https:\/\/spark-co.com\/fr\/wp-json\/wp\/v2\/product_cat?post=35951"},{"taxonomy":"product_tag","embeddable":true,"href":"https:\/\/spark-co.com\/fr\/wp-json\/wp\/v2\/product_tag?post=35951"}],"curies":[{"name":"wp","href":"https:\/\/api.w.org\/{rel}","templated":true}]}}