{"id":35780,"date":"2024-04-01T14:31:12","date_gmt":"2024-04-01T18:31:12","guid":{"rendered":"https:\/\/spark-co.com\/?post_type=product&#038;p=35780"},"modified":"2025-11-24T09:56:57","modified_gmt":"2025-11-24T14:56:57","slug":"sintrax-510-pc","status":"publish","type":"product","link":"https:\/\/spark-co.com\/fr\/produit\/sintrax-510-pc\/","title":{"rendered":"SINTRAX 510-PC"},"content":{"rendered":"<p>Le changeur de palettes SINTRAX 510-PC offre une pr\u00e9cision haut de gamme et une fiabilit\u00e9 industrielle.<br \/>\nCon\u00e7u et fabriqu\u00e9 selon les normes \u00e9lectriques et de s\u00e9curit\u00e9 canadiennes, cet \u00e9quipement int\u00e8gre de puissants servomoteurs Yaskawa, une source laser IPG Photonics ou MAX Photonics, ainsi que des syst\u00e8mes de commande parmi les plus performants de l\u2019industrie.<\/p>\n<p>Soutenu par une garantie de 2 ans et l\u2019assistance technique \u00e0 vie de Spark &amp; Co., c\u2019est un investissement judicieux pour les fabricants souhaitant optimiser leur productivit\u00e9.<\/p>\n","protected":false},"excerpt":{"rendered":"<p>Le changeur de palettes SINTRAX 510-PC offre une pr\u00e9cision haut de gamme et une fiabilit\u00e9 industrielle. Con\u00e7u et fabriqu\u00e9 selon les normes \u00e9lectriques et de s\u00e9curit\u00e9 canadiennes, cet \u00e9quipement int\u00e8gre de puissants servomoteurs Yaskawa, une source laser IPG Photonics ou MAX Photonics, ainsi que des syst\u00e8mes de commande parmi les plus performants de l\u2019industrie.<\/p>\n","protected":false},"featured_media":35769,"template":"","meta":{"_acf_changed":false},"product_brand":[],"product_cat":[1006,1009],"product_tag":[],"class_list":{"0":"post-35780","1":"product","2":"type-product","3":"status-publish","4":"has-post-thumbnail","6":"product_cat-decoupage-laser","7":"product_cat-decoupage-laser-2d","9":"first","10":"instock","11":"taxable","12":"shipping-taxable","13":"purchasable","14":"product-type-simple"},"acf":[],"_links":{"self":[{"href":"https:\/\/spark-co.com\/fr\/wp-json\/wp\/v2\/product\/35780","targetHints":{"allow":["GET"]}}],"collection":[{"href":"https:\/\/spark-co.com\/fr\/wp-json\/wp\/v2\/product"}],"about":[{"href":"https:\/\/spark-co.com\/fr\/wp-json\/wp\/v2\/types\/product"}],"wp:featuredmedia":[{"embeddable":true,"href":"https:\/\/spark-co.com\/fr\/wp-json\/wp\/v2\/media\/35769"}],"wp:attachment":[{"href":"https:\/\/spark-co.com\/fr\/wp-json\/wp\/v2\/media?parent=35780"}],"wp:term":[{"taxonomy":"product_brand","embeddable":true,"href":"https:\/\/spark-co.com\/fr\/wp-json\/wp\/v2\/product_brand?post=35780"},{"taxonomy":"product_cat","embeddable":true,"href":"https:\/\/spark-co.com\/fr\/wp-json\/wp\/v2\/product_cat?post=35780"},{"taxonomy":"product_tag","embeddable":true,"href":"https:\/\/spark-co.com\/fr\/wp-json\/wp\/v2\/product_tag?post=35780"}],"curies":[{"name":"wp","href":"https:\/\/api.w.org\/{rel}","templated":true}]}}