{"id":35772,"date":"2024-04-01T13:41:25","date_gmt":"2024-04-01T17:41:25","guid":{"rendered":"https:\/\/spark-co.com\/?post_type=product&#038;p=35772"},"modified":"2025-09-15T13:47:26","modified_gmt":"2025-09-15T17:47:26","slug":"sintrax-510-c","status":"publish","type":"product","link":"https:\/\/spark-co.com\/fr\/produit\/sintrax-510-c\/","title":{"rendered":"SINTRAX 510-C"},"content":{"rendered":"<p>La SINTRAX 510-C red\u00e9finit la performance dans la d\u00e9coupe laser \u00e0 fibre compacte. Construite sur une structure robuste et conforme aux normes de s\u00e9curit\u00e9 canadiennes, elle offre des r\u00e9sultats rapides et pr\u00e9cis, aussi bien sur des mat\u00e9riaux fins que sur des mat\u00e9riaux \u00e9pais.<\/p>\n<p>Sa plateforme de d\u00e9coupe \u00e0 tiroir facilite le chargement des mat\u00e9riaux, tandis que sa conception enti\u00e8rement ferm\u00e9e garantit la s\u00e9curit\u00e9 de l\u2019op\u00e9rateur et un environnement de travail propre.<\/p>\n<p>Gr\u00e2ce \u00e0 un syst\u00e8me d\u2019extraction des fum\u00e9es segment\u00e9, le flux d\u2019air est optimis\u00e9 via une ventilation synchronis\u00e9e de type pouss\u00e9e\/aspiration, am\u00e9liorant la visibilit\u00e9 et la qualit\u00e9 de l\u2019air pendant le fonctionnement.<\/p>\n<p>Efficace, fiable et con\u00e7u pour une production continue, le SINTRAX 510-C \u00e9tablit une nouvelle norme dans sa cat\u00e9gorie.<\/p>\n<p>&nbsp;<\/p>\n","protected":false},"excerpt":{"rendered":"<p>La SINTRAX 510-C red\u00e9finit la performance dans la d\u00e9coupe laser \u00e0 fibre compacte. Construite sur une structure robuste et conforme aux normes de s\u00e9curit\u00e9 canadiennes, elle offre des r\u00e9sultats rapides et pr\u00e9cis, aussi bien sur des mat\u00e9riaux fins que sur des mat\u00e9riaux \u00e9pais.<\/p>\n<p>&nbsp;<\/p>\n","protected":false},"featured_media":35777,"template":"","meta":{"_acf_changed":false},"product_brand":[],"product_cat":[1006,1009],"product_tag":[],"class_list":{"0":"post-35772","1":"product","2":"type-product","3":"status-publish","4":"has-post-thumbnail","6":"product_cat-decoupage-laser","7":"product_cat-decoupage-laser-2d","9":"first","10":"instock","11":"taxable","12":"shipping-taxable","13":"purchasable","14":"product-type-simple"},"acf":[],"_links":{"self":[{"href":"https:\/\/spark-co.com\/fr\/wp-json\/wp\/v2\/product\/35772","targetHints":{"allow":["GET"]}}],"collection":[{"href":"https:\/\/spark-co.com\/fr\/wp-json\/wp\/v2\/product"}],"about":[{"href":"https:\/\/spark-co.com\/fr\/wp-json\/wp\/v2\/types\/product"}],"wp:featuredmedia":[{"embeddable":true,"href":"https:\/\/spark-co.com\/fr\/wp-json\/wp\/v2\/media\/35777"}],"wp:attachment":[{"href":"https:\/\/spark-co.com\/fr\/wp-json\/wp\/v2\/media?parent=35772"}],"wp:term":[{"taxonomy":"product_brand","embeddable":true,"href":"https:\/\/spark-co.com\/fr\/wp-json\/wp\/v2\/product_brand?post=35772"},{"taxonomy":"product_cat","embeddable":true,"href":"https:\/\/spark-co.com\/fr\/wp-json\/wp\/v2\/product_cat?post=35772"},{"taxonomy":"product_tag","embeddable":true,"href":"https:\/\/spark-co.com\/fr\/wp-json\/wp\/v2\/product_tag?post=35772"}],"curies":[{"name":"wp","href":"https:\/\/api.w.org\/{rel}","templated":true}]}}