{"id":35627,"date":"2025-03-26T13:41:08","date_gmt":"2025-03-26T17:41:08","guid":{"rendered":"https:\/\/spark-co.com\/product\/waterjet-cutting-machine-model-protomax\/"},"modified":"2025-04-02T07:58:38","modified_gmt":"2025-04-02T11:58:38","slug":"waterjet-cutting-machine-model-protomax","status":"publish","type":"product","link":"https:\/\/spark-co.com\/fr\/produit\/waterjet-cutting-machine-model-protomax\/","title":{"rendered":"MACHINE DE D\u00c9COUPE AU JET D&rsquo;EAU RECONDITIONN\u00c9E MOD\u00c8LE PROTOMAX"},"content":{"rendered":"<p class=\"\" data-start=\"40\" data-end=\"146\"><strong data-start=\"40\" data-end=\"120\">Machine de d\u00e9coupe \u00e0 jet d&rsquo;eau Protomax avec un d\u00e9placement de 2\u2019 x 2\u2019 pieds<\/strong> Remise \u00e0 neuf (S\/N : TBC)<\/p>\n<p class=\"\" data-start=\"148\" data-end=\"243\">Ann\u00e9e : 2021<br data-start=\"160\" data-end=\"163\" \/>Heures : 200 heures (Tr\u00e8s peu)<br data-start=\"193\" data-end=\"196\" \/>Pompe : 5 HP<br data-start=\"208\" data-end=\"211\" \/>Axes : 3 axes<br data-start=\"224\" data-end=\"227\" \/>PSI : 30 000 PSI<\/p>\n<p class=\"\" data-start=\"245\" data-end=\"272\">D\u00e9placement : 2\u2019 x 2\u2019 pieds<\/p>\n<p class=\"\" data-start=\"274\" data-end=\"417\">Prix&#8230;&#8230;&#8230;&#8230;&#8230;&#8230;&#8230;&#8230;&#8230;&#8230;&#8230;&#8230;&#8230;&#8230;&#8230;&#8230;&#8230;&#8230;&#8230;&#8230;&#8230;&#8230;&#8230;&#8230;&#8230;&#8230;&#8230;&#8230;&#8230;&#8230;&#8230;&#8230;&#8230;&#8230;&#8230;&#8230;&#8230;&#8230;&#8230;&#8230;..- 35 500,00 $ CAD<\/p>\n<p class=\"\" data-start=\"419\" data-end=\"451\">FOB : Spark &amp; Co, Boisbriand, QC<\/p>\n<p class=\"\" data-start=\"453\" data-end=\"499\"><em data-start=\"453\" data-end=\"499\"><strong data-start=\"454\" data-end=\"498\">Machine de d\u00e9coupe au jet d&rsquo;eau Protomax reconditionn\u00e9e \u00e0 vendre<\/strong><\/em><\/p>\n<p class=\"\" data-start=\"501\" data-end=\"955\">Le centre de d\u00e9coupe \u00e0 jet d&rsquo;eau Protomax d&rsquo;occasion est une machine haute performance capable de produire des pi\u00e8ces multi-axes pr\u00e9cises rapidement et de mani\u00e8re constante sur une large gamme de mat\u00e9riaux. Con\u00e7u pour g\u00e9rer des t\u00e2ches \u00e0 grande \u00e9chelle dans des environnements de fabrication exigeants, il usine facilement presque tous les mat\u00e9riaux et \u00e9paisseurs, y compris l&rsquo;acier, le titane, la fibre de carbone, les composites, le verre, et bien plus.<\/p>\n<p class=\"\" data-start=\"957\" data-end=\"1108\">Ce mod\u00e8le remis \u00e0 neuf optimise le rendement d&rsquo;usinage et est con\u00e7u pour offrir des performances fiables dans des applications complexes et intensives.<\/p>\n<p class=\"\" data-start=\"1110\" data-end=\"1150\">\u00c0 propos de nos machines reconditionn\u00e9es<\/p>\n<p class=\"\" data-start=\"1152\" data-end=\"1446\">Chez Spark &amp; Co, nous sommes fiers de proposer des machines reconditionn\u00e9es de haute qualit\u00e9 qui allient fiabilit\u00e9, performance et accessibilit\u00e9. Notre engagement envers la durabilit\u00e9 et la satisfaction client nous pousse \u00e0 restaurer minutieusement les \u00e9quipements d&rsquo;occasion en excellent \u00e9tat.<\/p>\n<p class=\"\" data-start=\"1448\" data-end=\"1854\">Chaque machine reconditionn\u00e9e subit une inspection rigoureuse et un processus de remise \u00e0 neuf r\u00e9alis\u00e9 par nos techniciens certifi\u00e9s. Du nettoyage \u00e0 la reconstruction des pompes, nous n&rsquo;\u00e9pargnons aucun effort pour revitaliser ces machines. Le r\u00e9sultat ? Des appareils haute performance qui ont l&rsquo;apparence et le fonctionnement d&rsquo;une machine neuve, pr\u00eats \u00e0 r\u00e9pondre aux exigences de la productivit\u00e9 moderne.<\/p>\n<p class=\"\" data-start=\"1856\" data-end=\"1903\">Pourquoi choisir nos machines reconditionn\u00e9es ?<\/p>\n<p class=\"\" data-start=\"1905\" data-end=\"2155\"><strong data-start=\"1905\" data-end=\"1921\">**\u00c9conomique\u00a0:**<\/strong> Profitez d&rsquo;\u00e9conomies substantielles sans compromis sur la qualit\u00e9. Nos machines reconditionn\u00e9es offrent une alternative \u00e9conomique \u00e0 l&rsquo;\u00e9quipement neuf, rendant la technologie avanc\u00e9e plus accessible aux entreprises de toutes tailles.<\/p>\n<p class=\"\" data-start=\"2157\" data-end=\"2402\"><strong data-start=\"2157\" data-end=\"2172\">**Fiabilit\u00e9\u00a0:**<\/strong> Notre processus de remise \u00e0 neuf inclut des tests complets pour garantir que chaque composant fonctionne parfaitement. Vous pouvez compter sur ces machines pour des performances optimales, r\u00e9pondant \u00e0 vos besoins sans h\u00e9sitation.<\/p>\n<p class=\"\" data-start=\"2404\" data-end=\"2638\"><strong data-start=\"2404\" data-end=\"2420\">**Durabilit\u00e9\u00a0:**<\/strong> En choisissant une machine reconditionn\u00e9e, vous contribuez \u00e0 un avenir plus durable en prolongeant la dur\u00e9e de vie de l&rsquo;\u00e9quipement et en r\u00e9duisant l&rsquo;impact environnemental li\u00e9 \u00e0 la fabrication de nouveaux \u00e9quipements.<\/p>\n<p class=\"\" data-start=\"2640\" data-end=\"2850\"><strong data-start=\"2640\" data-end=\"2654\">**Garantie :**<\/strong> Nous garantissons la qualit\u00e9 de nos machines reconditionn\u00e9es. Chaque produit est assorti d&rsquo;une garantie, vous offrant ainsi la tranquillit\u00e9 d&rsquo;esprit et une assurance quant \u00e0 votre investissement.<\/p>\n<p class=\"\" data-start=\"2852\" data-end=\"3089\">Nos machines reconditionn\u00e9es sont un choix intelligent et respectueux de l&rsquo;environnement. Mettez \u00e0 jour votre technologie sans vous ruiner \u2013 choisissez les machines reconditionn\u00e9es de Spark &amp; Co pour une qualit\u00e9 et une valeur in\u00e9gal\u00e9es !<\/p>\n<p><a href=\"https:\/\/spark-co.com\/wp-content\/uploads\/2025\/03\/ProtoMAX-Utilities-Document.pdf\">Exigeances<\/a><\/p>\n<p><a href=\"https:\/\/spark-co.com\/wp-content\/uploads\/2025\/03\/600167G-INT-ProtoMAX-Specifications-Flyer.pdf\">Sp\u00e9cifications<\/a><\/p>\n<p>&nbsp;<\/p>\n","protected":false},"excerpt":{"rendered":"<p>Protomax<\/p>\n","protected":false},"featured_media":35615,"template":"","meta":{"_acf_changed":false},"product_brand":[],"product_cat":[601,211,1019,1025],"product_tag":[1099],"class_list":{"0":"post-35627","1":"product","2":"type-product","3":"status-publish","4":"has-post-thumbnail","6":"product_cat-machines-usagees","7":"product_cat-jet-deau","8":"product_cat-decoupage-jet-deau-machines","9":"product_cat-protomax","10":"product_tag-show-price-fr","12":"first","13":"instock","14":"taxable","15":"shipping-taxable","16":"purchasable","17":"product-type-simple"},"acf":[],"_links":{"self":[{"href":"https:\/\/spark-co.com\/fr\/wp-json\/wp\/v2\/product\/35627","targetHints":{"allow":["GET"]}}],"collection":[{"href":"https:\/\/spark-co.com\/fr\/wp-json\/wp\/v2\/product"}],"about":[{"href":"https:\/\/spark-co.com\/fr\/wp-json\/wp\/v2\/types\/product"}],"wp:featuredmedia":[{"embeddable":true,"href":"https:\/\/spark-co.com\/fr\/wp-json\/wp\/v2\/media\/35615"}],"wp:attachment":[{"href":"https:\/\/spark-co.com\/fr\/wp-json\/wp\/v2\/media?parent=35627"}],"wp:term":[{"taxonomy":"product_brand","embeddable":true,"href":"https:\/\/spark-co.com\/fr\/wp-json\/wp\/v2\/product_brand?post=35627"},{"taxonomy":"product_cat","embeddable":true,"href":"https:\/\/spark-co.com\/fr\/wp-json\/wp\/v2\/product_cat?post=35627"},{"taxonomy":"product_tag","embeddable":true,"href":"https:\/\/spark-co.com\/fr\/wp-json\/wp\/v2\/product_tag?post=35627"}],"curies":[{"name":"wp","href":"https:\/\/api.w.org\/{rel}","templated":true}]}}