{"id":35312,"date":"2022-12-10T14:27:47","date_gmt":"2022-12-10T19:27:47","guid":{"rendered":"https:\/\/spark-co.com\/?post_type=product&#038;p=35312"},"modified":"2025-04-14T08:35:43","modified_gmt":"2025-04-14T12:35:43","slug":"ipg-lightweld-1000-w","status":"publish","type":"product","link":"https:\/\/spark-co.com\/fr\/produit\/ipg-lightweld-1000-w\/","title":{"rendered":"IPG LIGHTWELD 1000 W"},"content":{"rendered":"<p>Le LightWELD 1000 est adapt\u00e9 comme introduction au soudage laser manuel pour presque toutes les branches de l\u2019industrie, par exemple, les constructions en acier inoxydable, les composants en t\u00f4le mince, la construction de conteneurs et de r\u00e9servoirs, le traitement des composants de carrosserie automobile, les t\u00e2ches de r\u00e9paration de soudure.<\/p>\n<p>Le LightWELD 1000 peut \u00eatre utilis\u00e9 pour une grande vari\u00e9t\u00e9 de besoins avec un cycle de service de 100 % \u00e0 une puissance de sortie de 100 %.<\/p>\n<p>La simplicit\u00e9 d\u2019utilisation combin\u00e9e \u00e0 la haute qualit\u00e9 de soudage et \u00e0 une grande vitesse de travail fait du LightWELD 1000 la machine parfaite pour les t\u00e2ches de soudage de vos clients.<\/p>\n<p>Le design mobile et l\u00e9ger offre \u00e0 l\u2019utilisateur la flexibilit\u00e9 d\u2019utiliser l\u2019appareil o\u00f9 il en a besoin. Nous avons d\u00e9velopp\u00e9 un produit orient\u00e9 vers la qualit\u00e9, s\u00fbr et comp\u00e9titif pour l\u2019entr\u00e9e dans le soudage laser manuel, qui impressionne par sa technologie avanc\u00e9e et est con\u00e7u pour la durabilit\u00e9 et la fiabilit\u00e9.<\/p>\n<p>Coupl\u00e9 \u00e0 un syst\u00e8me cobot, vous aurez la possibilit\u00e9 de proposer une solution machine compl\u00e8te avec apport de fil \u00e0 vos clients et ceux-ci \u00e0 un prix tr\u00e8s avantageux.<\/p>\n<p>Caract\u00e9ristiques et avantages<\/p>\n<ul>\n<li>Le LightWELD 1000 est id\u00e9al pour le soudage de t\u00f4les minces, atteignant des profondeurs de soudage allant jusqu\u2019\u00e0 4 mm avec un cycle de service de 100 % \u00e0 pleine puissance.<\/li>\n<li>Soudage laser portatif : Jusqu\u2019\u00e0 4 fois plus rapide que le TIG.<\/li>\n<li>Technologie laser \u00e0 fibre : Unit\u00e9 compacte, \u00e9conome en \u00e9nergie et refroidie par air. Fiable, sans entretien et durable.<\/li>\n<li>Jusqu\u2019\u00e0 74 pr\u00e9r\u00e9glages de soudage int\u00e9gr\u00e9s : Produisez des soudures de haute qualit\u00e9 rapidement. Couvre une large gamme de mat\u00e9riaux.<\/li>\n<li>Laser monomode, haute densit\u00e9 de puissance : Utilisation efficace de la puissance. Finesse sur les mat\u00e9riaux fins. Faible distorsion\/d\u00e9formation.<\/li>\n<li>Cycle de service de 100 % \u00e0 pleine puissance continue : Maximisez la productivit\u00e9 dans l\u2019atelier. Parfait pour les cobots et autres automatisations. Augmente la dur\u00e9e de vie des composants<\/li>\n<li>Avantage de prix group\u00e9 avec le d\u00e9vidoir de fil IPG : D\u00e9vidoir de fil \u00e0 quatre roues de haute qualit\u00e9. Con\u00e7u pour s\u2019adapter et fonctionner ensemble. Id\u00e9al pour les fils en acier et en aluminium.<\/li>\n<\/ul>\n<p>Diff\u00e9renciation de la famille de produits LightWELD :<\/p>\n<ul>\n<li>LightWELD 1000 : mod\u00e8le d\u2019entr\u00e9e, profondeur de soudure de 4 mm<\/li>\n<li>LightWELD 1500 : plus de puissance et options de 10 m, profondeur de soudure de 5 mm<\/li>\n<li>LightWELD 1500 XC : ajoute l\u2019option d\u00e9capage<\/li>\n<li>LightWELD 1500 XR : ajoute plus de profondeur de p\u00e9n\u00e9tration et prend en charge la s\u00e9rie Aluminium 6000, le Titane et les mat\u00e9riaux r\u00e9fl\u00e9chissants<\/li>\n<\/ul>\n","protected":false},"excerpt":{"rendered":"<p>Le LightWELD 1000 est adapt\u00e9 comme introduction au soudage laser manuel pour presque toutes les branches de l\u2019industrie, par exemple, les constructions en acier inoxydable, les composants en t\u00f4le mince, la construction de conteneurs et de r\u00e9servoirs, le traitement des composants de carrosserie automobile, les t\u00e2ches de r\u00e9paration de soudure.<\/p>\n<p><strong>\u00a0Note : les prix en CAD sont sujets \u00e0 changement avec la variation des taux de change. Prix USD : $18,000.00.<\/strong><\/p>\n","protected":false},"featured_media":35597,"template":"","meta":{"_acf_changed":false},"product_brand":[],"product_cat":[603,194,196],"product_tag":[1099],"class_list":{"0":"post-35312","1":"product","2":"type-product","3":"status-publish","4":"has-post-thumbnail","6":"product_cat-soudeuses-laser-lightweld","7":"product_cat-soudage-au-laser","8":"product_cat-soudage-laser-machines","9":"product_tag-show-price-fr","11":"first","12":"instock","13":"taxable","14":"shipping-taxable","15":"purchasable","16":"product-type-simple"},"acf":[],"_links":{"self":[{"href":"https:\/\/spark-co.com\/fr\/wp-json\/wp\/v2\/product\/35312","targetHints":{"allow":["GET"]}}],"collection":[{"href":"https:\/\/spark-co.com\/fr\/wp-json\/wp\/v2\/product"}],"about":[{"href":"https:\/\/spark-co.com\/fr\/wp-json\/wp\/v2\/types\/product"}],"wp:featuredmedia":[{"embeddable":true,"href":"https:\/\/spark-co.com\/fr\/wp-json\/wp\/v2\/media\/35597"}],"wp:attachment":[{"href":"https:\/\/spark-co.com\/fr\/wp-json\/wp\/v2\/media?parent=35312"}],"wp:term":[{"taxonomy":"product_brand","embeddable":true,"href":"https:\/\/spark-co.com\/fr\/wp-json\/wp\/v2\/product_brand?post=35312"},{"taxonomy":"product_cat","embeddable":true,"href":"https:\/\/spark-co.com\/fr\/wp-json\/wp\/v2\/product_cat?post=35312"},{"taxonomy":"product_tag","embeddable":true,"href":"https:\/\/spark-co.com\/fr\/wp-json\/wp\/v2\/product_tag?post=35312"}],"curies":[{"name":"wp","href":"https:\/\/api.w.org\/{rel}","templated":true}]}}