{"id":35076,"date":"2024-07-26T18:25:03","date_gmt":"2024-07-26T22:25:03","guid":{"rendered":"https:\/\/spark-co.com\/?post_type=product&#038;p=35076"},"modified":"2025-10-29T09:15:36","modified_gmt":"2025-10-29T13:15:36","slug":"machine-de-decoupe-au-jet-deau-reconditionnee-maxiem-1515","status":"publish","type":"product","link":"https:\/\/spark-co.com\/fr\/produit\/machine-de-decoupe-au-jet-deau-reconditionnee-maxiem-1515\/","title":{"rendered":"MACHINE DE D\u00c9COUPE AU JET D&rsquo;EAU RECONDITIONN\u00c9E &#8211; MAXIEM 1515"},"content":{"rendered":"<p>MACHINE DE D\u00c9COUPE AU JET D&rsquo;EAU D&rsquo;OCCASION MAXIEM 1515<\/p>\n<p>Machine de d\u00e9coupe au jet d&rsquo;eau Maxiem 1515 Gen 1 d&rsquo;occasion<br \/>\nRemise \u00e0 neuf (S\/N : xxxxxxxxx )<\/p>\n<p>Ann\u00e9e : 2014<br \/>\nHeures : 140 Heures Seulement !!!<br \/>\nPompe : 30 HP<br \/>\nAxes : 3 Axes<br \/>\nPSI : 50,000- &#8230;&#8230;&#8230;&#8230;&#8230;&#8230;&#8230;&#8230;&#8230;&#8230;&#8230;.Prix $89,000.00 CAD<\/p>\n<p>Un (1) en stock &#8211; FOB : Spark &amp; Co, Boisbriand, QC<\/p>\n<p>La machine de d\u00e9coupe au jet d&rsquo;eau d&rsquo;occasion Omax Maxiem 1515 Gen 2 JetMachining Center produit des pi\u00e8ces pr\u00e9cises et multi-axes rapidement et r\u00e9guli\u00e8rement dans presque tous les mat\u00e9riaux, maximisant ainsi le d\u00e9bit d&rsquo;usinage. Construit pour g\u00e9rer les gros travaux dans un environnement de fabrication exigeant, il peut facilement usiner presque tous les mat\u00e9riaux et \u00e9paisseurs, de l&rsquo;acier et du titane \u00e0 la fibre de carbone, aux composites, au verre, et plus encore.<\/p>\n<p><strong>\u00c0 propos de nos machines reconditionn\u00e9es<\/strong><\/p>\n<p>Chez Spark &amp; Co, nous sommes fiers de proposer des machines reconditionn\u00e9es de haute qualit\u00e9 qui allient fiabilit\u00e9, performance et accessibilit\u00e9. Notre engagement envers la durabilit\u00e9 et la satisfaction du client nous pousse \u00e0 restaurer m\u00e9ticuleusement les \u00e9quipements d&rsquo;occasion pour les ramener \u00e0 un \u00e9tat impeccable.<\/p>\n<p>Chaque machine reconditionn\u00e9e subit un processus d&rsquo;inspection et de reconditionnement rigoureux effectu\u00e9 par nos techniciens certifi\u00e9s. Du nettoyage \u00e0 la reconstruction des pompes, nous ne laissons rien au hasard pour revitaliser ces machines. Le r\u00e9sultat ? Des appareils haute performance qui ont l&rsquo;apparence et le fonctionnement du neuf, pr\u00eats \u00e0 r\u00e9pondre aux exigences de la productivit\u00e9 moderne.<\/p>\n<p>Pourquoi choisir nos machines reconditionn\u00e9es ?<\/p>\n<p><strong>\u00c9conomique :<\/strong>\u00a0Profitez d&rsquo;\u00e9conomies substantielles sans compromettre la qualit\u00e9. Nos machines reconditionn\u00e9es offrent une alternative \u00e9conomique aux \u00e9quipements neufs, rendant la technologie avanc\u00e9e plus accessible aux entreprises de toutes tailles.<\/p>\n<p><strong>Fiabilit\u00e9 :<\/strong>\u00a0Notre processus de reconditionnement comprend des tests complets pour garantir que chaque composant fonctionne parfaitement. Vous pouvez compter sur ces machines pour fonctionner \u00e0 leur meilleur niveau, r\u00e9pondant sans h\u00e9sitation aux besoins de votre entreprise.<\/p>\n<p><strong>Durabilit\u00e9 :<\/strong>\u00a0En choisissant une machine reconditionn\u00e9e, vous contribuez \u00e0 un avenir plus durable en prolongeant la dur\u00e9e de vie de l&rsquo;\u00e9quipement et en r\u00e9duisant l&rsquo;impact environnemental associ\u00e9 \u00e0 la fabrication de nouveaux \u00e9quipements.<\/p>\n<p><strong>Garantie :<\/strong> Nous garantissons la qualit\u00e9 de nos machines reconditionn\u00e9es. Chaque produit est accompagn\u00e9 d&rsquo;une garantie, vous offrant tranquillit\u00e9 d&rsquo;esprit et assurance dans votre investissement.<\/p>\n<p>Nos machines reconditionn\u00e9es repr\u00e9sentent un choix intelligent et respectueux de l&rsquo;environnement. Mettez \u00e0 jour votre technologie sans vous ruiner \u2013 choisissez les machines reconditionn\u00e9es de Spark &amp; Co pour une qualit\u00e9 et une valeur in\u00e9gal\u00e9es !<\/p>\n","protected":false},"excerpt":{"rendered":"<p>Machine de d\u00e9coupe au jet d&rsquo;eau usag\u00e9e<\/p>\n","protected":false},"featured_media":35073,"template":"","meta":{"_acf_changed":false},"product_brand":[],"product_cat":[211,1019,601],"product_tag":[1099],"class_list":{"0":"post-35076","1":"product","2":"type-product","3":"status-publish","4":"has-post-thumbnail","6":"product_cat-jet-deau","7":"product_cat-decoupage-jet-deau-machines","8":"product_cat-machines-usagees","9":"product_tag-show-price-fr","11":"first","12":"instock","13":"taxable","14":"shipping-taxable","15":"purchasable","16":"product-type-simple"},"acf":[],"_links":{"self":[{"href":"https:\/\/spark-co.com\/fr\/wp-json\/wp\/v2\/product\/35076","targetHints":{"allow":["GET"]}}],"collection":[{"href":"https:\/\/spark-co.com\/fr\/wp-json\/wp\/v2\/product"}],"about":[{"href":"https:\/\/spark-co.com\/fr\/wp-json\/wp\/v2\/types\/product"}],"wp:featuredmedia":[{"embeddable":true,"href":"https:\/\/spark-co.com\/fr\/wp-json\/wp\/v2\/media\/35073"}],"wp:attachment":[{"href":"https:\/\/spark-co.com\/fr\/wp-json\/wp\/v2\/media?parent=35076"}],"wp:term":[{"taxonomy":"product_brand","embeddable":true,"href":"https:\/\/spark-co.com\/fr\/wp-json\/wp\/v2\/product_brand?post=35076"},{"taxonomy":"product_cat","embeddable":true,"href":"https:\/\/spark-co.com\/fr\/wp-json\/wp\/v2\/product_cat?post=35076"},{"taxonomy":"product_tag","embeddable":true,"href":"https:\/\/spark-co.com\/fr\/wp-json\/wp\/v2\/product_tag?post=35076"}],"curies":[{"name":"wp","href":"https:\/\/api.w.org\/{rel}","templated":true}]}}