{"id":31803,"date":"2024-04-05T09:58:04","date_gmt":"2024-04-05T13:58:04","guid":{"rendered":"https:\/\/spark-co.com\/?post_type=product&#038;p=31803"},"modified":"2024-04-11T11:04:21","modified_gmt":"2024-04-11T15:04:21","slug":"matrix-grs","status":"publish","type":"product","link":"https:\/\/spark-co.com\/fr\/produit\/matrix-grs\/","title":{"rendered":"MATRIX GRS"},"content":{"rendered":"<p>Gagnez du temps et de l&rsquo;argent gr\u00e2ce au syst\u00e8me d&rsquo;\u00e9limination du grenat jet d&rsquo;eau Matrix\u00ae GRS, une solution d&rsquo;\u00e9limination des abrasifs facile et rentable. Dot\u00e9 d&rsquo;un r\u00e9servoir en acier inoxydable de 1 524 mm x 1117,6 mm (60&Prime; x\u00a0 44&Prime;), le syst\u00e8me d&rsquo;\u00e9limination du grenat jet d&rsquo;eau Matrix GRS \u00e9limine en continu l&rsquo;abrasif usag\u00e9 qui s&rsquo;accumule dans le r\u00e9servoir de captage, ce qui r\u00e9duit consid\u00e9rablement la quantit\u00e9 de pelletage et le temps d&rsquo;arr\u00eat n\u00e9cessaire pour le vider<\/p>\n<p>Spark &amp; Co. est distributeur des syst\u00e8mes de d\u00e9coupe au jet d\u2019eau OMAX (s\u00e9ries\u00a0<a href=\"https:\/\/spark-co.com\/fr\/machines-accessoires\/jet-deau\/decoupage-jet-deau-machines\/protomax\/\">PROTOMAX\u00ae,<\/a>\u00a0<a href=\"https:\/\/spark-co.com\/fr\/machines-accessoires\/jet-deau\/decoupage-jet-deau-machines\/globalmax\/\">GLOBALMAX\u00ae,<\/a>\u00a0<a href=\"https:\/\/spark-co.com\/fr\/machines-accessoires\/jet-deau\/decoupage-jet-deau-machines\/maxiem\/\">MAXIEM\u00ae<\/a>\u00a0et\u00a0<a href=\"https:\/\/spark-co.com\/fr\/machines-accessoires\/jet-deau\/decoupage-jet-deau-machines\/serie-omax\/\">OMAX S\u00e9rie\u00ae)<\/a>\u00a0depuis plus de dix ans. Personne n\u2019est mieux \u00e9quip\u00e9 pour r\u00e9pondre \u00e0 vos besoins en mati\u00e8re de jet d\u2019eau, de Laser (\u00a0<a href=\"https:\/\/spark-co.com\/fr\/machines-accessoires\/decoupage-laser\/decoupage-laser-2d\/\">laser 2D<\/a>,\u00a0<a href=\"https:\/\/spark-co.com\/fr\/machines-accessoires\/decoupage-laser\/decoupe-de-tubes-au-laser\/\">Tube au Laser<\/a>),\u00a0de\u00a0<a href=\"https:\/\/spark-co.com\/fr\/machines-accessoires\/polissage-et-finition\/\">polissage et de finition<\/a>.<\/p>\n","protected":false},"excerpt":{"rendered":"<p>Gagnez du temps et de l&rsquo;argent gr\u00e2ce au syst\u00e8me d&rsquo;\u00e9limination du grenat jet d&rsquo;eau Matrix\u00ae GRS, une solution d&rsquo;\u00e9limination des abrasifs facile et rentable. Dot\u00e9 d&rsquo;un r\u00e9servoir en acier inoxydable de 1 524 mm x 1117,6 mm (60&Prime; x\u00a0 44&Prime;), le syst\u00e8me d&rsquo;\u00e9limination du grenat jet d&rsquo;eau Matrix GRS \u00e9limine en continu l&rsquo;abrasif usag\u00e9 qui s&rsquo;accumule dans le r\u00e9servoir de captage, ce qui r\u00e9duit consid\u00e9rablement la quantit\u00e9 de pelletage et le temps d&rsquo;arr\u00eat n\u00e9cessaire pour le vider<\/p>\n","protected":false},"featured_media":873,"template":"","meta":{"_acf_changed":false},"product_brand":[],"product_cat":[211,1019,1024],"product_tag":[],"class_list":{"0":"post-31803","1":"product","2":"type-product","3":"status-publish","4":"has-post-thumbnail","6":"product_cat-jet-deau","7":"product_cat-decoupage-jet-deau-machines","8":"product_cat-accessoires","10":"first","11":"instock","12":"taxable","13":"shipping-taxable","14":"purchasable","15":"product-type-simple"},"acf":[],"_links":{"self":[{"href":"https:\/\/spark-co.com\/fr\/wp-json\/wp\/v2\/product\/31803","targetHints":{"allow":["GET"]}}],"collection":[{"href":"https:\/\/spark-co.com\/fr\/wp-json\/wp\/v2\/product"}],"about":[{"href":"https:\/\/spark-co.com\/fr\/wp-json\/wp\/v2\/types\/product"}],"wp:featuredmedia":[{"embeddable":true,"href":"https:\/\/spark-co.com\/fr\/wp-json\/wp\/v2\/media\/873"}],"wp:attachment":[{"href":"https:\/\/spark-co.com\/fr\/wp-json\/wp\/v2\/media?parent=31803"}],"wp:term":[{"taxonomy":"product_brand","embeddable":true,"href":"https:\/\/spark-co.com\/fr\/wp-json\/wp\/v2\/product_brand?post=31803"},{"taxonomy":"product_cat","embeddable":true,"href":"https:\/\/spark-co.com\/fr\/wp-json\/wp\/v2\/product_cat?post=31803"},{"taxonomy":"product_tag","embeddable":true,"href":"https:\/\/spark-co.com\/fr\/wp-json\/wp\/v2\/product_tag?post=31803"}],"curies":[{"name":"wp","href":"https:\/\/api.w.org\/{rel}","templated":true}]}}