{"id":31798,"date":"2024-04-05T09:51:20","date_gmt":"2024-04-05T13:51:20","guid":{"rendered":"https:\/\/spark-co.com\/product\/matrix-bulk-rack-delivery-system\/"},"modified":"2024-04-10T13:57:22","modified_gmt":"2024-04-10T17:57:22","slug":"matrix-bulk-rack-delivery-system","status":"publish","type":"product","link":"https:\/\/spark-co.com\/fr\/produit\/matrix-bulk-rack-delivery-system\/","title":{"rendered":"MATRIX BULK RACK DELIVERY SYSTEM"},"content":{"rendered":"<p>Le tr\u00e9mie abrasive jet d&rsquo;eau et l\u2019utilit\u00e9 caract\u00e9rise ce syst\u00e8me de distribution convivial con\u00e7u pour alimenter automatiquement la tr\u00e9mie en abrasif. Le Tr\u00e9mie abrasive jet d&rsquo;eau est dot\u00e9 d&rsquo;une porte de sortie, le syst\u00e8me de distribution Matrix Bulk Rack \u00e9limine la n\u00e9cessit\u00e9 de manipuler des sacs d&rsquo;abrasifs de 50 livres.<\/p>\n<p>Spark &amp; Co. est distributeur des syst\u00e8mes de d\u00e9coupe au jet d\u2019eau OMAX (s\u00e9ries\u00a0<a href=\"https:\/\/spark-co.com\/fr\/machines-accessoires\/jet-deau\/decoupage-jet-deau-machines\/protomax\/\">PROTOMAX\u00ae,<\/a>\u00a0<a href=\"https:\/\/spark-co.com\/fr\/machines-accessoires\/jet-deau\/decoupage-jet-deau-machines\/globalmax\/\">GLOBALMAX\u00ae,<\/a>\u00a0<a href=\"https:\/\/spark-co.com\/fr\/machines-accessoires\/jet-deau\/decoupage-jet-deau-machines\/maxiem\/\">MAXIEM\u00ae<\/a>\u00a0et\u00a0<a href=\"https:\/\/spark-co.com\/fr\/machines-accessoires\/jet-deau\/decoupage-jet-deau-machines\/serie-omax\/\">OMAX S\u00e9rie\u00ae)<\/a>\u00a0depuis plus de dix ans. Personne n\u2019est mieux \u00e9quip\u00e9 pour r\u00e9pondre \u00e0 vos besoins en mati\u00e8re de jet d\u2019eau, de Laser (\u00a0<a href=\"https:\/\/spark-co.com\/fr\/machines-accessoires\/decoupage-laser\/decoupage-laser-2d\/\">laser 2D<\/a>,\u00a0<a href=\"https:\/\/spark-co.com\/fr\/machines-accessoires\/decoupage-laser\/decoupe-de-tubes-au-laser\/\">Tube au Laser<\/a>),\u00a0de\u00a0<a href=\"https:\/\/spark-co.com\/fr\/machines-accessoires\/polissage-et-finition\/\">polissage et de finition<\/a>.<\/p>\n","protected":false},"excerpt":{"rendered":"<p>Le tr\u00e9mie abrasive jet d&rsquo;eau et l\u2019utilit\u00e9 caract\u00e9rise ce syst\u00e8me de distribution convivial con\u00e7u pour alimenter automatiquement la tr\u00e9mie en abrasif. Le Tr\u00e9mie abrasive jet d&rsquo;eau est dot\u00e9 d&rsquo;une porte de sortie, le syst\u00e8me de distribution Matrix Bulk Rack \u00e9limine la n\u00e9cessit\u00e9 de manipuler des sacs d&rsquo;abrasifs de 50 livres.<\/p>\n","protected":false},"featured_media":1379,"template":"","meta":{"_acf_changed":false},"product_brand":[],"product_cat":[211,1019,1024],"product_tag":[],"class_list":{"0":"post-31798","1":"product","2":"type-product","3":"status-publish","4":"has-post-thumbnail","6":"product_cat-jet-deau","7":"product_cat-decoupage-jet-deau-machines","8":"product_cat-accessoires","10":"first","11":"instock","12":"taxable","13":"shipping-taxable","14":"purchasable","15":"product-type-simple"},"acf":[],"_links":{"self":[{"href":"https:\/\/spark-co.com\/fr\/wp-json\/wp\/v2\/product\/31798","targetHints":{"allow":["GET"]}}],"collection":[{"href":"https:\/\/spark-co.com\/fr\/wp-json\/wp\/v2\/product"}],"about":[{"href":"https:\/\/spark-co.com\/fr\/wp-json\/wp\/v2\/types\/product"}],"wp:featuredmedia":[{"embeddable":true,"href":"https:\/\/spark-co.com\/fr\/wp-json\/wp\/v2\/media\/1379"}],"wp:attachment":[{"href":"https:\/\/spark-co.com\/fr\/wp-json\/wp\/v2\/media?parent=31798"}],"wp:term":[{"taxonomy":"product_brand","embeddable":true,"href":"https:\/\/spark-co.com\/fr\/wp-json\/wp\/v2\/product_brand?post=31798"},{"taxonomy":"product_cat","embeddable":true,"href":"https:\/\/spark-co.com\/fr\/wp-json\/wp\/v2\/product_cat?post=31798"},{"taxonomy":"product_tag","embeddable":true,"href":"https:\/\/spark-co.com\/fr\/wp-json\/wp\/v2\/product_tag?post=31798"}],"curies":[{"name":"wp","href":"https:\/\/api.w.org\/{rel}","templated":true}]}}