{"id":31791,"date":"2024-04-05T09:33:26","date_gmt":"2024-04-05T13:33:26","guid":{"rendered":"https:\/\/spark-co.com\/?post_type=product&#038;p=31791"},"modified":"2024-04-17T15:54:06","modified_gmt":"2024-04-17T19:54:06","slug":"omax-optimax-60x","status":"publish","type":"product","link":"https:\/\/spark-co.com\/fr\/produit\/omax-optimax-60x\/","title":{"rendered":"OMAX OptiMAX 60X"},"content":{"rendered":"<p>L\u2019OMAX OptiMAX est le summum de la performance et de la pr\u00e9cision en mati\u00e8re de machines de d\u00e9coupe au jet abrasif.<\/p>\n<p>Elle est l\u2019aboutissement de trois d\u00e9cennies d\u2019expertise et d\u2019exp\u00e9rience en ing\u00e9nierie ; son jet d\u2019eau est le plus pr\u00e9cis au monde et il est con\u00e7u pour une efficacit\u00e9 maximale dans n\u2019importe quel environnement de fabrication.<\/p>\n<p>Pour plus d\u2019informations, consultez<br \/>\n<a href=\"https:\/\/www.omax.com\/optimax-waterjet\/60x\" target=\"_blank\" rel=\"noopener\">https:\/\/www.omax.com\/optimax-waterjet\/60x<\/a><\/p>\n<p><iframe title=\"OptiMAX by OMAX\" width=\"800\" height=\"450\" src=\"https:\/\/www.youtube.com\/embed\/MjTf5x4A3b4?feature=oembed\" frameborder=\"0\" allow=\"accelerometer; autoplay; clipboard-write; encrypted-media; gyroscope; picture-in-picture; web-share\" referrerpolicy=\"strict-origin-when-cross-origin\" allowfullscreen><\/iframe><\/p>\n","protected":false},"excerpt":{"rendered":"<p>L\u2019OMAX OptiMAX est le summum de la performance et de la pr\u00e9cision en mati\u00e8re de machines de d\u00e9coupe au jet abrasif.<\/p>\n","protected":false},"featured_media":6391,"template":"","meta":{"_acf_changed":false},"product_brand":[],"product_cat":[211,1019,1022],"product_tag":[],"class_list":{"0":"post-31791","1":"product","2":"type-product","3":"status-publish","4":"has-post-thumbnail","6":"product_cat-jet-deau","7":"product_cat-decoupage-jet-deau-machines","8":"product_cat-optimax","10":"first","11":"instock","12":"taxable","13":"shipping-taxable","14":"purchasable","15":"product-type-simple"},"acf":[],"_links":{"self":[{"href":"https:\/\/spark-co.com\/fr\/wp-json\/wp\/v2\/product\/31791","targetHints":{"allow":["GET"]}}],"collection":[{"href":"https:\/\/spark-co.com\/fr\/wp-json\/wp\/v2\/product"}],"about":[{"href":"https:\/\/spark-co.com\/fr\/wp-json\/wp\/v2\/types\/product"}],"wp:featuredmedia":[{"embeddable":true,"href":"https:\/\/spark-co.com\/fr\/wp-json\/wp\/v2\/media\/6391"}],"wp:attachment":[{"href":"https:\/\/spark-co.com\/fr\/wp-json\/wp\/v2\/media?parent=31791"}],"wp:term":[{"taxonomy":"product_brand","embeddable":true,"href":"https:\/\/spark-co.com\/fr\/wp-json\/wp\/v2\/product_brand?post=31791"},{"taxonomy":"product_cat","embeddable":true,"href":"https:\/\/spark-co.com\/fr\/wp-json\/wp\/v2\/product_cat?post=31791"},{"taxonomy":"product_tag","embeddable":true,"href":"https:\/\/spark-co.com\/fr\/wp-json\/wp\/v2\/product_tag?post=31791"}],"curies":[{"name":"wp","href":"https:\/\/api.w.org\/{rel}","templated":true}]}}