{"id":31786,"date":"2024-04-05T08:34:55","date_gmt":"2024-04-05T12:34:55","guid":{"rendered":"https:\/\/spark-co.com\/?post_type=product&#038;p=31786"},"modified":"2024-04-11T10:01:07","modified_gmt":"2024-04-11T14:01:07","slug":"omax-160x","status":"publish","type":"product","link":"https:\/\/spark-co.com\/fr\/produit\/omax-160x\/","title":{"rendered":"OMAX 160X"},"content":{"rendered":"<p>On dit que plus c&rsquo;est gros, mieux c&rsquo;est, et la s\u00e9rie de d\u00e9coupe au jet d&rsquo;eau Omax 160X le prouve \u00e0 tous points de vue. Ce centre d&rsquo;usinage \u00e0 jet d&rsquo;eau abrasif de type pont, le plus grand de la gamme, est con\u00e7u pour les gros travaux, les gros rendements et les grosses \u00e9conomies.<\/p>\n<p>Dot\u00e9e d&rsquo;une grande surface de coupe de 8 128 mm x 4 064 mm (26\u2019 8&Prime; x 13\u2019 4\u201d), l&rsquo;OMAX 160X coupe \u00e0 une vitesse impressionnante de 8 890 mm\/min (350 pouces par minute) avec une pr\u00e9cision de positionnement lin\u00e9aire de \u00b10.0254 mm (\u00b10,0010&Prime;). Typique de d\u00e9coupe au jet d&rsquo;eau Omax 160X,\u00a0 elle offre les vitesses de coupe les plus rapides et la meilleure pr\u00e9cision par rapport \u00e0 tout jet d&rsquo;eau abrasif concurrent dans l&rsquo;industrie.<\/p>\n<p>La d\u00e9coupe au jet d&rsquo;eau Omax 160X est une d\u00e9coupeuse \u00e0 jet d&rsquo;eau innovante de type pont, id\u00e9ale pour la d\u00e9coupe de projets de grande taille ou de pi\u00e8ces multiples dans une vari\u00e9t\u00e9 de mat\u00e9riaux et d&rsquo;\u00e9paisseurs, des m\u00e9taux et composites au verre et aux plastiques, entre autres. Elle utilise la technologie innovante brevet\u00e9e Intelli-TRAX\u00ae d&rsquo;entra\u00eenement lin\u00e9aire con\u00e7ue exclusivement pour le jet d&rsquo;eau abrasif, assurant une pr\u00e9cision sup\u00e9rieure et une grande durabilit\u00e9 pour une productivit\u00e9 et une rentabilit\u00e9 accrues.<\/p>\n<p>La s\u00e9curit\u00e9 et l&rsquo;ergonomie font \u00e9galement partie int\u00e9grante de ce jet d&rsquo;eau \u00e0 haute efficacit\u00e9. Un syst\u00e8me \u00ab\u00a0vert\u00a0\u00bb respectueux de l&rsquo;environnement n&rsquo;utilise que du grenat abrasif naturel et de l&rsquo;eau dans le processus de coupe, ce qui signifie qu&rsquo;aucune fum\u00e9e, aucun liquide ou huile nocifs ne sont utilis\u00e9s dans le processus d&rsquo;usinage ou caus\u00e9s par celui-ci. La tuyauterie standard en dur de type ciseaux ajoute un niveau de s\u00e9curit\u00e9 suppl\u00e9mentaire en utilisant des composants \u00e0 haute pression contenus, et contribue \u00e0 r\u00e9duire l&rsquo;encombrement, \u00e0 diminuer la maintenance et \u00e0 augmenter la fiabilit\u00e9.<\/p>\n<p>Programmation de parcours d&rsquo;outils 2D ou 3D \u00e0 partir de mod\u00e8les 3D par simple pression d&rsquo;un bouton gr\u00e2ce \u00e0 la suite logicielle exclusive IntelliMAX\u00ae comprenant le logiciel de programmation IntelliCAM\u00ae et les donn\u00e9es de coupe du monde r\u00e9el.<\/p>\n<p>Spark &amp; Co. est distributeur des syst\u00e8mes de d\u00e9coupe au jet d\u2019eau OMAX (s\u00e9ries\u00a0<a href=\"https:\/\/spark-co.com\/fr\/machines-accessoires\/jet-deau\/decoupage-jet-deau-machines\/protomax\/\">PROTOMAX\u00ae,<\/a>\u00a0<a href=\"https:\/\/spark-co.com\/fr\/machines-accessoires\/jet-deau\/decoupage-jet-deau-machines\/globalmax\/\">GLOBALMAX\u00ae,<\/a>\u00a0<a href=\"https:\/\/spark-co.com\/fr\/machines-accessoires\/jet-deau\/decoupage-jet-deau-machines\/maxiem\/\">MAXIEM\u00ae<\/a>\u00a0et\u00a0<a href=\"https:\/\/spark-co.com\/fr\/machines-accessoires\/jet-deau\/decoupage-jet-deau-machines\/serie-omax\/\">OMAX S\u00e9rie\u00ae)<\/a>\u00a0depuis plus de dix ans. Personne n\u2019est mieux \u00e9quip\u00e9 pour r\u00e9pondre \u00e0 vos besoins en mati\u00e8re de jet d\u2019eau, de Laser (\u00a0<a href=\"https:\/\/spark-co.com\/fr\/machines-accessoires\/decoupage-laser\/decoupage-laser-2d\/\">laser 2D<\/a>,\u00a0<a href=\"https:\/\/spark-co.com\/fr\/machines-accessoires\/decoupage-laser\/decoupe-de-tubes-au-laser\/\">Tube au Laser<\/a>),\u00a0de\u00a0<a href=\"https:\/\/spark-co.com\/fr\/machines-accessoires\/polissage-et-finition\/\">polissage et de finition<\/a>.<\/p>\n<p>Pour plus d&rsquo;information : <a href=\"https:\/\/www.omax.com\/omax-waterjet\/160x-series\" target=\"_blank\" rel=\"noopener\">https:\/\/www.omax.com\/omax-waterjet\/160x-series<\/a><\/p>\n","protected":false},"excerpt":{"rendered":"<p>On dit que plus c&rsquo;est gros, mieux c&rsquo;est, et la s\u00e9rie de d\u00e9coupe au jet d&rsquo;eau Omax 160X le prouve \u00e0 tous points de vue. Ce centre d&rsquo;usinage \u00e0 jet d&rsquo;eau abrasif de type pont, le plus grand de la gamme, est con\u00e7u pour les gros travaux, les gros rendements et les grosses \u00e9conomies.<\/p>\n","protected":false},"featured_media":803,"template":"","meta":{"_acf_changed":false},"product_brand":[],"product_cat":[211,1019,1021],"product_tag":[],"class_list":{"0":"post-31786","1":"product","2":"type-product","3":"status-publish","4":"has-post-thumbnail","6":"product_cat-jet-deau","7":"product_cat-decoupage-jet-deau-machines","8":"product_cat-serie-omax","10":"first","11":"instock","12":"taxable","13":"shipping-taxable","14":"purchasable","15":"product-type-simple"},"acf":[],"_links":{"self":[{"href":"https:\/\/spark-co.com\/fr\/wp-json\/wp\/v2\/product\/31786","targetHints":{"allow":["GET"]}}],"collection":[{"href":"https:\/\/spark-co.com\/fr\/wp-json\/wp\/v2\/product"}],"about":[{"href":"https:\/\/spark-co.com\/fr\/wp-json\/wp\/v2\/types\/product"}],"wp:featuredmedia":[{"embeddable":true,"href":"https:\/\/spark-co.com\/fr\/wp-json\/wp\/v2\/media\/803"}],"wp:attachment":[{"href":"https:\/\/spark-co.com\/fr\/wp-json\/wp\/v2\/media?parent=31786"}],"wp:term":[{"taxonomy":"product_brand","embeddable":true,"href":"https:\/\/spark-co.com\/fr\/wp-json\/wp\/v2\/product_brand?post=31786"},{"taxonomy":"product_cat","embeddable":true,"href":"https:\/\/spark-co.com\/fr\/wp-json\/wp\/v2\/product_cat?post=31786"},{"taxonomy":"product_tag","embeddable":true,"href":"https:\/\/spark-co.com\/fr\/wp-json\/wp\/v2\/product_tag?post=31786"}],"curies":[{"name":"wp","href":"https:\/\/api.w.org\/{rel}","templated":true}]}}