{"id":31782,"date":"2024-04-05T08:23:09","date_gmt":"2024-04-05T12:23:09","guid":{"rendered":"https:\/\/spark-co.com\/?post_type=product&#038;p=31782"},"modified":"2024-04-10T16:19:49","modified_gmt":"2024-04-10T20:19:49","slug":"omax-120x","status":"publish","type":"product","link":"https:\/\/spark-co.com\/fr\/produit\/omax-120x\/","title":{"rendered":"OMAX 120X"},"content":{"rendered":"<p>la d\u00e9coupe au jet d&rsquo;eau Omax 120X de grand format, de type pont, sont id\u00e9aux pour la production \u00e0 grande \u00e9chelle de projets de grande envergure ou de pi\u00e8ces multiples.<\/p>\n<p>Avec une surface de coupe de 6 096 mm x 3 048 mm, une vitesse de coupe maximale de 4 572 mm\/min (180 pouces par minute) et une pr\u00e9cision de positionnement lin\u00e9aire de \u00b10.0254 mm (+0,0010&Prime;), cette impressionnante machine de d\u00e9coupe au jet d&rsquo;eau Omax 120X en forme de pont d\u00e9coupe pi\u00e8ce apr\u00e8s pi\u00e8ce, tout en vous permettant d&rsquo;\u00e9conomiser sur les co\u00fbts d&rsquo;exploitation.<\/p>\n<p>Coupe rapide et propre gr\u00e2ce \u00e0 un axe Z motoris\u00e9 programmable avec un ensemble de buses OMAX MAXJET\u00ae5i de pr\u00e9cision int\u00e9gr\u00e9 au diamant, laissant derri\u00e8re lui des bords satin\u00e9s avec peu ou pas d&rsquo;op\u00e9rations secondaires.<\/p>\n<p>Disponible en plusieurs longueurs de machine, chaque mod\u00e8le est dot\u00e9 de la technologie avanc\u00e9e brevet\u00e9e d&rsquo;entra\u00eenement lin\u00e9aire de haute pr\u00e9cision Intelli-TRAX\u00ae, con\u00e7ue exclusivement pour l&rsquo;environnement des jets d&rsquo;eau abrasifs.<\/p>\n<p>La technologie de pompe \u00e0 entra\u00eenement direct EnduroMAX\u00ae fournit la puissance de buse la plus \u00e9lev\u00e9e de l&rsquo;industrie pour une coupe plus rapide avec un rendement de fonctionnement allant jusqu&rsquo;\u00e0 85 % et ce, avec plus de 1 000 heures entre deux entretiens pour un temps de fonctionnement accru.<\/p>\n<p>L&rsquo;acc\u00e8s et la s\u00e9curit\u00e9 de l&rsquo;op\u00e9rateur est une autre caract\u00e9ristique importante des d\u00e9coupe au jet d&rsquo;eau Omax 120X. Un syst\u00e8me \u00ab\u00a0vert\u00a0\u00bb respectueux de l&rsquo;environnement n&rsquo;utilise que de l&rsquo;abrasif grenat naturel et de l&rsquo;eau dans le processus de coupe, ce qui signifie qu&rsquo;aucune fum\u00e9e, liquide ou huile nocive n&rsquo;est utilis\u00e9e dans le processus d&rsquo;usinage ou caus\u00e9e par celui-ci. Les tuyauteries dures standard de type ciseaux ajoutent un niveau de s\u00e9curit\u00e9 suppl\u00e9mentaire en utilisant des composants \u00e0 haute pression contenus, et contribuent \u00e0 un encombrement r\u00e9duit, une maintenance r\u00e9duite et une plus grande fiabilit\u00e9.<\/p>\n<p>Programmation de parcours d&rsquo;outils 2D ou 3D \u00e0 partir de mod\u00e8les 3D par simple pression d&rsquo;un bouton gr\u00e2ce au logiciel exclusif IntelliMAX\u00ae, qui comprend un logiciel de programmation IntelliCAM\u00ae et des donn\u00e9es de coupe r\u00e9elles.<\/p>\n<p>Avec des accessoires innovants tels que le syst\u00e8me DualBRIDGE, le Tilt-A-Jet\u00ae, le A-Jet\u00ae et l&rsquo;axe rotatif, la s\u00e9rie 120X est un syst\u00e8me robuste et polyvalent qui offre des performances sup\u00e9rieures pour maximiser la productivit\u00e9 et la rentabilit\u00e9.<\/p>\n<p>Spark &amp; Co. est distributeur des syst\u00e8mes de d\u00e9coupe au jet d\u2019eau OMAX (s\u00e9ries\u00a0<a href=\"https:\/\/spark-co.com\/fr\/machines-accessoires\/jet-deau\/decoupage-jet-deau-machines\/protomax\/\">PROTOMAX\u00ae,<\/a>\u00a0<a href=\"https:\/\/spark-co.com\/fr\/machines-accessoires\/jet-deau\/decoupage-jet-deau-machines\/globalmax\/\">GLOBALMAX\u00ae,<\/a>\u00a0<a href=\"https:\/\/spark-co.com\/fr\/machines-accessoires\/jet-deau\/decoupage-jet-deau-machines\/maxiem\/\">MAXIEM\u00ae<\/a>\u00a0et\u00a0<a href=\"https:\/\/spark-co.com\/fr\/machines-accessoires\/jet-deau\/decoupage-jet-deau-machines\/serie-omax\/\">OMAX S\u00e9rie\u00ae)<\/a>\u00a0depuis plus de dix ans. Personne n\u2019est mieux \u00e9quip\u00e9 pour r\u00e9pondre \u00e0 vos besoins en mati\u00e8re de jet d\u2019eau, de Laser (\u00a0<a href=\"https:\/\/spark-co.com\/fr\/machines-accessoires\/decoupage-laser\/decoupage-laser-2d\/\">laser 2D<\/a>,\u00a0<a href=\"https:\/\/spark-co.com\/fr\/machines-accessoires\/decoupage-laser\/decoupe-de-tubes-au-laser\/\">Tube au Laser<\/a>),\u00a0de\u00a0<a href=\"https:\/\/spark-co.com\/fr\/machines-accessoires\/polissage-et-finition\/\">polissage et de finition<\/a>.<\/p>\n<p>Pour plus d&rsquo;information :<a href=\"https:\/\/www.omax.com\/omax-waterjet\/120x-series\" target=\"_blank\" rel=\"noopener\"> https:\/\/www.omax.com\/omax-waterjet\/120x-series<\/a><\/p>\n","protected":false},"excerpt":{"rendered":"<p>la d\u00e9coupe au jet d&rsquo;eau Omax 120X de grand format, de type pont, sont id\u00e9aux pour la production \u00e0 grande \u00e9chelle de projets de grande envergure ou de pi\u00e8ces multiples.<\/p>\n","protected":false},"featured_media":799,"template":"","meta":{"_acf_changed":false},"product_brand":[],"product_cat":[211,1019,1021],"product_tag":[],"class_list":{"0":"post-31782","1":"product","2":"type-product","3":"status-publish","4":"has-post-thumbnail","6":"product_cat-jet-deau","7":"product_cat-decoupage-jet-deau-machines","8":"product_cat-serie-omax","10":"first","11":"instock","12":"taxable","13":"shipping-taxable","14":"purchasable","15":"product-type-simple"},"acf":[],"_links":{"self":[{"href":"https:\/\/spark-co.com\/fr\/wp-json\/wp\/v2\/product\/31782","targetHints":{"allow":["GET"]}}],"collection":[{"href":"https:\/\/spark-co.com\/fr\/wp-json\/wp\/v2\/product"}],"about":[{"href":"https:\/\/spark-co.com\/fr\/wp-json\/wp\/v2\/types\/product"}],"wp:featuredmedia":[{"embeddable":true,"href":"https:\/\/spark-co.com\/fr\/wp-json\/wp\/v2\/media\/799"}],"wp:attachment":[{"href":"https:\/\/spark-co.com\/fr\/wp-json\/wp\/v2\/media?parent=31782"}],"wp:term":[{"taxonomy":"product_brand","embeddable":true,"href":"https:\/\/spark-co.com\/fr\/wp-json\/wp\/v2\/product_brand?post=31782"},{"taxonomy":"product_cat","embeddable":true,"href":"https:\/\/spark-co.com\/fr\/wp-json\/wp\/v2\/product_cat?post=31782"},{"taxonomy":"product_tag","embeddable":true,"href":"https:\/\/spark-co.com\/fr\/wp-json\/wp\/v2\/product_tag?post=31782"}],"curies":[{"name":"wp","href":"https:\/\/api.w.org\/{rel}","templated":true}]}}