{"id":31778,"date":"2024-04-04T14:42:35","date_gmt":"2024-04-04T18:42:35","guid":{"rendered":"https:\/\/spark-co.com\/?post_type=product&#038;p=31778"},"modified":"2024-04-11T08:27:15","modified_gmt":"2024-04-11T12:27:15","slug":"omax-55100","status":"publish","type":"product","link":"https:\/\/spark-co.com\/fr\/produit\/omax-55100\/","title":{"rendered":"OMAX 55100"},"content":{"rendered":"<p>La plus grande machine en porte-\u00e0-faux de la s\u00e9rie, la machine de d\u00e9coupe au jet d&rsquo;eau Omax 55100 est la r\u00e9f\u00e9rence dans l&rsquo;industrie pour l&rsquo;usinage de pr\u00e9cision \u00e0 grande vitesse.<\/p>\n<p>La machine de d\u00e9coupe au jet d&rsquo;eau Omax 55100 produit rapidement et de mani\u00e8re constante des pi\u00e8ces multiaxes pr\u00e9cises dans presque tous les mat\u00e9riaux, ce qui maximise le d\u00e9bit d&rsquo;usinage. Construit pour r\u00e9sister aux gros travaux dans un environnement de fabrication exigeant, il peut facilement usiner presque tous les mat\u00e9riaux et toutes les \u00e9paisseurs, de l&rsquo;acier et du titane \u00e0 la fibre de carbone, aux composites, au verre et bien plus encore.<\/p>\n<p><!--more-->Avec une enveloppe de coupe X-Y de 3 200 mm x 1 575 mm (10&prime; 6&Prime; x 5&prime; 2&Prime;), une vitesse de coupe maximale de 4 572 mm\/min (180 pouces par minute et une pr\u00e9cision de positionnement lin\u00e9aire de \u00b10.0254 mm (<u>+<\/u>0,0010&Prime;), cette machine de d\u00e9coupe au jet d&rsquo;eau de type pont maximise la rentabilit\u00e9 gr\u00e2ce \u00e0 l&rsquo;efficacit\u00e9 op\u00e9rationnelle.<\/p>\n<p>Gr\u00e2ce \u00e0 son syst\u00e8me d&rsquo;entra\u00eenement par vis \u00e0 billes compl\u00e8tement \u00e9tanche et prot\u00e9g\u00e9, la d\u00e9coupe au jet d&rsquo;eau Omax 55100\u00a0 est une machine robuste et fiable pour les ateliers utilisant des stocks importants. Du prototypage \u00e0 la fabrication \u00e0 grande \u00e9chelle, le jet d&rsquo;eau abrasif 55100 peut d\u00e9couper rapidement et efficacement des mat\u00e9riaux de 1,2 \u00e0 2,4 m (4&prime; x 8&prime;).<\/p>\n<p>La technologie de pompe \u00e0 entra\u00eenement direct EnduroMAX\u00ae, un axe Z motoris\u00e9 programmable et une buse MAXJET\u00ae 5i durable int\u00e9gr\u00e9e au diamant fournissent la puissance de buse la plus \u00e9lev\u00e9e de l&rsquo;industrie pour une d\u00e9coupe plus rapide avec un rendement de fonctionnement allant jusqu&rsquo;\u00e0 85 % et ce, avec plus de 1 000 heures entre deux entretiens pour un temps de fonctionnement accru.<\/p>\n<p>Le logiciel IntelliCAM\u00ae rapide et pr\u00e9cis offre une programmation simple qui prend des dessins DXF ou CAO et cr\u00e9e rapidement des trajectoires de coupe, ce qui fait de la 55100 la machine id\u00e9ale pour la production de pi\u00e8ces en petites s\u00e9ries et la fabrication en juste-\u00e0-temps.<\/p>\n<p>La surveillance standard du syst\u00e8me Intelli-VISOR\u00ae vous aide \u00e0 ma\u00eetriser la maintenance programm\u00e9e pour maintenir la production \u00e0 un niveau \u00e9lev\u00e9 et les temps d&rsquo;arr\u00eat \u00e0 un faible niveau.<\/p>\n<p>L&rsquo;acc\u00e8s et la s\u00e9curit\u00e9 des op\u00e9rateurs sont une autre caract\u00e9ristique importante des jets d&rsquo;eau abrasifs de la s\u00e9rie OMAX. Un syst\u00e8me \u00ab\u00a0vert\u00a0\u00bb respectueux de l&rsquo;environnement n&rsquo;utilise que de l&rsquo;abrasif naturel de grenat et de l&rsquo;eau dans le processus de coupe. Cela signifie qu&rsquo;aucune fum\u00e9e, liquide ou huile nocive n&rsquo;est utilis\u00e9e dans le processus d&rsquo;usinage ou caus\u00e9e par celui-ci. Les tuyauteries dures standard de type ciseaux ajoutent un niveau de s\u00e9curit\u00e9 suppl\u00e9mentaire en utilisant des composants \u00e0 haute pression contenus, et contribuent \u00e0 un encombrement r\u00e9duit, une maintenance r\u00e9duite et une plus grande fiabilit\u00e9.<\/p>\n<p>Des petits ateliers de travail aux grandes installations de production, le centre d&rsquo;usinage par jet OMAX 55100 r\u00e9duit les temps de coupe et augmente la rentabilit\u00e9.<\/p>\n<div class=\"entry-content\">\n<p>Spark &amp; Co. est distributeur des syst\u00e8mes de d\u00e9coupe au jet d\u2019eau OMAX (s\u00e9ries\u00a0<a href=\"https:\/\/spark-co.com\/fr\/machines-accessoires\/jet-deau\/decoupage-jet-deau-machines\/protomax\/\">PROTOMAX\u00ae,<\/a>\u00a0<a href=\"https:\/\/spark-co.com\/fr\/machines-accessoires\/jet-deau\/decoupage-jet-deau-machines\/globalmax\/\">GLOBALMAX\u00ae,<\/a>\u00a0<a href=\"https:\/\/spark-co.com\/fr\/machines-accessoires\/jet-deau\/decoupage-jet-deau-machines\/maxiem\/\">MAXIEM\u00ae<\/a>\u00a0et\u00a0<a href=\"https:\/\/spark-co.com\/fr\/machines-accessoires\/jet-deau\/decoupage-jet-deau-machines\/serie-omax\/\">OMAX S\u00e9rie\u00ae)<\/a>\u00a0depuis plus de dix ans. Personne n\u2019est mieux \u00e9quip\u00e9 pour r\u00e9pondre \u00e0 vos besoins en mati\u00e8re de jet d\u2019eau, de Laser (\u00a0<a href=\"https:\/\/spark-co.com\/fr\/machines-accessoires\/decoupage-laser\/decoupage-laser-2d\/\">laser 2D<\/a>,\u00a0<a href=\"https:\/\/spark-co.com\/fr\/machines-accessoires\/decoupage-laser\/decoupe-de-tubes-au-laser\/\">Tube au Laser<\/a>),\u00a0de\u00a0<a href=\"https:\/\/spark-co.com\/fr\/machines-accessoires\/polissage-et-finition\/\">polissage et de finition<\/a>.<\/p>\n<p>Pour plus d&rsquo;information : <a href=\"https:\/\/www.omax.com\/omax-waterjet\/55100\" target=\"_blank\" rel=\"noopener\">https:\/\/www.omax.com\/omax-waterjet\/55100<\/a><\/p>\n<\/div>\n","protected":false},"excerpt":{"rendered":"<p>La plus grande machine en porte-\u00e0-faux de la s\u00e9rie, la machine de d\u00e9coupe au jet d&rsquo;eau Omax 55100 est la r\u00e9f\u00e9rence dans l&rsquo;industrie pour l&rsquo;usinage de pr\u00e9cision \u00e0 grande vitesse.<\/p>\n","protected":false},"featured_media":4839,"template":"","meta":{"_acf_changed":false},"product_brand":[],"product_cat":[211,1019,1021],"product_tag":[],"class_list":{"0":"post-31778","1":"product","2":"type-product","3":"status-publish","4":"has-post-thumbnail","6":"product_cat-jet-deau","7":"product_cat-decoupage-jet-deau-machines","8":"product_cat-serie-omax","10":"first","11":"instock","12":"taxable","13":"shipping-taxable","14":"purchasable","15":"product-type-simple"},"acf":[],"_links":{"self":[{"href":"https:\/\/spark-co.com\/fr\/wp-json\/wp\/v2\/product\/31778","targetHints":{"allow":["GET"]}}],"collection":[{"href":"https:\/\/spark-co.com\/fr\/wp-json\/wp\/v2\/product"}],"about":[{"href":"https:\/\/spark-co.com\/fr\/wp-json\/wp\/v2\/types\/product"}],"wp:featuredmedia":[{"embeddable":true,"href":"https:\/\/spark-co.com\/fr\/wp-json\/wp\/v2\/media\/4839"}],"wp:attachment":[{"href":"https:\/\/spark-co.com\/fr\/wp-json\/wp\/v2\/media?parent=31778"}],"wp:term":[{"taxonomy":"product_brand","embeddable":true,"href":"https:\/\/spark-co.com\/fr\/wp-json\/wp\/v2\/product_brand?post=31778"},{"taxonomy":"product_cat","embeddable":true,"href":"https:\/\/spark-co.com\/fr\/wp-json\/wp\/v2\/product_cat?post=31778"},{"taxonomy":"product_tag","embeddable":true,"href":"https:\/\/spark-co.com\/fr\/wp-json\/wp\/v2\/product_tag?post=31778"}],"curies":[{"name":"wp","href":"https:\/\/api.w.org\/{rel}","templated":true}]}}