{"id":31773,"date":"2024-04-04T14:27:43","date_gmt":"2024-04-04T18:27:43","guid":{"rendered":"https:\/\/spark-co.com\/product\/omax-5555\/"},"modified":"2024-04-11T08:29:12","modified_gmt":"2024-04-11T12:29:12","slug":"omax-5555","status":"publish","type":"product","link":"https:\/\/spark-co.com\/fr\/produit\/omax-5555\/","title":{"rendered":"OMAX 5555"},"content":{"rendered":"<p>La machine de d\u00e9coupe au jet d&rsquo;eau Omax 5555, rapide, efficace et pr\u00e9cis, offre des performances de pointe dans l&rsquo;usinage au jet d&rsquo;eau de pi\u00e8ces complexes. Ce centre de taille moyenne, de type cantilever, usine au jet d&rsquo;eau une large gamme de mat\u00e9riaux et d&rsquo;\u00e9paisseurs, des m\u00e9taux et composites au verre et aux plastiques.<\/p>\n<p>La d\u00e9coupe \u00e0 froid est un grand avantage de la technologie du jet d&rsquo;eau car le processus ne cr\u00e9e pas de zones affect\u00e9es par la chaleur ni de contraintes m\u00e9caniques, laissant l&rsquo;int\u00e9grit\u00e9 du mat\u00e9riau intacte. Les bords sont lisses et satin\u00e9s et n\u00e9cessitent moins d&rsquo;op\u00e9rations de finition secondaires.<\/p>\n<p>Sa zone de d\u00e9coupe X-Y de 1 397 mm x 1 397 mm (4&prime; 7&Prime; x 4&prime; 7&Prime;) est id\u00e9ale pour le prototypage rapide et la fabrication en juste-\u00e0-temps de pi\u00e8ces de petite et moyenne taille. Gr\u00e2ce \u00e0 un montage simple et \u00e0 un acc\u00e8s ais\u00e9 \u00e0 la table de d\u00e9coupe, les temps de r\u00e9glage sont consid\u00e9rablement r\u00e9duits, ce qui augmente la productivit\u00e9 et la rentabilit\u00e9.<\/p>\n<p>La machine de d\u00e9coupe au jet d&rsquo;eau Omax 5555 offre une tol\u00e9rance de coupe de \u00b10,025 mm (\u00b10,001\u2033), une vitesse maximale de 4 572 mm\/min (180 pouces\/min) et un syst\u00e8me d&rsquo;entra\u00eenement par vis \u00e0 billes compl\u00e8tement \u00e9tanche et prot\u00e9g\u00e9, ce qui en fait le choix id\u00e9al pour les ateliers qui d\u00e9coupent des projets de dimensions plus r\u00e9duites mais n\u00e9cessitant une grande pr\u00e9cision.<\/p>\n<p>Les machines de d\u00e9coupe au jet d&rsquo;eau Omax 5555 sont dot\u00e9s d&rsquo;un syst\u00e8me \u00e9cologique \u00ab\u00a0vert\u00a0\u00bb qui n&rsquo;utilise que de l&rsquo;abrasif naturel de type grenat et de l&rsquo;eau dans le processus de d\u00e9coupe. Autre avantage : aucune fum\u00e9e, aucun liquide ou huile nocifs ne sont utilis\u00e9s dans le processus d&rsquo;usinage ou caus\u00e9s par celui-ci.<\/p>\n<p>Le logiciel IntelliCAM\u00ae, rapide et pr\u00e9cis, offre deux outils en un, permettant de g\u00e9n\u00e9rer rapidement et facilement des parcours d&rsquo;outils 2D ou 3D \u00e0 partir de mod\u00e8les 3D. Gr\u00e2ce \u00e0 la surveillance du syst\u00e8me Intelli-VISOR\u00ae incluse, vous pouvez programmer des temps d&rsquo;arr\u00eat pour la maintenance afin de continuer \u00e0 fonctionner au maximum de son efficacit\u00e9.<\/p>\n<p>La technologie de pompe \u00e0 entra\u00eenement direct EnduroMAX\u00ae fournit la puissance de buse la plus \u00e9lev\u00e9e de l&rsquo;industrie pour une coupe plus rapide avec des rendements de fonctionnement allant jusqu&rsquo;\u00e0 85 % et ce, avec plus de 1 000 heures entre deux entretiens pour un temps de fonctionnement accru.<\/p>\n<p>Les caract\u00e9ristiques standard comprennent une buse OMAX MAXJET\u00ae 5i int\u00e9gr\u00e9e de haute qualit\u00e9 pour un alignement plus pr\u00e9cis et plus constant des jets, ce qui prolonge la dur\u00e9e de vie du tube m\u00e9langeur et permet d&rsquo;obtenir des coupes de meilleure qualit\u00e9 pendant la dur\u00e9e de vie de l&rsquo;ensemble de la buse. Travaillez proprement, en toute s\u00e9curit\u00e9 et silencieusement gr\u00e2ce au contr\u00f4le rapide du niveau d&rsquo;eau pour des coupes immerg\u00e9es inf\u00e9rieures \u00e0 80 dBA.<\/p>\n<p>Des accessoires optionnels tels que le syst\u00e8me de distribution d&rsquo;abrasif en vrac, une tuyauterie dure de type ciseaux pour une s\u00e9curit\u00e9 et une fiabilit\u00e9 accrue, une t\u00eate de d\u00e9coupe \u00e0 jet inclin\u00e9 \u00e9liminant l&rsquo;abrasif et un syst\u00e8me d&rsquo;\u00e9limination des solides \u00e0 vitesse variable (VS-SRS) \u00e9largissent vos capacit\u00e9s d&rsquo;usinage au jet et am\u00e9liorent consid\u00e9rablement la production.<\/p>\n<p>Spark &amp; Co. est distributeur des syst\u00e8mes de d\u00e9coupe au jet d\u2019eau OMAX (s\u00e9ries\u00a0<a href=\"https:\/\/spark-co.com\/fr\/machines-accessoires\/jet-deau\/decoupage-jet-deau-machines\/protomax\/\">PROTOMAX\u00ae,<\/a>\u00a0<a href=\"https:\/\/spark-co.com\/fr\/machines-accessoires\/jet-deau\/decoupage-jet-deau-machines\/globalmax\/\">GLOBALMAX\u00ae,<\/a>\u00a0<a href=\"https:\/\/spark-co.com\/fr\/machines-accessoires\/jet-deau\/decoupage-jet-deau-machines\/maxiem\/\">MAXIEM\u00ae<\/a>\u00a0et\u00a0<a href=\"https:\/\/spark-co.com\/fr\/machines-accessoires\/jet-deau\/decoupage-jet-deau-machines\/serie-omax\/\">OMAX S\u00e9rie\u00ae)<\/a>\u00a0depuis plus de dix ans. Personne n\u2019est mieux \u00e9quip\u00e9 pour r\u00e9pondre \u00e0 vos besoins en mati\u00e8re de jet d\u2019eau, de Laser (\u00a0<a href=\"https:\/\/spark-co.com\/fr\/machines-accessoires\/decoupage-laser\/decoupage-laser-2d\/\">laser 2D<\/a>,\u00a0<a href=\"https:\/\/spark-co.com\/fr\/machines-accessoires\/decoupage-laser\/decoupe-de-tubes-au-laser\/\">Tube au Laser<\/a>),\u00a0de\u00a0<a href=\"https:\/\/spark-co.com\/fr\/machines-accessoires\/polissage-et-finition\/\">polissage et de finition<\/a>.<\/p>\n<p>Pour plus d&rsquo;information :<a href=\"https:\/\/www.omax.com\/omax-waterjet\/5555\" target=\"_blank\" rel=\"noopener\"> https:\/\/www.omax.com\/omax-waterjet\/5555<\/a><\/p>\n","protected":false},"excerpt":{"rendered":"<p>La machine de d\u00e9coupe au jet d&rsquo;eau Omax 5555, rapide, efficace et pr\u00e9cis, offre des performances de pointe dans l&rsquo;usinage au jet d&rsquo;eau de pi\u00e8ces complexes. Ce centre de taille moyenne, de type cantilever, usine au jet d&rsquo;eau une large gamme de mat\u00e9riaux et d&rsquo;\u00e9paisseurs, des m\u00e9taux et composites au verre et aux plastiques.<\/p>\n","protected":false},"featured_media":819,"template":"","meta":{"_acf_changed":false},"product_brand":[],"product_cat":[211,1019,1021],"product_tag":[],"class_list":{"0":"post-31773","1":"product","2":"type-product","3":"status-publish","4":"has-post-thumbnail","6":"product_cat-jet-deau","7":"product_cat-decoupage-jet-deau-machines","8":"product_cat-serie-omax","10":"first","11":"instock","12":"taxable","13":"shipping-taxable","14":"purchasable","15":"product-type-simple"},"acf":[],"_links":{"self":[{"href":"https:\/\/spark-co.com\/fr\/wp-json\/wp\/v2\/product\/31773","targetHints":{"allow":["GET"]}}],"collection":[{"href":"https:\/\/spark-co.com\/fr\/wp-json\/wp\/v2\/product"}],"about":[{"href":"https:\/\/spark-co.com\/fr\/wp-json\/wp\/v2\/types\/product"}],"wp:featuredmedia":[{"embeddable":true,"href":"https:\/\/spark-co.com\/fr\/wp-json\/wp\/v2\/media\/819"}],"wp:attachment":[{"href":"https:\/\/spark-co.com\/fr\/wp-json\/wp\/v2\/media?parent=31773"}],"wp:term":[{"taxonomy":"product_brand","embeddable":true,"href":"https:\/\/spark-co.com\/fr\/wp-json\/wp\/v2\/product_brand?post=31773"},{"taxonomy":"product_cat","embeddable":true,"href":"https:\/\/spark-co.com\/fr\/wp-json\/wp\/v2\/product_cat?post=31773"},{"taxonomy":"product_tag","embeddable":true,"href":"https:\/\/spark-co.com\/fr\/wp-json\/wp\/v2\/product_tag?post=31773"}],"curies":[{"name":"wp","href":"https:\/\/api.w.org\/{rel}","templated":true}]}}