{"id":31770,"date":"2024-04-04T14:20:18","date_gmt":"2024-04-04T18:20:18","guid":{"rendered":"https:\/\/spark-co.com\/product\/omax-2652\/"},"modified":"2024-04-11T08:23:14","modified_gmt":"2024-04-11T12:23:14","slug":"omax-2652","status":"publish","type":"product","link":"https:\/\/spark-co.com\/fr\/produit\/omax-2652\/","title":{"rendered":"OMAX 2652"},"content":{"rendered":"<p>La machine de d\u00e9coupe au jet d&rsquo;eau Omax 2652 est une machine de taille moyenne de type cantilever, dot\u00e9e de la puissance et de la pr\u00e9cision dont vous avez besoin, dans une taille qui convient \u00e0 tout atelier, petit ou grand.<\/p>\n<p>Offrant les vitesses de coupe les plus rapides et la meilleure pr\u00e9cision par rapport \u00e0 tout autre jet d&rsquo;eau abrasif concurrent dans l&rsquo;industrie, cette puissante machine de taille moyenne \u00e0 jet d&rsquo;eau abrasif se caract\u00e9rise par une conception robuste et pr\u00e9cise pour une coupe \u00e0 tol\u00e9rance \u00e9troite et un fonctionnement fiable.<\/p>\n<p>Son format compact occupe moins d&rsquo;espace au sol tout en permettant d&rsquo;effectuer le travail gr\u00e2ce \u00e0 l&rsquo;axe X-Y de pr\u00e9cision mont\u00e9e rigidement sur la table de coupe, aux roulements lin\u00e9aires pr\u00e9charg\u00e9s et aux vis \u00e0 billes de pr\u00e9cision, ainsi qu&rsquo;\u00e0 un syst\u00e8me d&rsquo;entra\u00eenement \u00e9tanche \u00e0 l&rsquo;eau, \u00e0 la salet\u00e9 et aux grains. Sans changement d&rsquo;outil et avec un minimum de montage, vous gagnez un temps pr\u00e9cieux pour l&rsquo;installation et la maintenance.<\/p>\n<p>La machine de d\u00e9coupe au jet d&rsquo;eau Omax 2652 offre une tol\u00e9rance de coupe de \u00b10,025 mm (\u00b10,001\u2033), une vitesse maximale de 4,572 mm\/min (180 pouces\/minute) et un syst\u00e8me d&rsquo;entra\u00eenement par vis \u00e0 billes enti\u00e8rement \u00e9tanche et prot\u00e9g\u00e9, ce qui en fait le choix id\u00e9al pour les ateliers qui d\u00e9coupent des projets de dimensions plus r\u00e9duites mais n\u00e9cessitant une grande pr\u00e9cision.<\/p>\n<p>Les jets d&rsquo;eau OMAX affichent la plus faible consommation \u00e9lectrique de l&rsquo;industrie et utilisent beaucoup moins d&rsquo;eau de refroidissement que les pompes hydrauliques \u00e0 intensificateur inefficaces.<\/p>\n<p>La technologie de pompe \u00e0 entra\u00eenement direct EnduroMAX\u00ae fournit la puissance de buse la plus \u00e9lev\u00e9e de l&rsquo;industrie pour une d\u00e9coupe plus rapide avec des rendements de fonctionnement allant jusqu&rsquo;\u00e0 85 % et ce, avec plus de 1 000 heures entre deux entretiens pour un temps de fonctionnement accru.<\/p>\n<p>Les caract\u00e9ristiques standard comprennent une buse OMAX MAXJET\u00ae 5i int\u00e9gr\u00e9e de haute qualit\u00e9 pour un alignement plus pr\u00e9cis et plus constant des jets, ce qui prolonge finalement la dur\u00e9e de vie du tube m\u00e9langeur et permet d&rsquo;obtenir des coupes de meilleure qualit\u00e9 pendant la dur\u00e9e de vie de l&rsquo;ensemble de la buse. Travaillez proprement, en toute s\u00e9curit\u00e9 et silencieusement gr\u00e2ce au contr\u00f4le rapide du niveau d&rsquo;eau pour des coupes immerg\u00e9es inf\u00e9rieures \u00e0 80 dBA.<\/p>\n<p>Des accessoires optionnels tels que le syst\u00e8me de distribution d&rsquo;abrasif en vrac, une tuyauterie dure de type ciseaux pour une s\u00e9curit\u00e9 et une fiabilit\u00e9 accrues, une t\u00eate de d\u00e9coupe \u00e0 jet inclin\u00e9 \u00e9liminant l&rsquo;abrasif et un syst\u00e8me d&rsquo;\u00e9limination des solides \u00e0 vitesse variable (VS-SRS) \u00e9largissent vos capacit\u00e9s d&rsquo;usinage au jet et am\u00e9liorent consid\u00e9rablement la production.<\/p>\n<p>Spark &amp; Co. est distributeur des syst\u00e8mes de d\u00e9coupe au jet d\u2019eau OMAX (s\u00e9ries\u00a0<a href=\"https:\/\/spark-co.com\/fr\/machines-accessoires\/jet-deau\/decoupage-jet-deau-machines\/protomax\/\">PROTOMAX\u00ae,<\/a>\u00a0<a href=\"https:\/\/spark-co.com\/fr\/machines-accessoires\/jet-deau\/decoupage-jet-deau-machines\/globalmax\/\">GLOBALMAX\u00ae,<\/a>\u00a0<a href=\"https:\/\/spark-co.com\/fr\/machines-accessoires\/jet-deau\/decoupage-jet-deau-machines\/maxiem\/\">MAXIEM\u00ae<\/a>\u00a0et\u00a0<a href=\"https:\/\/spark-co.com\/fr\/machines-accessoires\/jet-deau\/decoupage-jet-deau-machines\/serie-omax\/\">OMAX S\u00e9rie\u00ae)<\/a>\u00a0depuis plus de dix ans. Personne n\u2019est mieux \u00e9quip\u00e9 pour r\u00e9pondre \u00e0 vos besoins en mati\u00e8re de jet d\u2019eau, de Laser (\u00a0<a href=\"https:\/\/spark-co.com\/fr\/machines-accessoires\/decoupage-laser\/decoupage-laser-2d\/\">laser 2D<\/a>,\u00a0<a href=\"https:\/\/spark-co.com\/fr\/machines-accessoires\/decoupage-laser\/decoupe-de-tubes-au-laser\/\">Tube au Laser<\/a>),\u00a0de\u00a0<a href=\"https:\/\/spark-co.com\/fr\/machines-accessoires\/polissage-et-finition\/\">polissage et de finition<\/a>.<\/p>\n<p>Pour plus d&rsquo;information : <a href=\"https:\/\/www.omax.com\/omax-waterjet\/2652\" target=\"_blank\" rel=\"noopener\">https:\/\/www.omax.com\/omax-waterjet\/2652<\/a><\/p>\n","protected":false},"excerpt":{"rendered":"<p>La machine de d\u00e9coupe au jet d&rsquo;eau Omax 2652 est une machine de taille moyenne de type cantilever, dot\u00e9e de la puissance et de la pr\u00e9cision dont vous avez besoin, dans une taille qui convient \u00e0 tout atelier, petit ou grand.<\/p>\n","protected":false},"featured_media":814,"template":"","meta":{"_acf_changed":false},"product_brand":[],"product_cat":[211,1019,1021],"product_tag":[],"class_list":{"0":"post-31770","1":"product","2":"type-product","3":"status-publish","4":"has-post-thumbnail","6":"product_cat-jet-deau","7":"product_cat-decoupage-jet-deau-machines","8":"product_cat-serie-omax","10":"first","11":"instock","12":"taxable","13":"shipping-taxable","14":"purchasable","15":"product-type-simple"},"acf":[],"_links":{"self":[{"href":"https:\/\/spark-co.com\/fr\/wp-json\/wp\/v2\/product\/31770","targetHints":{"allow":["GET"]}}],"collection":[{"href":"https:\/\/spark-co.com\/fr\/wp-json\/wp\/v2\/product"}],"about":[{"href":"https:\/\/spark-co.com\/fr\/wp-json\/wp\/v2\/types\/product"}],"wp:featuredmedia":[{"embeddable":true,"href":"https:\/\/spark-co.com\/fr\/wp-json\/wp\/v2\/media\/814"}],"wp:attachment":[{"href":"https:\/\/spark-co.com\/fr\/wp-json\/wp\/v2\/media?parent=31770"}],"wp:term":[{"taxonomy":"product_brand","embeddable":true,"href":"https:\/\/spark-co.com\/fr\/wp-json\/wp\/v2\/product_brand?post=31770"},{"taxonomy":"product_cat","embeddable":true,"href":"https:\/\/spark-co.com\/fr\/wp-json\/wp\/v2\/product_cat?post=31770"},{"taxonomy":"product_tag","embeddable":true,"href":"https:\/\/spark-co.com\/fr\/wp-json\/wp\/v2\/product_tag?post=31770"}],"curies":[{"name":"wp","href":"https:\/\/api.w.org\/{rel}","templated":true}]}}