{"id":31767,"date":"2024-04-04T14:11:13","date_gmt":"2024-04-04T18:11:13","guid":{"rendered":"https:\/\/spark-co.com\/product\/omax-2626\/"},"modified":"2024-04-11T08:21:12","modified_gmt":"2024-04-11T12:21:12","slug":"omax-2626","status":"publish","type":"product","link":"https:\/\/spark-co.com\/fr\/produit\/omax-2626\/","title":{"rendered":"OMAX 2626"},"content":{"rendered":"<p>La machine de d\u00e9coupe au jet d&rsquo;eau Omax 2626 est Compacte et polyvalente, le centre d&rsquo;usinage au jet OMAX\u00ae 2626 est le plus petit de nos machines \u00e0 jet d&rsquo;eau de type cantilever. Avec un encombrement au sol de seulement 2,946 mm x 1,829 mm (9\u2032 8\u2033 x 6\u2032 0\u2033), l&rsquo;OMAX 2626 convient m\u00eame aux magasins les plus \u00ab\u00a0encombr\u00e9s\u00a0\u00bb.<\/p>\n<p>Avec une tol\u00e9rance de coupe de \u00b10,025 mm (\u00b10,001\u2033), une vitesse maximale de 4,572 mm\/min (180 pouces\/minute) et un syst\u00e8me d&rsquo;entra\u00eenement par vis \u00e0 billes compl\u00e8tement \u00e9tanche et prot\u00e9g\u00e9, cette machine robuste et fiable est parfaite pour les ateliers qui d\u00e9coupent des projets de dimensions r\u00e9duites mais n\u00e9cessitant une grande pr\u00e9cision.<\/p>\n<p>Gr\u00e2ce \u00e0 la technologie de pompe \u00e0 entra\u00eenement direct EnduroMAX\u00ae, cette machine \u00e0 jet d&rsquo;eau imbattable fournit la puissance de buse la plus \u00e9lev\u00e9e de l&rsquo;industrie pour une d\u00e9coupe plus rapide avec des rendements de fonctionnement allant jusqu&rsquo;\u00e0 85 %, disponible en 30 ch, 40 ch, 50 ch ou 100 ch.<\/p>\n<p>Les jets d&rsquo;eau OMAX affichent la consommation \u00e9lectrique la plus faible de l&rsquo;industrie et utilisent beaucoup moins d&rsquo;eau de refroidissement que les pompes hydrauliques \u00e0 intensificateur inefficaces. De plus, la conception tr\u00e8s robuste et fiable de la pompe EnduroMAX est capable d&rsquo;assurer plus de 1 000 heures entre deux entretiens, ce qui signifie moins de temps d&rsquo;arr\u00eat et une plus grande productivit\u00e9.<\/p>\n<p>La machine de d\u00e9coupe au jet d&rsquo;eau Omax 2626 est dot\u00e9 d&rsquo;un ensemble de caract\u00e9ristiques standard et d&rsquo;options avanc\u00e9es pour faire passer vos op\u00e9rations \u00e0 un niveau sup\u00e9rieur.<\/p>\n<p>Les caract\u00e9ristiques standard comprennent une buse OMAX MAXJET\u00ae 5i int\u00e9gr\u00e9e de haute qualit\u00e9 pour un alignement plus pr\u00e9cis et plus constant du jet, ce qui permet de prolonger la dur\u00e9e de vie du tube de m\u00e9lange et d&rsquo;obtenir des coupes de meilleure qualit\u00e9 pendant la dur\u00e9e de vie de l&rsquo;ensemble de la buse. Travaillez proprement, en toute s\u00e9curit\u00e9 et silencieusement gr\u00e2ce au contr\u00f4le rapide du niveau d&rsquo;eau pour des coupes immerg\u00e9es inf\u00e9rieures \u00e0 80 dBA.<\/p>\n<p>Profitez des avantages d&rsquo;avoir deux outils en un gr\u00e2ce au logiciel IntelliCAM\u00ae simple, rapide et pr\u00e9cis qui g\u00e9n\u00e8re rapidement et facilement des trajectoires d&rsquo;outils 2D ou 3D \u00e0 partir de mod\u00e8les 3D. Gr\u00e2ce \u00e0 la surveillance du syst\u00e8me Intelli-VISOR\u00ae incluse, qui vous aide \u00e0 planifier les temps d&rsquo;arr\u00eat pour la maintenance, votre OMAX 2626 continuera \u00e0 fonctionner au maximum de son efficacit\u00e9.<\/p>\n<p>Des accessoires optionnels tels que le syst\u00e8me de distribution d&rsquo;abrasif en vrac, une tuyauterie dure de type ciseaux pour plus de s\u00e9curit\u00e9 et de fiabilit\u00e9, une t\u00eate de d\u00e9coupe \u00e0 jet inclin\u00e9 \u00e9liminant l&rsquo;abrasif et un syst\u00e8me d&rsquo;\u00e9limination des solides \u00e0 vitesse variable (VS-SRS) \u00e9largissent vos capacit\u00e9s d&rsquo;usinage au jet et am\u00e9liorent consid\u00e9rablement la production.<\/p>\n<p>Spark &amp; Co. est distributeur des syst\u00e8mes de d\u00e9coupe au jet d\u2019eau OMAX (s\u00e9ries\u00a0<a href=\"https:\/\/spark-co.com\/fr\/machines-accessoires\/jet-deau\/decoupage-jet-deau-machines\/protomax\/\">PROTOMAX\u00ae,<\/a>\u00a0<a href=\"https:\/\/spark-co.com\/fr\/machines-accessoires\/jet-deau\/decoupage-jet-deau-machines\/globalmax\/\">GLOBALMAX\u00ae,<\/a>\u00a0<a href=\"https:\/\/spark-co.com\/fr\/machines-accessoires\/jet-deau\/decoupage-jet-deau-machines\/maxiem\/\">MAXIEM\u00ae<\/a>\u00a0et\u00a0<a href=\"https:\/\/spark-co.com\/fr\/machines-accessoires\/jet-deau\/decoupage-jet-deau-machines\/serie-omax\/\">OMAX S\u00e9rie\u00ae)<\/a>\u00a0depuis plus de dix ans. Personne n\u2019est mieux \u00e9quip\u00e9 pour r\u00e9pondre \u00e0 vos besoins en mati\u00e8re de jet d\u2019eau, de Laser (\u00a0<a href=\"https:\/\/spark-co.com\/fr\/machines-accessoires\/decoupage-laser\/decoupage-laser-2d\/\">laser 2D<\/a>,\u00a0<a href=\"https:\/\/spark-co.com\/fr\/machines-accessoires\/decoupage-laser\/decoupe-de-tubes-au-laser\/\">Tube au Laser<\/a>),\u00a0de\u00a0<a href=\"https:\/\/spark-co.com\/fr\/machines-accessoires\/polissage-et-finition\/\">polissage et de finition<\/a>.<\/p>\n<p>Pour plus d&rsquo;information : <a href=\"https:\/\/www.omax.com\/omax-waterjet\/2626\" target=\"_blank\" rel=\"noopener\">https:\/\/www.omax.com\/omax-waterjet\/2626<\/a><\/p>\n","protected":false},"excerpt":{"rendered":"<p>La machine de d\u00e9coupe au jet d&rsquo;eau Omax 2626 est Compacte et polyvalente, le centre d&rsquo;usinage au jet OMAX\u00ae 2626 est le plus petit de nos machines \u00e0 jet d&rsquo;eau de type cantilever. Avec un encombrement au sol de seulement 2,946 mm x 1,829 mm (9\u2032 8\u2033 x 6\u2032 0\u2033), l&rsquo;OMAX 2626 convient m\u00eame aux magasins les plus \u00ab\u00a0encombr\u00e9s\u00a0\u00bb.<\/p>\n","protected":false},"featured_media":812,"template":"","meta":{"_acf_changed":false},"product_brand":[],"product_cat":[211,1019,1021],"product_tag":[],"class_list":{"0":"post-31767","1":"product","2":"type-product","3":"status-publish","4":"has-post-thumbnail","6":"product_cat-jet-deau","7":"product_cat-decoupage-jet-deau-machines","8":"product_cat-serie-omax","10":"first","11":"instock","12":"taxable","13":"shipping-taxable","14":"purchasable","15":"product-type-simple"},"acf":[],"_links":{"self":[{"href":"https:\/\/spark-co.com\/fr\/wp-json\/wp\/v2\/product\/31767","targetHints":{"allow":["GET"]}}],"collection":[{"href":"https:\/\/spark-co.com\/fr\/wp-json\/wp\/v2\/product"}],"about":[{"href":"https:\/\/spark-co.com\/fr\/wp-json\/wp\/v2\/types\/product"}],"wp:featuredmedia":[{"embeddable":true,"href":"https:\/\/spark-co.com\/fr\/wp-json\/wp\/v2\/media\/812"}],"wp:attachment":[{"href":"https:\/\/spark-co.com\/fr\/wp-json\/wp\/v2\/media?parent=31767"}],"wp:term":[{"taxonomy":"product_brand","embeddable":true,"href":"https:\/\/spark-co.com\/fr\/wp-json\/wp\/v2\/product_brand?post=31767"},{"taxonomy":"product_cat","embeddable":true,"href":"https:\/\/spark-co.com\/fr\/wp-json\/wp\/v2\/product_cat?post=31767"},{"taxonomy":"product_tag","embeddable":true,"href":"https:\/\/spark-co.com\/fr\/wp-json\/wp\/v2\/product_tag?post=31767"}],"curies":[{"name":"wp","href":"https:\/\/api.w.org\/{rel}","templated":true}]}}