{"id":31764,"date":"2024-04-04T13:49:34","date_gmt":"2024-04-04T17:49:34","guid":{"rendered":"https:\/\/spark-co.com\/product\/omax-micromax\/"},"modified":"2024-04-10T16:07:46","modified_gmt":"2024-04-10T20:07:46","slug":"omax-micromax","status":"publish","type":"product","link":"https:\/\/spark-co.com\/fr\/produit\/omax-micromax\/","title":{"rendered":"OMAX MICROMAX"},"content":{"rendered":"<p>La d\u00e9coupe au jet d&rsquo;eau Micromax est la solution id\u00e9ale pour l&rsquo;usinage de jet d&rsquo;eau abrasif de haute pr\u00e9cision.<\/p>\n<p>En utilisant des codeurs lin\u00e9aires optiques de haute pr\u00e9cision, une isolation vibratoire innovante et des syst\u00e8mes de contr\u00f4le logiciel \u00e9prouv\u00e9s, la machine de d\u00e9coupe au jet d&rsquo;eau Micromax est capable d&rsquo;une pr\u00e9cision de positionnement inf\u00e9rieure \u00e0 cinq microns tout en conservant tous les avantages de l&rsquo;usinage au jet d&rsquo;eau abrasif.<\/p>\n<p>La machine de d\u00e9coupe au jet d&rsquo;eau Micromax\u00a0 usine une large gamme de mat\u00e9riaux avec une grande pr\u00e9cision, en manipulant l&rsquo;acier tremp\u00e9 aussi facilement que l&rsquo;acier recuit et en coupant ais\u00e9ment les mat\u00e9riaux non conducteurs et r\u00e9fl\u00e9chissants. Il usine l&rsquo;acier inoxydable, le titane, la fibre de carbone, le PEEK, le verre, le nitinol, le graphite, le cuivre, les composites, les stratifi\u00e9s, etc. avec une grande pr\u00e9cision, une finition lisse et sans zones affect\u00e9es par la chaleur ou les contraintes m\u00e9caniques, que ce soit pour le prototypage ou la production.<\/p>\n<p>Petit mais puissant, l&rsquo;un des nombreux avantages de la machine de d\u00e9coupe au jet d&rsquo;eau Micromax est son faible encombrement, efficace pour une utilisation minimale de l&rsquo;espace au sol. Sa structure tr\u00e8s rigide avec des ponts et des chariots de faible masse, ainsi que l&rsquo;isolation des vibrations de la table et des portiques, r\u00e9duisent consid\u00e9rablement les vibrations et augmentent la pr\u00e9cision. De plus, tous les composants ont une dilatation thermique adapt\u00e9e pour maintenir des performances r\u00e9guli\u00e8res et stables.<\/p>\n<p>Dot\u00e9 d&rsquo;une foule de caract\u00e9ristiques standard, ce petit jet d&rsquo;eau abrasif puissant est celui que vous voulez dans votre atelier : la buse OMAX 7\/15 Mini MAXJET\u00ae 5 pour une coupe de pr\u00e9cision plus fine avec un orifice de 0,1778 mm (0,007&Prime;) et une combinaison de tube m\u00e9langeur de 0,381 mm (0,015&Prime;), la t\u00eate de coupe \u00e0 jet d&rsquo;eau Tilt-A-Jet\u00ae qui \u00e9limine le jet d&rsquo;abrasif et un contr\u00f4le rapide du niveau d&rsquo;eau pour une coupe submerg\u00e9e plus propre, plus s\u00fbre et plus silencieuse.<\/p>\n<p>Le MICROMAX offre tout cela, plus un proc\u00e9d\u00e9 r\u00e9volutionnaire en instance de brevet pour l&rsquo;alimentation en abrasif fin, des contr\u00f4les de pression avanc\u00e9s pour le per\u00e7age de mat\u00e9riaux d\u00e9licats et un bo\u00eetier complet avec contr\u00f4les environnementaux qui permet un fonctionnement silencieux, s\u00fbr et propre en dessous de 80 dBA.<\/p>\n<p>Spark &amp; Co. est distributeur des syst\u00e8mes de d\u00e9coupe au jet d\u2019eau OMAX (s\u00e9ries\u00a0<a href=\"https:\/\/spark-co.com\/fr\/machines-accessoires\/jet-deau\/decoupage-jet-deau-machines\/protomax\/\">PROTOMAX\u00ae,<\/a>\u00a0<a href=\"https:\/\/spark-co.com\/fr\/machines-accessoires\/jet-deau\/decoupage-jet-deau-machines\/globalmax\/\">GLOBALMAX\u00ae,<\/a>\u00a0<a href=\"https:\/\/spark-co.com\/fr\/machines-accessoires\/jet-deau\/decoupage-jet-deau-machines\/maxiem\/\">MAXIEM\u00ae<\/a>\u00a0et\u00a0<a href=\"https:\/\/spark-co.com\/fr\/machines-accessoires\/jet-deau\/decoupage-jet-deau-machines\/serie-omax\/\">OMAX S\u00e9rie\u00ae)<\/a>\u00a0depuis plus de dix ans. Personne n\u2019est mieux \u00e9quip\u00e9 pour r\u00e9pondre \u00e0 vos besoins en mati\u00e8re de jet d\u2019eau, de Laser (\u00a0<a href=\"https:\/\/spark-co.com\/fr\/machines-accessoires\/decoupage-laser\/decoupage-laser-2d\/\">laser 2D<\/a>,\u00a0<a href=\"https:\/\/spark-co.com\/fr\/machines-accessoires\/decoupage-laser\/decoupe-de-tubes-au-laser\/\">Tube au Laser<\/a>),\u00a0de\u00a0<a href=\"https:\/\/spark-co.com\/fr\/machines-accessoires\/polissage-et-finition\/\">polissage et de finition<\/a>.<\/p>\n<p>Pour plus d&rsquo;information : <a href=\"https:\/\/www.omax.com\/omax-waterjet\/micromax\" target=\"_blank\" rel=\"noopener\">https:\/\/www.omax.com\/omax-waterjet\/micromax<\/a><\/p>\n","protected":false},"excerpt":{"rendered":"<p>La d\u00e9coupe au jet d&rsquo;eau Micromax est la solution id\u00e9ale pour l&rsquo;usinage de jet d&rsquo;eau abrasif de haute pr\u00e9cision.<\/p>\n","protected":false},"featured_media":872,"template":"","meta":{"_acf_changed":false},"product_brand":[],"product_cat":[211,1019,1021],"product_tag":[],"class_list":{"0":"post-31764","1":"product","2":"type-product","3":"status-publish","4":"has-post-thumbnail","6":"product_cat-jet-deau","7":"product_cat-decoupage-jet-deau-machines","8":"product_cat-serie-omax","10":"first","11":"instock","12":"taxable","13":"shipping-taxable","14":"purchasable","15":"product-type-simple"},"acf":[],"_links":{"self":[{"href":"https:\/\/spark-co.com\/fr\/wp-json\/wp\/v2\/product\/31764","targetHints":{"allow":["GET"]}}],"collection":[{"href":"https:\/\/spark-co.com\/fr\/wp-json\/wp\/v2\/product"}],"about":[{"href":"https:\/\/spark-co.com\/fr\/wp-json\/wp\/v2\/types\/product"}],"wp:featuredmedia":[{"embeddable":true,"href":"https:\/\/spark-co.com\/fr\/wp-json\/wp\/v2\/media\/872"}],"wp:attachment":[{"href":"https:\/\/spark-co.com\/fr\/wp-json\/wp\/v2\/media?parent=31764"}],"wp:term":[{"taxonomy":"product_brand","embeddable":true,"href":"https:\/\/spark-co.com\/fr\/wp-json\/wp\/v2\/product_brand?post=31764"},{"taxonomy":"product_cat","embeddable":true,"href":"https:\/\/spark-co.com\/fr\/wp-json\/wp\/v2\/product_cat?post=31764"},{"taxonomy":"product_tag","embeddable":true,"href":"https:\/\/spark-co.com\/fr\/wp-json\/wp\/v2\/product_tag?post=31764"}],"curies":[{"name":"wp","href":"https:\/\/api.w.org\/{rel}","templated":true}]}}