{"id":31755,"date":"2024-04-04T13:15:39","date_gmt":"2024-04-04T17:15:39","guid":{"rendered":"https:\/\/spark-co.com\/product\/easyflow\/"},"modified":"2024-04-10T15:54:00","modified_gmt":"2024-04-10T19:54:00","slug":"easyflow","status":"publish","type":"product","link":"https:\/\/spark-co.com\/fr\/produit\/easyflow\/","title":{"rendered":"EASYFLOW"},"content":{"rendered":"<p>Une nouvelle machine offrant une grande performance, mais qui convient aux petits budgets EASYFLOW procure \u00e0 vos matrices un calibre de polissage optimal. Gr\u00e2ce \u00e0 sa grande capacit\u00e9, \u00e0 sa puissance hydraulique \u00e9lev\u00e9e et \u00e0 la possibilit\u00e9 de traiter de grandes matrices tout en \u00e9tant \u00e9tonnamment simple, la machine EASYFLOW vous donne un avantage concurrentiel. Elle permet ainsi des \u00e9conomies de temps et d\u2019argent. Investissez d\u00e8s maintenant dans une machine de polissage de matrices abordable \u00e0 la fine pointe de la technologie en traitant directement avec la soci\u00e9t\u00e9 qui a con\u00e7u le proc\u00e9d\u00e9 d\u2019usinage par \u00e9coulement abrasif \u2013 Extrude Hone \u2014 un nom auquel vous pouvez faire confiance.<\/p>\n","protected":false},"excerpt":{"rendered":"<p>Une nouvelle machine offrant une grande performance, mais qui convient aux petits budgets EASYFLOW procure \u00e0 vos matrices un calibre de polissage optimal.<\/p>\n","protected":false},"featured_media":1182,"template":"","meta":{"_acf_changed":false},"product_brand":[],"product_cat":[1032,1033],"product_tag":[],"class_list":{"0":"post-31755","1":"product","2":"type-product","3":"status-publish","4":"has-post-thumbnail","6":"product_cat-polissage-et-finition","7":"product_cat-afm","9":"first","10":"instock","11":"taxable","12":"shipping-taxable","13":"purchasable","14":"product-type-simple"},"acf":[],"_links":{"self":[{"href":"https:\/\/spark-co.com\/fr\/wp-json\/wp\/v2\/product\/31755","targetHints":{"allow":["GET"]}}],"collection":[{"href":"https:\/\/spark-co.com\/fr\/wp-json\/wp\/v2\/product"}],"about":[{"href":"https:\/\/spark-co.com\/fr\/wp-json\/wp\/v2\/types\/product"}],"wp:featuredmedia":[{"embeddable":true,"href":"https:\/\/spark-co.com\/fr\/wp-json\/wp\/v2\/media\/1182"}],"wp:attachment":[{"href":"https:\/\/spark-co.com\/fr\/wp-json\/wp\/v2\/media?parent=31755"}],"wp:term":[{"taxonomy":"product_brand","embeddable":true,"href":"https:\/\/spark-co.com\/fr\/wp-json\/wp\/v2\/product_brand?post=31755"},{"taxonomy":"product_cat","embeddable":true,"href":"https:\/\/spark-co.com\/fr\/wp-json\/wp\/v2\/product_cat?post=31755"},{"taxonomy":"product_tag","embeddable":true,"href":"https:\/\/spark-co.com\/fr\/wp-json\/wp\/v2\/product_tag?post=31755"}],"curies":[{"name":"wp","href":"https:\/\/api.w.org\/{rel}","templated":true}]}}