{"id":31751,"date":"2024-04-04T11:23:49","date_gmt":"2024-04-04T15:23:49","guid":{"rendered":"https:\/\/spark-co.com\/product\/vector\/"},"modified":"2024-04-10T15:32:01","modified_gmt":"2024-04-10T19:32:01","slug":"vector","status":"publish","type":"product","link":"https:\/\/spark-co.com\/fr\/produit\/vector\/","title":{"rendered":"VECTOR"},"content":{"rendered":"<p>Syst\u00e8me d\u2019\u00e9bavurage et de polissage de pr\u00e9cision La machine d\u2019usinage par \u00e9coulement abrasif (AFM) VECTOR est extr\u00eamement flexible. Elle peut polir de grandes fili\u00e8res et de grands moules de formage, en plus d\u2019\u00e9bavurer et de polir des pi\u00e8ces de pr\u00e9cision en petites et moyennes s\u00e9ries.<\/p>\n","protected":false},"excerpt":{"rendered":"<p>Syst\u00e8me d\u2019\u00e9bavurage et de polissage de pr\u00e9cision La machine d\u2019usinage par \u00e9coulement abrasif (AFM) VECTOR est extr\u00eamement flexible.<\/p>\n","protected":false},"featured_media":1184,"template":"","meta":{"_acf_changed":false},"product_brand":[],"product_cat":[1032,1033],"product_tag":[],"class_list":{"0":"post-31751","1":"product","2":"type-product","3":"status-publish","4":"has-post-thumbnail","6":"product_cat-polissage-et-finition","7":"product_cat-afm","9":"first","10":"instock","11":"taxable","12":"shipping-taxable","13":"purchasable","14":"product-type-simple"},"acf":[],"_links":{"self":[{"href":"https:\/\/spark-co.com\/fr\/wp-json\/wp\/v2\/product\/31751","targetHints":{"allow":["GET"]}}],"collection":[{"href":"https:\/\/spark-co.com\/fr\/wp-json\/wp\/v2\/product"}],"about":[{"href":"https:\/\/spark-co.com\/fr\/wp-json\/wp\/v2\/types\/product"}],"wp:featuredmedia":[{"embeddable":true,"href":"https:\/\/spark-co.com\/fr\/wp-json\/wp\/v2\/media\/1184"}],"wp:attachment":[{"href":"https:\/\/spark-co.com\/fr\/wp-json\/wp\/v2\/media?parent=31751"}],"wp:term":[{"taxonomy":"product_brand","embeddable":true,"href":"https:\/\/spark-co.com\/fr\/wp-json\/wp\/v2\/product_brand?post=31751"},{"taxonomy":"product_cat","embeddable":true,"href":"https:\/\/spark-co.com\/fr\/wp-json\/wp\/v2\/product_cat?post=31751"},{"taxonomy":"product_tag","embeddable":true,"href":"https:\/\/spark-co.com\/fr\/wp-json\/wp\/v2\/product_tag?post=31751"}],"curies":[{"name":"wp","href":"https:\/\/api.w.org\/{rel}","templated":true}]}}