{"id":31748,"date":"2024-04-04T11:13:40","date_gmt":"2024-04-04T15:13:40","guid":{"rendered":"https:\/\/spark-co.com\/product\/spectrum\/"},"modified":"2024-04-10T15:19:35","modified_gmt":"2024-04-10T19:19:35","slug":"spectrum","status":"publish","type":"product","link":"https:\/\/spark-co.com\/fr\/produit\/spectrum\/","title":{"rendered":"SPECTRUM"},"content":{"rendered":"<p>Large gamme de capacit\u00e9s La machine d\u2019usinage par \u00e9coulement abrasif de la s\u00e9rie SPECTRUM offre une vaste gamme de capacit\u00e9s de traitement assortie d\u2019un choix de diam\u00e8tres de cylindres de solution, allant des mod\u00e8les \u00e0 pression maximale de 12 po (300 mm) aux versions \u00e0 pression r\u00e9duite de 24 po (600 mm). Afin de r\u00e9pondre \u00e0 toutes les exigences en mati\u00e8re de production, nous proposons diff\u00e9rentes conceptions des machines de la s\u00e9rie SPECTRUM, certaines \u00e9tant notamment offertes avec des syst\u00e8mes internes de r\u00e9alimentation de solution, des tables rotatives, des options de contr\u00f4le et de programmation automatiques du traitement, des unit\u00e9s de refroidissement de la solution, des syst\u00e8mes de manipulation des pi\u00e8ces, des plateformes de travail personnalis\u00e9es, et bien plus encore.<\/p>\n<p>&nbsp;<\/p>\n<p>&nbsp;<\/p>\n<p>&nbsp;<\/p>\n","protected":false},"excerpt":{"rendered":"<p>La machine d\u2019usinage par \u00e9coulement abrasif de la s\u00e9rie SPECTRUM offre une vaste gamme de capacit\u00e9s de traitement assortie d\u2019un choix de diam\u00e8tres de cylindres de solution, allant des mod\u00e8les \u00e0 pression maximale de 12 po (300 mm) aux versions \u00e0 pression r\u00e9duite de 24 po (600 mm).<\/p>\n","protected":false},"featured_media":1186,"template":"","meta":{"_acf_changed":false},"product_brand":[],"product_cat":[1032,1033],"product_tag":[],"class_list":{"0":"post-31748","1":"product","2":"type-product","3":"status-publish","4":"has-post-thumbnail","6":"product_cat-polissage-et-finition","7":"product_cat-afm","9":"first","10":"instock","11":"taxable","12":"shipping-taxable","13":"purchasable","14":"product-type-simple"},"acf":[],"_links":{"self":[{"href":"https:\/\/spark-co.com\/fr\/wp-json\/wp\/v2\/product\/31748","targetHints":{"allow":["GET"]}}],"collection":[{"href":"https:\/\/spark-co.com\/fr\/wp-json\/wp\/v2\/product"}],"about":[{"href":"https:\/\/spark-co.com\/fr\/wp-json\/wp\/v2\/types\/product"}],"wp:featuredmedia":[{"embeddable":true,"href":"https:\/\/spark-co.com\/fr\/wp-json\/wp\/v2\/media\/1186"}],"wp:attachment":[{"href":"https:\/\/spark-co.com\/fr\/wp-json\/wp\/v2\/media?parent=31748"}],"wp:term":[{"taxonomy":"product_brand","embeddable":true,"href":"https:\/\/spark-co.com\/fr\/wp-json\/wp\/v2\/product_brand?post=31748"},{"taxonomy":"product_cat","embeddable":true,"href":"https:\/\/spark-co.com\/fr\/wp-json\/wp\/v2\/product_cat?post=31748"},{"taxonomy":"product_tag","embeddable":true,"href":"https:\/\/spark-co.com\/fr\/wp-json\/wp\/v2\/product_tag?post=31748"}],"curies":[{"name":"wp","href":"https:\/\/api.w.org\/{rel}","templated":true}]}}