{"id":31742,"date":"2024-04-04T10:57:59","date_gmt":"2024-04-04T14:57:59","guid":{"rendered":"https:\/\/spark-co.com\/product\/microflow\/"},"modified":"2024-04-10T15:05:31","modified_gmt":"2024-04-10T19:05:31","slug":"microflow","status":"publish","type":"product","link":"https:\/\/spark-co.com\/fr\/produit\/microflow\/","title":{"rendered":"MICROFLOW"},"content":{"rendered":"<p>Technologie de ciblage de flux haute pr\u00e9cision dans un syst\u00e8me robuste pr\u00eat pour la production. La nouvelle conception du syst\u00e8me MICROFLOW est le r\u00e9sultat de d\u00e9cennies d\u2019exp\u00e9rience dans le traitement de syst\u00e8mes de carburant rattach\u00e9s aux syst\u00e8mes automatis\u00e9s de grande envergure. Le nouveau MICROFLOW 100 procure le m\u00eame traitement pr\u00e9cis qu\u2019un syst\u00e8me de ciblage enti\u00e8rement automatis\u00e9, mais dans un format plus petit, sous forme de machine autonome. Con\u00e7ue pour les petits trous et les pi\u00e8ces n\u00e9cessitant un d\u00e9bit sp\u00e9cifique, cette unit\u00e9 de production autonome fournit des r\u00e9sultats de pr\u00e9cision. La conception robuste et compacte s\u2019adapte \u00e0 vos exigences de production tout en vous offrant une combinaison de haute pr\u00e9cision, de fiabilit\u00e9, d\u2019exactitude et de convivialit\u00e9.<\/p>\n<p>&nbsp;<\/p>\n<p>&nbsp;<\/p>\n<p>&nbsp;<\/p>\n","protected":false},"excerpt":{"rendered":"<p>Technologie de ciblage de flux haute pr\u00e9cision dans un syst\u00e8me robuste pr\u00eat pour la production. La nouvelle conception du syst\u00e8me MICROFLOW est le r\u00e9sultat de d\u00e9cennies d\u2019exp\u00e9rience dans le traitement de syst\u00e8mes de carburant rattach\u00e9s aux syst\u00e8mes automatis\u00e9s de grande envergure.<\/p>\n","protected":false},"featured_media":1190,"template":"","meta":{"_acf_changed":false},"product_brand":[],"product_cat":[1032,1034],"product_tag":[],"class_list":{"0":"post-31742","1":"product","2":"type-product","3":"status-publish","4":"has-post-thumbnail","6":"product_cat-polissage-et-finition","7":"product_cat-microflow","9":"first","10":"instock","11":"taxable","12":"shipping-taxable","13":"purchasable","14":"product-type-simple"},"acf":[],"_links":{"self":[{"href":"https:\/\/spark-co.com\/fr\/wp-json\/wp\/v2\/product\/31742","targetHints":{"allow":["GET"]}}],"collection":[{"href":"https:\/\/spark-co.com\/fr\/wp-json\/wp\/v2\/product"}],"about":[{"href":"https:\/\/spark-co.com\/fr\/wp-json\/wp\/v2\/types\/product"}],"wp:featuredmedia":[{"embeddable":true,"href":"https:\/\/spark-co.com\/fr\/wp-json\/wp\/v2\/media\/1190"}],"wp:attachment":[{"href":"https:\/\/spark-co.com\/fr\/wp-json\/wp\/v2\/media?parent=31742"}],"wp:term":[{"taxonomy":"product_brand","embeddable":true,"href":"https:\/\/spark-co.com\/fr\/wp-json\/wp\/v2\/product_brand?post=31742"},{"taxonomy":"product_cat","embeddable":true,"href":"https:\/\/spark-co.com\/fr\/wp-json\/wp\/v2\/product_cat?post=31742"},{"taxonomy":"product_tag","embeddable":true,"href":"https:\/\/spark-co.com\/fr\/wp-json\/wp\/v2\/product_tag?post=31742"}],"curies":[{"name":"wp","href":"https:\/\/api.w.org\/{rel}","templated":true}]}}