{"id":31737,"date":"2024-04-04T10:44:58","date_gmt":"2024-04-04T14:44:58","guid":{"rendered":"https:\/\/spark-co.com\/product\/ecline-duplex\/"},"modified":"2024-04-10T15:16:49","modified_gmt":"2024-04-10T19:16:49","slug":"ecline-duplex","status":"publish","type":"product","link":"https:\/\/spark-co.com\/fr\/produit\/ecline-duplex\/","title":{"rendered":"ECLINE DUPLEX"},"content":{"rendered":"<p>Syst\u00e8me d\u2019usinage \u00e9lectrochimique \u00e0 configuration individuelle, pour une efficacit\u00e9 accrue dans la production en s\u00e9rie. La s\u00e9rie ECLINE est la solution id\u00e9ale pour \u00e9liminer les bavures apr\u00e8s le tournage, le fraisage, le meulage, le pierrage ou l\u2019al\u00e9sage, ainsi que pour arrondir les bords ou tracer des contours. La s\u00e9rie modulaire convient particuli\u00e8rement bien \u00e0 la production de moyenne \u00e0 grande \u00e9chelle de pi\u00e8ces usin\u00e9es.<\/p>\n<p>&nbsp;<\/p>\n<p>&nbsp;<\/p>\n<p>&nbsp;<\/p>\n","protected":false},"excerpt":{"rendered":"<p>Syst\u00e8me d\u2019usinage \u00e9lectrochimique \u00e0 configuration individuelle, pour une efficacit\u00e9 accrue dans la production en s\u00e9rie.<\/p>\n","protected":false},"featured_media":1194,"template":"","meta":{"_acf_changed":false},"product_brand":[],"product_cat":[1032,1037],"product_tag":[],"class_list":{"0":"post-31737","1":"product","2":"type-product","3":"status-publish","4":"has-post-thumbnail","6":"product_cat-polissage-et-finition","7":"product_cat-ecm","9":"first","10":"instock","11":"taxable","12":"shipping-taxable","13":"product-type-simple"},"acf":[],"_links":{"self":[{"href":"https:\/\/spark-co.com\/fr\/wp-json\/wp\/v2\/product\/31737","targetHints":{"allow":["GET"]}}],"collection":[{"href":"https:\/\/spark-co.com\/fr\/wp-json\/wp\/v2\/product"}],"about":[{"href":"https:\/\/spark-co.com\/fr\/wp-json\/wp\/v2\/types\/product"}],"wp:featuredmedia":[{"embeddable":true,"href":"https:\/\/spark-co.com\/fr\/wp-json\/wp\/v2\/media\/1194"}],"wp:attachment":[{"href":"https:\/\/spark-co.com\/fr\/wp-json\/wp\/v2\/media?parent=31737"}],"wp:term":[{"taxonomy":"product_brand","embeddable":true,"href":"https:\/\/spark-co.com\/fr\/wp-json\/wp\/v2\/product_brand?post=31737"},{"taxonomy":"product_cat","embeddable":true,"href":"https:\/\/spark-co.com\/fr\/wp-json\/wp\/v2\/product_cat?post=31737"},{"taxonomy":"product_tag","embeddable":true,"href":"https:\/\/spark-co.com\/fr\/wp-json\/wp\/v2\/product_tag?post=31737"}],"curies":[{"name":"wp","href":"https:\/\/api.w.org\/{rel}","templated":true}]}}