{"id":31733,"date":"2024-04-04T10:37:58","date_gmt":"2024-04-04T14:37:58","guid":{"rendered":"https:\/\/spark-co.com\/product\/coolpulse\/"},"modified":"2024-09-11T15:47:29","modified_gmt":"2024-09-11T19:47:29","slug":"coolpulse","status":"publish","type":"product","link":"https:\/\/spark-co.com\/fr\/produit\/coolpulse\/","title":{"rendered":"COOLPULSE"},"content":{"rendered":"<p>Solution de finition am\u00e9lior\u00e9e pour les composants m\u00e9talliques imprim\u00e9s en 3D<br \/>\nLa technologie EXTRUDE HONE ouvre la voie \u00e0 un processus tr\u00e8s \u00e9conomique, rapide, contr\u00f4lable, flexible et respectueux de l\u2019environnement pour am\u00e9liorer la finition de surface des pi\u00e8ces m\u00e9talliques imprim\u00e9es en 3D. La machine est offerte en quatre versions : COOLPULSEMC 500\/1000\/1500\/2000. En choisissant la version 2000 plut\u00f4t que la version 500 de la machine COOLPULSEMC, vous faites place \u00e0 la pleine puissance. Vous quadruplez la surface de la pi\u00e8ce usinable, la faisant passer de 300 cm2 \u00e0 1 200 cm2 , ce qui vous permet de quadrupler votre production tout en respectant la meilleure configuration.<\/p>\n<p>&nbsp;<\/p>\n","protected":false},"excerpt":{"rendered":"<p>Solution de finition am\u00e9lior\u00e9e pour les composants m\u00e9talliques imprim\u00e9s en 3D<\/p>\n","protected":false},"featured_media":1198,"template":"","meta":{"_acf_changed":false},"product_brand":[],"product_cat":[1032,1035],"product_tag":[],"class_list":{"0":"post-31733","1":"product","2":"type-product","3":"status-publish","4":"has-post-thumbnail","6":"product_cat-polissage-et-finition","7":"product_cat-coolpulse","9":"first","10":"instock","11":"taxable","12":"shipping-taxable","13":"product-type-simple"},"acf":[],"_links":{"self":[{"href":"https:\/\/spark-co.com\/fr\/wp-json\/wp\/v2\/product\/31733","targetHints":{"allow":["GET"]}}],"collection":[{"href":"https:\/\/spark-co.com\/fr\/wp-json\/wp\/v2\/product"}],"about":[{"href":"https:\/\/spark-co.com\/fr\/wp-json\/wp\/v2\/types\/product"}],"wp:featuredmedia":[{"embeddable":true,"href":"https:\/\/spark-co.com\/fr\/wp-json\/wp\/v2\/media\/1198"}],"wp:attachment":[{"href":"https:\/\/spark-co.com\/fr\/wp-json\/wp\/v2\/media?parent=31733"}],"wp:term":[{"taxonomy":"product_brand","embeddable":true,"href":"https:\/\/spark-co.com\/fr\/wp-json\/wp\/v2\/product_brand?post=31733"},{"taxonomy":"product_cat","embeddable":true,"href":"https:\/\/spark-co.com\/fr\/wp-json\/wp\/v2\/product_cat?post=31733"},{"taxonomy":"product_tag","embeddable":true,"href":"https:\/\/spark-co.com\/fr\/wp-json\/wp\/v2\/product_tag?post=31733"}],"curies":[{"name":"wp","href":"https:\/\/api.w.org\/{rel}","templated":true}]}}