{"id":31729,"date":"2024-04-04T10:17:46","date_gmt":"2024-04-04T14:17:47","guid":{"rendered":"https:\/\/spark-co.com\/?post_type=product&#038;p=31729"},"modified":"2024-04-10T14:53:44","modified_gmt":"2024-04-10T18:53:44","slug":"t250","status":"publish","type":"product","link":"https:\/\/spark-co.com\/fr\/produit\/t250\/","title":{"rendered":"T250"},"content":{"rendered":"<p>Syst\u00e8me d\u2019\u00e9barbage rapide et \u00e9conomique con\u00e7u pour les chambres des machines de petite ou de moyenne taille.<\/p>\n","protected":false},"excerpt":{"rendered":"<p>Syst\u00e8me d\u2019\u00e9barbage rapide et \u00e9conomique con\u00e7u pour les chambres des machines de petite ou de moyenne taille.<\/p>\n","protected":false},"featured_media":1200,"template":"","meta":{"_acf_changed":false},"product_brand":[],"product_cat":[1032,1036],"product_tag":[],"class_list":{"0":"post-31729","1":"product","2":"type-product","3":"status-publish","4":"has-post-thumbnail","6":"product_cat-polissage-et-finition","7":"product_cat-tem","9":"first","10":"instock","11":"taxable","12":"shipping-taxable","13":"product-type-simple"},"acf":[],"_links":{"self":[{"href":"https:\/\/spark-co.com\/fr\/wp-json\/wp\/v2\/product\/31729","targetHints":{"allow":["GET"]}}],"collection":[{"href":"https:\/\/spark-co.com\/fr\/wp-json\/wp\/v2\/product"}],"about":[{"href":"https:\/\/spark-co.com\/fr\/wp-json\/wp\/v2\/types\/product"}],"wp:featuredmedia":[{"embeddable":true,"href":"https:\/\/spark-co.com\/fr\/wp-json\/wp\/v2\/media\/1200"}],"wp:attachment":[{"href":"https:\/\/spark-co.com\/fr\/wp-json\/wp\/v2\/media?parent=31729"}],"wp:term":[{"taxonomy":"product_brand","embeddable":true,"href":"https:\/\/spark-co.com\/fr\/wp-json\/wp\/v2\/product_brand?post=31729"},{"taxonomy":"product_cat","embeddable":true,"href":"https:\/\/spark-co.com\/fr\/wp-json\/wp\/v2\/product_cat?post=31729"},{"taxonomy":"product_tag","embeddable":true,"href":"https:\/\/spark-co.com\/fr\/wp-json\/wp\/v2\/product_tag?post=31729"}],"curies":[{"name":"wp","href":"https:\/\/api.w.org\/{rel}","templated":true}]}}