{"id":31724,"date":"2024-04-04T09:51:13","date_gmt":"2024-04-04T13:51:13","guid":{"rendered":"https:\/\/spark-co.com\/product\/t350\/"},"modified":"2024-04-10T14:45:56","modified_gmt":"2024-04-10T18:45:56","slug":"t350","status":"publish","type":"product","link":"https:\/\/spark-co.com\/fr\/produit\/t350\/","title":{"rendered":"T350"},"content":{"rendered":"<p>Les machines d\u2019\u00e9bavurage thermique T350 et T450 offrent une solution rapide et fiable pour l\u2019\u00e9limination simultan\u00e9e de toutes les bavures internes et externes en une seule op\u00e9ration. Elles sont con\u00e7ues pour g\u00e9n\u00e9rer des volumes de production de moyens \u00e0 grands, ainsi que pour traiter une vari\u00e9t\u00e9 de pi\u00e8ces difficiles \u00e0 \u00e9bavurer.<\/p>\n<p>Ces machines sont offertes avec des chambres de plusieurs tailles et sont assorties d\u2019une pression maximale de 23 bars et d\u2019un temps de cycle le plus court de 55 secondes.<\/p>\n<p>&nbsp;<\/p>\n<p>&nbsp;<\/p>\n<p>&nbsp;<\/p>\n","protected":false},"excerpt":{"rendered":"<p>Les machines d\u2019\u00e9bavurage thermique T350 et T450 offrent une solution rapide et fiable pour l\u2019\u00e9limination simultan\u00e9e de toutes les bavures internes et externes en une seule op\u00e9ration.<\/p>\n","protected":false},"featured_media":1202,"template":"","meta":{"_acf_changed":false},"product_brand":[],"product_cat":[1032,1036],"product_tag":[],"class_list":{"0":"post-31724","1":"product","2":"type-product","3":"status-publish","4":"has-post-thumbnail","6":"product_cat-polissage-et-finition","7":"product_cat-tem","9":"first","10":"instock","11":"taxable","12":"shipping-taxable","13":"product-type-simple"},"acf":[],"_links":{"self":[{"href":"https:\/\/spark-co.com\/fr\/wp-json\/wp\/v2\/product\/31724","targetHints":{"allow":["GET"]}}],"collection":[{"href":"https:\/\/spark-co.com\/fr\/wp-json\/wp\/v2\/product"}],"about":[{"href":"https:\/\/spark-co.com\/fr\/wp-json\/wp\/v2\/types\/product"}],"wp:featuredmedia":[{"embeddable":true,"href":"https:\/\/spark-co.com\/fr\/wp-json\/wp\/v2\/media\/1202"}],"wp:attachment":[{"href":"https:\/\/spark-co.com\/fr\/wp-json\/wp\/v2\/media?parent=31724"}],"wp:term":[{"taxonomy":"product_brand","embeddable":true,"href":"https:\/\/spark-co.com\/fr\/wp-json\/wp\/v2\/product_brand?post=31724"},{"taxonomy":"product_cat","embeddable":true,"href":"https:\/\/spark-co.com\/fr\/wp-json\/wp\/v2\/product_cat?post=31724"},{"taxonomy":"product_tag","embeddable":true,"href":"https:\/\/spark-co.com\/fr\/wp-json\/wp\/v2\/product_tag?post=31724"}],"curies":[{"name":"wp","href":"https:\/\/api.w.org\/{rel}","templated":true}]}}