{"id":31718,"date":"2024-04-04T09:18:01","date_gmt":"2024-04-04T13:18:01","guid":{"rendered":"https:\/\/spark-co.com\/product\/maxiem-2060\/"},"modified":"2024-09-11T15:28:28","modified_gmt":"2024-09-11T19:28:28","slug":"maxiem-2060","status":"publish","type":"product","link":"https:\/\/spark-co.com\/fr\/produit\/maxiem-2060\/","title":{"rendered":"MAXIEM 2060"},"content":{"rendered":"<p>La d\u00e9coupe au jet d&rsquo;eau Maxiem 2060 \u00e9tablit une nouvelle norme pour l&rsquo;usinage par jet d&rsquo;eau abrasif. Plus rapide, plus doux et plus pr\u00e9cis, la MAXIEM 2060 est id\u00e9al pour un large \u00e9ventail de besoins d&rsquo;usinage modernes et de grand format.<\/p>\n<p>La machine de d\u00e9coupe au jet d&rsquo;eau Maxiem 2060 sait exactement o\u00f9 se trouve la t\u00eate de coupe \u00e0 tout moment gr\u00e2ce au syst\u00e8me d&rsquo;entra\u00eenement lin\u00e9aire exclusif IntelliTRAX\u00ae qui utilise des encodeurs magn\u00e9tiques pour fournir un retour d&rsquo;information sur l&#8217;emplacement avec une r\u00e9solution d&rsquo;un micron.\u00a0 Con\u00e7u sp\u00e9cialement pour les jets d&rsquo;eau abrasifs, le syst\u00e8me n\u00e9cessite moins de maintenance car il est enti\u00e8rement enferm\u00e9 dans des couvercles en acier rev\u00eatu \u00e0 l&rsquo;int\u00e9rieur des faisceaux de l&rsquo;axe X-Y. Une dur\u00e9e de vie plus longue, moins de temps d&rsquo;arr\u00eat.<\/p>\n<p><!--more-->Rapide, pr\u00e9cis et efficace, tel est le nom du MAXIEM 2060, \u00e9quip\u00e9 d&rsquo;une pompe \u00e0 entra\u00eenement direct tr\u00e8s efficace et d&rsquo;une buse MAXJET\u00ae 5i int\u00e9gr\u00e9e au diamant pour fournir la puissance de buse la plus \u00e9lev\u00e9e de l&rsquo;industrie avec une efficacit\u00e9 de fonctionnement allant jusqu&rsquo;\u00e0 85 % pour une coupe plus rapide et plus efficace.<\/p>\n<p>La machine de d\u00e9coupe au jet d&rsquo;eau Maxiem 2060 utilise beaucoup moins d&rsquo;eau de refroidissement que les pompes \u00e0 intensificateur hydraulique inefficaces et affiche la consommation \u00e9lectrique la plus faible de l&rsquo;industrie.<\/p>\n<p>Programmez facilement des pi\u00e8ces complexes et configurez la d\u00e9coupe automatis\u00e9e pour qu&rsquo;elle se d\u00e9roule sans surveillance gr\u00e2ce au logiciel convivial IntelliMAX\u00ae sur le puissant contr\u00f4leur dot\u00e9 d&rsquo;un \u00e9cran large haute r\u00e9solution offrant une vue claire des trajectoires des outils. Le poste de commande mobile offre une grande souplesse dans le positionnement du contr\u00f4leur en fonction de votre espace de travail.<\/p>\n<p>Le syst\u00e8me de jet d&rsquo;eau abrasif MAXIEM 2060 d\u00e9coupe presque tous les mat\u00e9riaux, de l&rsquo;acier au titane en passant par la fibre de carbone, les composites, le verre, etc. Avec une enveloppe de coupe X-Y de 6 248 mm x 2 007 mm (20&prime; 6&Prime; x 6&prime; 7&Prime;), une vitesse de coupe maximale de 12 700 mm\/min (500 pouces par minute) et une pr\u00e9cision de positionnement lin\u00e9aire de \u00b10.08 mm (+0,0030&Prime;), cette d\u00e9coupeuse \u00e0 jet d&rsquo;eau haute performance ne cesse de fonctionner.<\/p>\n<p>Des accessoires optionnels tels que le A-Jet\u00ae pour la d\u00e9coupe 5 axes et la compensation du c\u00f4ne et l&rsquo;IntelliVISOR\u00ae EX pour la surveillance \u00e9tendue du syst\u00e8me \u00e9largissent vos capacit\u00e9s d&rsquo;usinage au jet d&rsquo;eau et am\u00e9liorent consid\u00e9rablement la production.<\/p>\n<p>Spark &amp; Co. est distributeur des syst\u00e8mes de d\u00e9coupe au jet d\u2019eau OMAX (s\u00e9ries\u00a0<a href=\"https:\/\/spark-co.com\/fr\/machines-accessoires\/jet-deau\/decoupage-jet-deau-machines\/protomax\/\">PROTOMAX\u00ae,<\/a>\u00a0<a href=\"https:\/\/spark-co.com\/fr\/machines-accessoires\/jet-deau\/decoupage-jet-deau-machines\/globalmax\/\">GLOBALMAX\u00ae,<\/a>\u00a0<a href=\"https:\/\/spark-co.com\/fr\/machines-accessoires\/jet-deau\/decoupage-jet-deau-machines\/maxiem\/\">MAXIEM\u00ae<\/a>\u00a0et\u00a0<a href=\"https:\/\/spark-co.com\/fr\/machines-accessoires\/jet-deau\/decoupage-jet-deau-machines\/serie-omax\/\">OMAX S\u00e9rie\u00ae)<\/a>\u00a0depuis plus de dix ans. Personne n\u2019est mieux \u00e9quip\u00e9 pour r\u00e9pondre \u00e0 vos besoins en mati\u00e8re de jet d\u2019eau, de Laser (\u00a0<a href=\"https:\/\/spark-co.com\/fr\/machines-accessoires\/decoupage-laser\/decoupage-laser-2d\/\">laser 2D<\/a>,\u00a0<a href=\"https:\/\/spark-co.com\/fr\/machines-accessoires\/decoupage-laser\/decoupe-de-tubes-au-laser\/\">Tube au Laser<\/a>),\u00a0de\u00a0<a href=\"https:\/\/spark-co.com\/fr\/machines-accessoires\/polissage-et-finition\/\">polissage et de finition<\/a>.<\/p>\n<p>Pour plus d&rsquo;information :<a href=\"https:\/\/www.omax.com\/maxiem-waterjet\/2060\" target=\"_blank\" rel=\"noopener\"> https:\/\/www.omax.com\/maxiem-waterjet\/2060<\/a><\/p>\n<p>&nbsp;<\/p>\n","protected":false},"excerpt":{"rendered":"<p>La d\u00e9coupe au jet d&rsquo;eau Maxiem 2060 \u00e9tablit une nouvelle norme pour l&rsquo;usinage par jet d&rsquo;eau abrasif. Plus rapide, plus doux et plus pr\u00e9cis, la MAXIEM 2060 est id\u00e9al pour un large \u00e9ventail de besoins d&rsquo;usinage modernes et de grand format.<\/p>\n","protected":false},"featured_media":862,"template":"","meta":{"_acf_changed":false},"product_brand":[],"product_cat":[211,1019,1023],"product_tag":[],"class_list":{"0":"post-31718","1":"product","2":"type-product","3":"status-publish","4":"has-post-thumbnail","6":"product_cat-jet-deau","7":"product_cat-decoupage-jet-deau-machines","8":"product_cat-maxiem","10":"first","11":"instock","12":"taxable","13":"shipping-taxable","14":"product-type-simple"},"acf":[],"_links":{"self":[{"href":"https:\/\/spark-co.com\/fr\/wp-json\/wp\/v2\/product\/31718","targetHints":{"allow":["GET"]}}],"collection":[{"href":"https:\/\/spark-co.com\/fr\/wp-json\/wp\/v2\/product"}],"about":[{"href":"https:\/\/spark-co.com\/fr\/wp-json\/wp\/v2\/types\/product"}],"wp:featuredmedia":[{"embeddable":true,"href":"https:\/\/spark-co.com\/fr\/wp-json\/wp\/v2\/media\/862"}],"wp:attachment":[{"href":"https:\/\/spark-co.com\/fr\/wp-json\/wp\/v2\/media?parent=31718"}],"wp:term":[{"taxonomy":"product_brand","embeddable":true,"href":"https:\/\/spark-co.com\/fr\/wp-json\/wp\/v2\/product_brand?post=31718"},{"taxonomy":"product_cat","embeddable":true,"href":"https:\/\/spark-co.com\/fr\/wp-json\/wp\/v2\/product_cat?post=31718"},{"taxonomy":"product_tag","embeddable":true,"href":"https:\/\/spark-co.com\/fr\/wp-json\/wp\/v2\/product_tag?post=31718"}],"curies":[{"name":"wp","href":"https:\/\/api.w.org\/{rel}","templated":true}]}}