{"id":31714,"date":"2024-04-03T16:31:12","date_gmt":"2024-04-03T20:31:12","guid":{"rendered":"https:\/\/spark-co.com\/product\/eco\/"},"modified":"2024-04-10T15:12:18","modified_gmt":"2024-04-10T19:12:18","slug":"eco","status":"publish","type":"product","link":"https:\/\/spark-co.com\/fr\/produit\/eco\/","title":{"rendered":"ECO +"},"content":{"rendered":"<p><strong>Machine ECM modulaire d&rsquo;entr\u00e9e de gamme<\/strong><br \/>\nAvec le nouveau concept de machine ECM modulaire d&rsquo;entr\u00e9e de gamme, Extrude Hone offre la flexibilit\u00e9 dont ses clients ont besoin pour avoir exactement l&rsquo;\u00e9quipement n\u00e9cessaire pour traiter leurs applications ECM.<\/p>\n<p>Un syst\u00e8me modulaire avec 5 packs diff\u00e9rents vous aide \u00e0 configurer la machine pour r\u00e9pondre \u00e0 vos besoins.<\/p>\n<p>Les packs standards r\u00e9duisent le d\u00e9lai de livraison tout en offrant une grande modularit\u00e9. Cela signifie que vous n&rsquo;avez pas \u00e0 payer pour des options inutiles, sans pour autant affecter la qualit\u00e9 de vos pi\u00e8ces trait\u00e9es en ECM.<\/p>\n<p>&nbsp;<\/p>\n<p>&nbsp;<\/p>\n<p>&nbsp;<\/p>\n","protected":false},"excerpt":{"rendered":"<p>Machine ECM modulaire d&rsquo;entr\u00e9e de gamme<\/p>\n","protected":false},"featured_media":5125,"template":"","meta":{"_acf_changed":false},"product_brand":[],"product_cat":[1032,1037],"product_tag":[],"class_list":{"0":"post-31714","1":"product","2":"type-product","3":"status-publish","4":"has-post-thumbnail","6":"product_cat-polissage-et-finition","7":"product_cat-ecm","9":"first","10":"instock","11":"taxable","12":"shipping-taxable","13":"product-type-simple"},"acf":[],"_links":{"self":[{"href":"https:\/\/spark-co.com\/fr\/wp-json\/wp\/v2\/product\/31714","targetHints":{"allow":["GET"]}}],"collection":[{"href":"https:\/\/spark-co.com\/fr\/wp-json\/wp\/v2\/product"}],"about":[{"href":"https:\/\/spark-co.com\/fr\/wp-json\/wp\/v2\/types\/product"}],"wp:featuredmedia":[{"embeddable":true,"href":"https:\/\/spark-co.com\/fr\/wp-json\/wp\/v2\/media\/5125"}],"wp:attachment":[{"href":"https:\/\/spark-co.com\/fr\/wp-json\/wp\/v2\/media?parent=31714"}],"wp:term":[{"taxonomy":"product_brand","embeddable":true,"href":"https:\/\/spark-co.com\/fr\/wp-json\/wp\/v2\/product_brand?post=31714"},{"taxonomy":"product_cat","embeddable":true,"href":"https:\/\/spark-co.com\/fr\/wp-json\/wp\/v2\/product_cat?post=31714"},{"taxonomy":"product_tag","embeddable":true,"href":"https:\/\/spark-co.com\/fr\/wp-json\/wp\/v2\/product_tag?post=31714"}],"curies":[{"name":"wp","href":"https:\/\/api.w.org\/{rel}","templated":true}]}}