{"id":31708,"date":"2024-04-03T16:16:37","date_gmt":"2024-04-03T20:16:37","guid":{"rendered":"https:\/\/spark-co.com\/product\/maxiem-2040\/"},"modified":"2024-09-11T15:28:36","modified_gmt":"2024-09-11T19:28:36","slug":"maxiem-2040","status":"publish","type":"product","link":"https:\/\/spark-co.com\/fr\/produit\/maxiem-2040\/","title":{"rendered":"MAXIEM 2040"},"content":{"rendered":"<p>La d\u00e9coupe au jet d&rsquo;eau Maxiem 2040 , plus gros, c&rsquo;est mieux quand il s&rsquo;agit du syst\u00e8me d&rsquo;usinage au jet d&rsquo;eau abrasif MAXIEM 2040, un centre d&rsquo;usinage au jet robuste con\u00e7u pour une production \u00e0 haute capacit\u00e9.<\/p>\n<p>La machine de d\u00e9coupe au jet d&rsquo;eau Maxiem 2040 peut facilement usiner presque tous les mat\u00e9riaux, de l&rsquo;acier et du titane \u00e0 la fibre de carbone, en passant par les composites, le verre, etc. Avec une enveloppe de coupe X-Y de 4 216 mm x\u00a0 2 007 mm (13&prime; 10&Prime; x 6&prime; 7&Prime;), une vitesse de coupe maximale de 12 700 mm\/min (500 pouces par minute) et une pr\u00e9cision de positionnement lin\u00e9aire de \u00b10.08 mm\u00a0 (+0,0030&Prime;), cette machine de d\u00e9coupe au jet d&rsquo;eau robuste peut traiter tous les travaux que vous lui confiez.<\/p>\n<p>Gr\u00e2ce \u00e0 sa pompe \u00e0 entra\u00eenement direct tr\u00e8s efficace, \u00e0 son axe Z motoris\u00e9 programmable et \u00e0 sa buse MAXJET\u00ae 5i int\u00e9gr\u00e9e au diamant, cette machine \u00e0 jet d&rsquo;eau robuste fournit la plus grande puissance de buse de l&rsquo;industrie avec une efficacit\u00e9 de fonctionnement allant jusqu&rsquo;\u00e0 85 % pour une d\u00e9coupe plus rapide et plus efficace. La MAXIEM utilise beaucoup moins d&rsquo;eau de refroidissement que les pompes hydrauliques \u00e0 intensificateurs inefficaces et affiche la consommation \u00e9lectrique la plus faible de l&rsquo;industrie.<\/p>\n<p>Le syst\u00e8me de traction IntelliTRAX\u00ae en instance de brevet d&rsquo;OMAX, le premier syst\u00e8me de contr\u00f4le de mouvement con\u00e7u sp\u00e9cifiquement pour les jets d&rsquo;eau abrasifs, \u00e0 l&rsquo;int\u00e9rieur des poutres de l&rsquo;axe X-Y est enti\u00e8rement enferm\u00e9 dans des couvercles en acier rev\u00eatu pour une plus grande durabilit\u00e9 et une maintenance r\u00e9duite de la machine. Le syst\u00e8me int\u00e8gre un codeur lin\u00e9aire magn\u00e9tique et un contr\u00f4le \u00e9lectronique de l&rsquo;entra\u00eenement pour un positionnement pr\u00e9cis.<\/p>\n<p>Faites-en plus pour moins cher avec ce centre d&rsquo;usinage \u00e0 jet d&rsquo;eau de nouvelle g\u00e9n\u00e9ration qui peut \u00eatre configur\u00e9 pour que la d\u00e9coupe automatique fonctionne sans surveillance. La suite logicielle innovante IntelliMAX\u00ae sur le puissant contr\u00f4leur permet de programmer facilement des pi\u00e8ces complexes, avec un \u00e9cran haute r\u00e9solution offrant une vue claire des trajectoires des outils.<\/p>\n<p>Gr\u00e2ce \u00e0 la surveillance du syst\u00e8me Intelli-VISOR\u00ae incluse, qui aide \u00e0 planifier les temps d&rsquo;arr\u00eat pour la maintenance, votre d\u00e9coupe au jet d&rsquo;eau Maxiem 2040 peut rester au maximum de son efficacit\u00e9.<\/p>\n<p>De nombreux accessoires suppl\u00e9mentaires, tels que la t\u00eate de coupe 5 axes A-Jet\u00ae, permettent \u00e0 la MAXIEM 2040 d&rsquo;atteindre des sommets en termes de productivit\u00e9 et de rentabilit\u00e9 pour vos besoins d&rsquo;usinage 3D.<\/p>\n<p>Spark &amp; Co. est distributeur des syst\u00e8mes de d\u00e9coupe au jet d\u2019eau OMAX (s\u00e9ries\u00a0<a href=\"https:\/\/spark-co.com\/fr\/machines-accessoires\/jet-deau\/decoupage-jet-deau-machines\/protomax\/\">PROTOMAX\u00ae,<\/a>\u00a0<a href=\"https:\/\/spark-co.com\/fr\/machines-accessoires\/jet-deau\/decoupage-jet-deau-machines\/globalmax\/\">GLOBALMAX\u00ae,<\/a>\u00a0<a href=\"https:\/\/spark-co.com\/fr\/machines-accessoires\/jet-deau\/decoupage-jet-deau-machines\/maxiem\/\">MAXIEM\u00ae<\/a>\u00a0et\u00a0<a href=\"https:\/\/spark-co.com\/fr\/machines-accessoires\/jet-deau\/decoupage-jet-deau-machines\/serie-omax\/\">OMAX S\u00e9rie\u00ae)<\/a>\u00a0depuis plus de dix ans. Personne n\u2019est mieux \u00e9quip\u00e9 pour r\u00e9pondre \u00e0 vos besoins en mati\u00e8re de jet d\u2019eau, de Laser (\u00a0<a href=\"https:\/\/spark-co.com\/fr\/machines-accessoires\/decoupage-laser\/decoupage-laser-2d\/\">laser 2D<\/a>,\u00a0<a href=\"https:\/\/spark-co.com\/fr\/machines-accessoires\/decoupage-laser\/decoupe-de-tubes-au-laser\/\">Tube au Laser<\/a>),\u00a0de\u00a0<a href=\"https:\/\/spark-co.com\/fr\/machines-accessoires\/polissage-et-finition\/\">polissage et de finition<\/a>.<\/p>\n<p>Pour plus d&rsquo;information : <a href=\"https:\/\/www.omax.com\/maxiem-waterjet\/2040\" target=\"_blank\" rel=\"noopener\">https:\/\/www.omax.com\/maxiem-waterjet\/2040<\/a><\/p>\n","protected":false},"excerpt":{"rendered":"<p>La d\u00e9coupe au jet d&rsquo;eau Maxiem 2040 , plus gros, c&rsquo;est mieux quand il s&rsquo;agit du syst\u00e8me d&rsquo;usinage au jet d&rsquo;eau abrasif MAXIEM 2040, un centre d&rsquo;usinage au jet robuste con\u00e7u pour une production \u00e0 haute capacit\u00e9.<\/p>\n","protected":false},"featured_media":859,"template":"","meta":{"_acf_changed":false},"product_brand":[],"product_cat":[211,1019,1023],"product_tag":[],"class_list":{"0":"post-31708","1":"product","2":"type-product","3":"status-publish","4":"has-post-thumbnail","6":"product_cat-jet-deau","7":"product_cat-decoupage-jet-deau-machines","8":"product_cat-maxiem","10":"first","11":"instock","12":"taxable","13":"shipping-taxable","14":"product-type-simple"},"acf":[],"_links":{"self":[{"href":"https:\/\/spark-co.com\/fr\/wp-json\/wp\/v2\/product\/31708","targetHints":{"allow":["GET"]}}],"collection":[{"href":"https:\/\/spark-co.com\/fr\/wp-json\/wp\/v2\/product"}],"about":[{"href":"https:\/\/spark-co.com\/fr\/wp-json\/wp\/v2\/types\/product"}],"wp:featuredmedia":[{"embeddable":true,"href":"https:\/\/spark-co.com\/fr\/wp-json\/wp\/v2\/media\/859"}],"wp:attachment":[{"href":"https:\/\/spark-co.com\/fr\/wp-json\/wp\/v2\/media?parent=31708"}],"wp:term":[{"taxonomy":"product_brand","embeddable":true,"href":"https:\/\/spark-co.com\/fr\/wp-json\/wp\/v2\/product_brand?post=31708"},{"taxonomy":"product_cat","embeddable":true,"href":"https:\/\/spark-co.com\/fr\/wp-json\/wp\/v2\/product_cat?post=31708"},{"taxonomy":"product_tag","embeddable":true,"href":"https:\/\/spark-co.com\/fr\/wp-json\/wp\/v2\/product_tag?post=31708"}],"curies":[{"name":"wp","href":"https:\/\/api.w.org\/{rel}","templated":true}]}}