{"id":31704,"date":"2024-04-03T15:35:22","date_gmt":"2024-04-03T19:35:22","guid":{"rendered":"https:\/\/spark-co.com\/product\/maxiem-2030\/"},"modified":"2024-09-11T15:28:38","modified_gmt":"2024-09-11T19:28:38","slug":"maxiem-2030","status":"publish","type":"product","link":"https:\/\/spark-co.com\/fr\/produit\/maxiem-2030\/","title":{"rendered":"MAXIEM 2030"},"content":{"rendered":"<p>La d\u00e9coupe au jet d&rsquo;eau Maxiem 2030 d&rsquo;OMAX est id\u00e9al pour l&rsquo;usinage de pr\u00e9cision \u00e0 grande \u00e9chelle de pi\u00e8ces multiples surdimensionn\u00e9es, embo\u00eet\u00e9es ou non, ce qui en fait un \u00e9quipement de choix pour les ateliers de travaux courants et les \u00e9quipementiers.<\/p>\n<p>Avec une vitesse de coupe de 12 700 mm\/min (500 pouces par minute) et une pr\u00e9cision de positionnement lin\u00e9aire de \u00b10.08 mm ( \u00b10,003&Prime;), vous pouvez couper rapidement et avec pr\u00e9cision une grande vari\u00e9t\u00e9 de mat\u00e9riaux et d&rsquo;\u00e9paisseurs, sans aucune zone affect\u00e9e par la chaleur, de l&rsquo;aluminium, du titane, du verre, du plastique, de la fibre de carbone et au-del\u00e0. Quel que soit le mat\u00e9riau, ce cutter aquajet laisse derri\u00e8re lui un bord satin\u00e9, ce qui r\u00e9duit les op\u00e9rations secondaires.<\/p>\n<p>Typique des machines de d\u00e9coupe au jet d&rsquo;eau Maxiem 2030 est \u00e9quip\u00e9 de composants et de technologies de pointe. Par exemple, une pompe \u00e0 entra\u00eenement direct \u00e0 tr\u00e8s haut rendement fournit la puissance de buse la plus \u00e9lev\u00e9e du march\u00e9, tout en convertissant plus de 85 % de l&rsquo;\u00e9nergie \u00e9lectrique en pure puissance de coupe.<\/p>\n<p>Aucun gaz, liquide ou huile nocif n&rsquo;est utilis\u00e9 dans le processus d&rsquo;usinage ou caus\u00e9 par celui-ci, et de plus, un syst\u00e8me \u00ab\u00a0vert\u00a0\u00bb respectueux de l&rsquo;environnement est integr\u00e9 pour un fonctionnement propre et silencieux, utilisant beaucoup moins d&rsquo;eau de refroidissement que les pompes \u00e0 intensificateur hydraulique inefficaces et affichant la consommation \u00e9lectrique la plus faible de l&rsquo;industrie.<\/p>\n<p>La suite logicielle innovante IntelliMAX\u00ae sur le puissant contr\u00f4leur permet de programmer facilement des pi\u00e8ces complexes, avec un \u00e9cran haute r\u00e9solution offrant une vue claire des trajectoires des outils.<\/p>\n<p>La fabrication de pi\u00e8ces complexes est un jeu d&rsquo;enfant gr\u00e2ce \u00e0 des accessoires optionnels tels que l&rsquo;A-Jet\u00ae pour la d\u00e9coupe 5 axes et la compensation de conicit\u00e9, le contr\u00f4le rapide du niveau d&rsquo;eau pour la d\u00e9coupe en immersion et le suiveur de terrain \u00e0 d\u00e9tection de collision pour l&rsquo;usinage de surfaces irr\u00e9guli\u00e8res, qui \u00e9largissent vos capacit\u00e9s d&rsquo;usinage au jet et am\u00e9liorent consid\u00e9rablement la production.<\/p>\n<p>La gamme MAXIEM de centres d&rsquo;usinage par jet d&rsquo;eau abrasif r\u00e9pond \u00e0 un large \u00e9ventail de besoins et int\u00e8gre des technologies \u00e9prouv\u00e9es capables de fournir aux utilisateurs une solution rentable, abordable et hautement productive. Configur\u00e9e pour votre entreprise avec une large compatibilit\u00e9 d&rsquo;accessoires, la MAXIEM construite par OMAX est enti\u00e8rement fabriqu\u00e9e aux \u00c9tats-Unis.<\/p>\n<p>Spark &amp; Co. est distributeur des syst\u00e8mes de d\u00e9coupe au jet d\u2019eau OMAX (s\u00e9ries\u00a0<a href=\"https:\/\/spark-co.com\/fr\/machines-accessoires\/jet-deau\/decoupage-jet-deau-machines\/protomax\/\">PROTOMAX\u00ae,<\/a>\u00a0<a href=\"https:\/\/spark-co.com\/fr\/machines-accessoires\/jet-deau\/decoupage-jet-deau-machines\/globalmax\/\">GLOBALMAX\u00ae,<\/a>\u00a0<a href=\"https:\/\/spark-co.com\/fr\/machines-accessoires\/jet-deau\/decoupage-jet-deau-machines\/maxiem\/\">MAXIEM\u00ae<\/a>\u00a0et\u00a0<a href=\"https:\/\/spark-co.com\/fr\/machines-accessoires\/jet-deau\/decoupage-jet-deau-machines\/serie-omax\/\">OMAX S\u00e9rie\u00ae)<\/a>\u00a0depuis plus de dix ans. Personne n\u2019est mieux \u00e9quip\u00e9 pour r\u00e9pondre \u00e0 vos besoins en mati\u00e8re de jet d\u2019eau, de Laser (\u00a0<a href=\"https:\/\/spark-co.com\/fr\/machines-accessoires\/decoupage-laser\/decoupage-laser-2d\/\">laser 2D<\/a>,\u00a0<a href=\"https:\/\/spark-co.com\/fr\/machines-accessoires\/decoupage-laser\/decoupe-de-tubes-au-laser\/\">Tube au Laser<\/a>),\u00a0de\u00a0<a href=\"https:\/\/spark-co.com\/fr\/machines-accessoires\/polissage-et-finition\/\">polissage et de finition<\/a>.<\/p>\n<p>Pour plus d&rsquo;information : <a href=\"https:\/\/www.omax.com\/maxiem-waterjet\/2030\" target=\"_blank\" rel=\"noopener\">https:\/\/www.omax.com\/maxiem-waterjet\/2030<\/a><\/p>\n","protected":false},"excerpt":{"rendered":"<p>La d\u00e9coupe au jet d&rsquo;eau Maxiem 2030 d&rsquo;OMAX est id\u00e9al pour l&rsquo;usinage de pr\u00e9cision \u00e0 grande \u00e9chelle de pi\u00e8ces multiples surdimensionn\u00e9es, embo\u00eet\u00e9es ou non, ce qui en fait un \u00e9quipement de choix pour les ateliers de travaux courants et les \u00e9quipementiers.<\/p>\n","protected":false},"featured_media":855,"template":"","meta":{"_acf_changed":false},"product_brand":[],"product_cat":[211,1019,1023],"product_tag":[],"class_list":{"0":"post-31704","1":"product","2":"type-product","3":"status-publish","4":"has-post-thumbnail","6":"product_cat-jet-deau","7":"product_cat-decoupage-jet-deau-machines","8":"product_cat-maxiem","10":"first","11":"instock","12":"taxable","13":"shipping-taxable","14":"product-type-simple"},"acf":[],"_links":{"self":[{"href":"https:\/\/spark-co.com\/fr\/wp-json\/wp\/v2\/product\/31704","targetHints":{"allow":["GET"]}}],"collection":[{"href":"https:\/\/spark-co.com\/fr\/wp-json\/wp\/v2\/product"}],"about":[{"href":"https:\/\/spark-co.com\/fr\/wp-json\/wp\/v2\/types\/product"}],"wp:featuredmedia":[{"embeddable":true,"href":"https:\/\/spark-co.com\/fr\/wp-json\/wp\/v2\/media\/855"}],"wp:attachment":[{"href":"https:\/\/spark-co.com\/fr\/wp-json\/wp\/v2\/media?parent=31704"}],"wp:term":[{"taxonomy":"product_brand","embeddable":true,"href":"https:\/\/spark-co.com\/fr\/wp-json\/wp\/v2\/product_brand?post=31704"},{"taxonomy":"product_cat","embeddable":true,"href":"https:\/\/spark-co.com\/fr\/wp-json\/wp\/v2\/product_cat?post=31704"},{"taxonomy":"product_tag","embeddable":true,"href":"https:\/\/spark-co.com\/fr\/wp-json\/wp\/v2\/product_tag?post=31704"}],"curies":[{"name":"wp","href":"https:\/\/api.w.org\/{rel}","templated":true}]}}