{"id":31700,"date":"2024-04-03T15:17:45","date_gmt":"2024-04-03T19:17:45","guid":{"rendered":"https:\/\/spark-co.com\/product\/maxiem-1530\/"},"modified":"2024-09-11T15:28:39","modified_gmt":"2024-09-11T19:28:39","slug":"maxiem-1530","status":"publish","type":"product","link":"https:\/\/spark-co.com\/fr\/produit\/maxiem-1530\/","title":{"rendered":"MAXIEM 1530"},"content":{"rendered":"<p>D\u00e9coupe au jet d&rsquo;eau Maxiem 1530 Con\u00e7ue pour r\u00e9pondre \u00e0 un large \u00e9ventail de besoins d&rsquo;usinage, la MAXIEM\u00ae 1530 \u00e9tablit un standard plus \u00e9lev\u00e9 pour l&rsquo;usinage de pr\u00e9cision au jet d&rsquo;eau abrasif. Dot\u00e9e d&rsquo;une enveloppe de coupe X-Y de 3 048 mm x 1 575 mm (10&prime; X 5&rsquo;2&Prime;), la conception du r\u00e9servoir rigide est dimensionn\u00e9e pour traiter des plaques de dimensions courantes avec de l&rsquo;espace en r\u00e9serve.<\/p>\n<p>Le syst\u00e8me de mouvement lin\u00e9aire avanc\u00e9 utilise des encodeurs lin\u00e9aires num\u00e9riques pour fournir un retour d&rsquo;information instantan\u00e9 sur la position de la t\u00eate de coupe au niveau du micron au contr\u00f4leur Windows\u00ae afin d&rsquo;assurer une production pr\u00e9cise des pi\u00e8ces.<\/p>\n<p>\u00c9quip\u00e9 d&rsquo;une buse MAXJET\u00ae 5i int\u00e9gr\u00e9e au diamant, le centre d&rsquo;usinage par jet MAXIEM 1530 peut couper pratiquement n&rsquo;importe quel mat\u00e9riau rapidement et efficacement, ce qui maximise la rentabilit\u00e9.<\/p>\n<p>Ne vous laissez pas tromper par son aspect ext\u00e9rieur noir et rouge : la D\u00e9coupe au jet d&rsquo;eau Maxiem 1530 est enti\u00e8rement verte ! Aucun gaz, liquide ou huile nocive n&rsquo;est utilis\u00e9 dans le processus d&rsquo;usinage ou caus\u00e9 par celui-ci, et ses caract\u00e9ristiques sont un syst\u00e8me \u00ab\u00a0vert\u00a0\u00bb respectueux de l&rsquo;environnement, con\u00e7u pour un fonctionnement propre et silencieux avec une faible consommation \u00e9lectrique. Vert pour l&rsquo;environnement et vert pour votre porte-monnaie !<\/p>\n<p>Gr\u00e2ce \u00e0 sa pompe \u00e0 entra\u00eenement direct tr\u00e8s efficace, cette machine \u00e0 jet d&rsquo;eau imbattable fournit la puissance de buse la plus \u00e9lev\u00e9e de l&rsquo;industrie avec une efficacit\u00e9 de fonctionnement allant jusqu&rsquo;\u00e0 85 % pour une d\u00e9coupe plus rapide et plus efficace.<\/p>\n<p>La d\u00e9coupe au jet d&rsquo;eau Maxiem 1530 utilise beaucoup moins d&rsquo;eau de refroidissement que les pompes \u00e0 intensificateur hydraulique inefficaces et affiche la consommation \u00e9lectrique la plus faible de l&rsquo;industrie.<\/p>\n<p>Des accessoires optionnels tels que l&rsquo;A-Jet\u00ae pour la d\u00e9coupe 5 axes et la compensation de conicit\u00e9, le contr\u00f4le rapide du niveau d&rsquo;eau pour la d\u00e9coupe submerg\u00e9e et le suiveur de terrain \u00e0 d\u00e9tection de collision pour l&rsquo;usinage de surfaces irr\u00e9guli\u00e8res augmentent vos capacit\u00e9s d&rsquo;usinage au jet et am\u00e9liorent consid\u00e9rablement la production.<\/p>\n<p>La gamme MAXIEM de centres d&rsquo;usinage au jet d&rsquo;eau abrasif r\u00e9pond \u00e0 un large \u00e9ventail de besoins et int\u00e8gre des technologies \u00e9prouv\u00e9es capables de fournir aux utilisateurs une solution rentable, abordable et hautement productive. Configur\u00e9e pour votre entreprise avec une large compatibilit\u00e9 d&rsquo;accessoires, la MAXIEM construite par OMAX est enti\u00e8rement fabriqu\u00e9e aux \u00c9tats-Unis.<\/p>\n<p>Spark &amp; Co. est distributeur des syst\u00e8mes de d\u00e9coupe au jet d\u2019eau OMAX (s\u00e9ries\u00a0<a href=\"https:\/\/spark-co.com\/fr\/machines-accessoires\/jet-deau\/decoupage-jet-deau-machines\/protomax\/\">PROTOMAX\u00ae,<\/a>\u00a0<a href=\"https:\/\/spark-co.com\/fr\/machines-accessoires\/jet-deau\/decoupage-jet-deau-machines\/globalmax\/\">GLOBALMAX\u00ae,<\/a>\u00a0<a href=\"https:\/\/spark-co.com\/fr\/machines-accessoires\/jet-deau\/decoupage-jet-deau-machines\/maxiem\/\">MAXIEM\u00ae<\/a>\u00a0et\u00a0<a href=\"https:\/\/spark-co.com\/fr\/machines-accessoires\/jet-deau\/decoupage-jet-deau-machines\/serie-omax\/\">OMAX S\u00e9rie\u00ae)<\/a>\u00a0depuis plus de dix ans. Personne n\u2019est mieux \u00e9quip\u00e9 pour r\u00e9pondre \u00e0 vos besoins en mati\u00e8re de jet d\u2019eau, de Laser (\u00a0<a href=\"https:\/\/spark-co.com\/fr\/machines-accessoires\/decoupage-laser\/decoupage-laser-2d\/\">laser 2D<\/a>,\u00a0<a href=\"https:\/\/spark-co.com\/fr\/machines-accessoires\/decoupage-laser\/decoupe-de-tubes-au-laser\/\">Tube au Laser<\/a>),\u00a0de\u00a0<a href=\"https:\/\/spark-co.com\/fr\/machines-accessoires\/polissage-et-finition\/\">polissage et de finition<\/a>.<\/p>\n<p>Pour plus d&rsquo;information : <a href=\"https:\/\/www.omax.com\/maxiem-waterjet\/1530\" target=\"_blank\" rel=\"noopener\">https:\/\/www.omax.com\/maxiem-waterjet\/1530<\/a><\/p>\n","protected":false},"excerpt":{"rendered":"<p>D\u00e9coupe au jet d&rsquo;eau Maxiem 1530 Con\u00e7ue pour r\u00e9pondre \u00e0 un large \u00e9ventail de besoins d&rsquo;usinage, la MAXIEM\u00ae 1530 \u00e9tablit un standard plus \u00e9lev\u00e9 pour l&rsquo;usinage de pr\u00e9cision au jet d&rsquo;eau abrasif. Dot\u00e9e d&rsquo;une enveloppe de coupe X-Y de 3 048 mm x 1 575 mm (10&prime; X 5&rsquo;2&Prime;), la conception du r\u00e9servoir rigide est dimensionn\u00e9e pour traiter des plaques de dimensions courantes avec de l&rsquo;espace en r\u00e9serve.<\/p>\n","protected":false},"featured_media":850,"template":"","meta":{"_acf_changed":false},"product_brand":[],"product_cat":[211,1019,1023],"product_tag":[],"class_list":{"0":"post-31700","1":"product","2":"type-product","3":"status-publish","4":"has-post-thumbnail","6":"product_cat-jet-deau","7":"product_cat-decoupage-jet-deau-machines","8":"product_cat-maxiem","10":"first","11":"instock","12":"taxable","13":"shipping-taxable","14":"product-type-simple"},"acf":[],"_links":{"self":[{"href":"https:\/\/spark-co.com\/fr\/wp-json\/wp\/v2\/product\/31700","targetHints":{"allow":["GET"]}}],"collection":[{"href":"https:\/\/spark-co.com\/fr\/wp-json\/wp\/v2\/product"}],"about":[{"href":"https:\/\/spark-co.com\/fr\/wp-json\/wp\/v2\/types\/product"}],"wp:featuredmedia":[{"embeddable":true,"href":"https:\/\/spark-co.com\/fr\/wp-json\/wp\/v2\/media\/850"}],"wp:attachment":[{"href":"https:\/\/spark-co.com\/fr\/wp-json\/wp\/v2\/media?parent=31700"}],"wp:term":[{"taxonomy":"product_brand","embeddable":true,"href":"https:\/\/spark-co.com\/fr\/wp-json\/wp\/v2\/product_brand?post=31700"},{"taxonomy":"product_cat","embeddable":true,"href":"https:\/\/spark-co.com\/fr\/wp-json\/wp\/v2\/product_cat?post=31700"},{"taxonomy":"product_tag","embeddable":true,"href":"https:\/\/spark-co.com\/fr\/wp-json\/wp\/v2\/product_tag?post=31700"}],"curies":[{"name":"wp","href":"https:\/\/api.w.org\/{rel}","templated":true}]}}