{"id":31696,"date":"2024-04-03T14:58:21","date_gmt":"2024-04-03T18:58:21","guid":{"rendered":"https:\/\/spark-co.com\/product\/maxiem-1515\/"},"modified":"2024-09-11T15:28:41","modified_gmt":"2024-09-11T19:28:41","slug":"maxiem-1515","status":"publish","type":"product","link":"https:\/\/spark-co.com\/fr\/produit\/maxiem-1515\/","title":{"rendered":"MAXIEM 1515"},"content":{"rendered":"<p>La d\u00e9coupe au jet d&rsquo;eau Maxiem 1515 Plus rapide, plus lisse et plus pr\u00e9cise, la machine de d\u00e9coupe au jet d&rsquo;eau MAXIEM\u00ae 1515, compacte et performante, est id\u00e9ale pour un large \u00e9ventail de besoins d&rsquo;usinage.<\/p>\n<p>Avec une grande surface de coupe qui s&rsquo;adapte facilement au stock de mat\u00e9riaux 1 575 mm x 1 575 mm (5\u2032 2&Prime; x 5\u2032 2&Prime;), le centre de d\u00e9coupe au jet d&rsquo;eau MAXIEM 1515 convient parfaitement aux ateliers de fabrication et de travail.<\/p>\n<p>La d\u00e9coupe au jet d&rsquo;eau Maxiem 1515 usine une large gamme de mat\u00e9riaux et d&rsquo;\u00e9paisseurs, des m\u00e9taux et composites au verre et aux plastiques. Il laisse derri\u00e8re lui un bord satin\u00e9, ce qui r\u00e9duit les op\u00e9rations secondaires.<\/p>\n<p>Son syst\u00e8me de codeur lin\u00e9aire Intelli-TRAX\u00ae am\u00e9lior\u00e9 est optimis\u00e9 pour l&rsquo;environnement abrasif du jet d&rsquo;eau et est capable de s&rsquo;adapter \u00e0 des surfaces irr\u00e9guli\u00e8res tout en maintenant une grande pr\u00e9cision de positionnement. Le codeur lin\u00e9aire num\u00e9rique fournit un retour d&rsquo;information instantan\u00e9 \u00e0 la station de contr\u00f4le, en sp\u00e9cifiant la position exacte de la t\u00eate \u00e0 tout moment.<\/p>\n<p>Gr\u00e2ce \u00e0 sa pompe \u00e0 entra\u00eenement direct tr\u00e8s efficace, cette machine \u00e0 jet d&rsquo;eau imbattable fournit la puissance de buse la plus \u00e9lev\u00e9e de l&rsquo;industrie avec une efficacit\u00e9 de fonctionnement allant jusqu&rsquo;\u00e0 85 % pour une d\u00e9coupe plus rapide et plus efficace.<\/p>\n<p>&nbsp;<\/p>\n<p>La d\u00e9coupe au jet d&rsquo;eau Maxiem 1515 utilise beaucoup moins d&rsquo;eau de refroidissement que les pompes \u00e0 intensificateur hydraulique inefficaces et affiche la consommation \u00e9lectrique la plus faible de l&rsquo;industrie.<\/p>\n<p>Simple, rapide et pr\u00e9cise, la suite logicielle OMAX IntelliMAX\u00ae offre une puissance et des performances extraordinaires tout en restant intuitive et conviviale, le tout avec un contr\u00f4leur Windows\u00ae avanc\u00e9 dot\u00e9 d&rsquo;un grand \u00e9cran 23\u2033 (584 mm) pour une visualisation ais\u00e9e des fichiers de pi\u00e8ces et des parcours d&rsquo;outils<\/p>\n<p>Le poste de travail mobile permet de positionner facilement le poste de commande, tandis que le pont permet de travailler dans des conditions extr\u00eames et d&rsquo;int\u00e9grer les commandes air\/\u00e9lectricit\u00e9 pour une grande fiabilit\u00e9 et une maintenance simplifi\u00e9e.<\/p>\n<p>Des accessoires optionnels tels que l&rsquo;A-Jet\u00ae pour la d\u00e9coupe 5 axes et la compensation de conicit\u00e9, le contr\u00f4le rapide du niveau d&rsquo;eau pour la d\u00e9coupe submerg\u00e9e et le suiveur de terrain \u00e0 d\u00e9tection de collision pour l&rsquo;usinage de surfaces irr\u00e9guli\u00e8res \u00e9largissent vos capacit\u00e9s d&rsquo;usinage par jet et am\u00e9liorent consid\u00e9rablement la production.<\/p>\n<p>La gamme de d\u00e9coupe au jet d&rsquo;eau Maxiem 1515 r\u00e9pond \u00e0 un large \u00e9ventail de besoins et int\u00e8gre des technologies \u00e9prouv\u00e9es capables de fournir aux utilisateurs une solution rentable, abordable et hautement productive. Configur\u00e9e pour votre entreprise avec une large compatibilit\u00e9 d&rsquo;accessoires, la MAXIEM construite par OMAX est enti\u00e8rement fabriqu\u00e9e aux \u00c9tats-Unis.<\/p>\n<p>&nbsp;<\/p>\n<p>Spark &amp; Co. est distributeur des syst\u00e8mes de d\u00e9coupe au jet d\u2019eau OMAX (s\u00e9ries\u00a0<a href=\"https:\/\/spark-co.com\/fr\/machines-accessoires\/jet-deau\/decoupage-jet-deau-machines\/protomax\/\">PROTOMAX\u00ae,<\/a>\u00a0<a href=\"https:\/\/spark-co.com\/fr\/machines-accessoires\/jet-deau\/decoupage-jet-deau-machines\/globalmax\/\">GLOBALMAX\u00ae,<\/a>\u00a0<a href=\"https:\/\/spark-co.com\/fr\/machines-accessoires\/jet-deau\/decoupage-jet-deau-machines\/maxiem\/\">MAXIEM\u00ae<\/a>\u00a0et\u00a0<a href=\"https:\/\/spark-co.com\/fr\/machines-accessoires\/jet-deau\/decoupage-jet-deau-machines\/serie-omax\/\">OMAX S\u00e9rie\u00ae)<\/a>\u00a0depuis plus de dix ans. Personne n\u2019est mieux \u00e9quip\u00e9 pour r\u00e9pondre \u00e0 vos besoins en mati\u00e8re de jet d\u2019eau, de Laser (\u00a0<a href=\"https:\/\/spark-co.com\/fr\/machines-accessoires\/decoupage-laser\/decoupage-laser-2d\/\">laser 2D<\/a>,\u00a0<a href=\"https:\/\/spark-co.com\/fr\/machines-accessoires\/decoupage-laser\/decoupe-de-tubes-au-laser\/\">Tube au Laser<\/a>),\u00a0de\u00a0<a href=\"https:\/\/spark-co.com\/fr\/machines-accessoires\/polissage-et-finition\/\">polissage et de finition<\/a>.<\/p>\n<p>Pour plus d&rsquo; information : <a href=\"https:\/\/www.omax.com\/maxiem-waterjet\/1515\" target=\"_blank\" rel=\"noopener\">https:\/\/www.omax.com\/maxiem-waterjet\/1515<\/a><\/p>\n<p>&nbsp;<\/p>\n<p>&nbsp;<\/p>\n","protected":false},"excerpt":{"rendered":"<p>La d\u00e9coupe au jet d&rsquo;eau Maxiem 1515 Plus rapide, plus lisse et plus pr\u00e9cise, la machine de d\u00e9coupe au jet d&rsquo;eau MAXIEM\u00ae 1515, compacte et performante, est id\u00e9ale pour un large \u00e9ventail de besoins d&rsquo;usinage.<\/p>\n","protected":false},"featured_media":844,"template":"","meta":{"_acf_changed":false},"product_brand":[],"product_cat":[211,1019,1023],"product_tag":[],"class_list":{"0":"post-31696","1":"product","2":"type-product","3":"status-publish","4":"has-post-thumbnail","6":"product_cat-jet-deau","7":"product_cat-decoupage-jet-deau-machines","8":"product_cat-maxiem","10":"first","11":"instock","12":"taxable","13":"shipping-taxable","14":"product-type-simple"},"acf":[],"_links":{"self":[{"href":"https:\/\/spark-co.com\/fr\/wp-json\/wp\/v2\/product\/31696","targetHints":{"allow":["GET"]}}],"collection":[{"href":"https:\/\/spark-co.com\/fr\/wp-json\/wp\/v2\/product"}],"about":[{"href":"https:\/\/spark-co.com\/fr\/wp-json\/wp\/v2\/types\/product"}],"wp:featuredmedia":[{"embeddable":true,"href":"https:\/\/spark-co.com\/fr\/wp-json\/wp\/v2\/media\/844"}],"wp:attachment":[{"href":"https:\/\/spark-co.com\/fr\/wp-json\/wp\/v2\/media?parent=31696"}],"wp:term":[{"taxonomy":"product_brand","embeddable":true,"href":"https:\/\/spark-co.com\/fr\/wp-json\/wp\/v2\/product_brand?post=31696"},{"taxonomy":"product_cat","embeddable":true,"href":"https:\/\/spark-co.com\/fr\/wp-json\/wp\/v2\/product_cat?post=31696"},{"taxonomy":"product_tag","embeddable":true,"href":"https:\/\/spark-co.com\/fr\/wp-json\/wp\/v2\/product_tag?post=31696"}],"curies":[{"name":"wp","href":"https:\/\/api.w.org\/{rel}","templated":true}]}}