{"id":31693,"date":"2024-04-03T14:39:03","date_gmt":"2024-04-03T18:39:03","guid":{"rendered":"https:\/\/spark-co.com\/product\/globalmax-1530\/"},"modified":"2024-09-11T15:28:43","modified_gmt":"2024-09-11T19:28:43","slug":"globalmax-1530","status":"publish","type":"product","link":"https:\/\/spark-co.com\/fr\/produit\/globalmax-1530\/","title":{"rendered":"GLOBALMAX 1530"},"content":{"rendered":"<p>La d\u00e9coupe au jet d&rsquo;eau GLOBALMAX 1530 Intelligence, performance et puissance, voil\u00e0 ce que vous offre OMAX , un centre d&rsquo;usinage \u00e0 jet d&rsquo;eau abrasif compact qui offre un excellent rapport qualit\u00e9-prix dans tous les secteurs.<\/p>\n<p>Dot\u00e9 d&rsquo;un banc de coupe de 3 050 mm x 1 530 mm (10&prime; x 5&prime;), d&rsquo;une puissante pompe \u00e0 entra\u00eenement direct et de multiples accessoires, la d\u00e9coupe au jet d&rsquo;eau GLOBALMAX 1530 coupe pratiquement tous les mat\u00e9riaux, de l&rsquo;aluminium au titane, de la pierre \u00e0 la fibre de carbone en passant par le composite G10 et bien d&rsquo;autres encore. \u00c9paisse ou fine, cette petite mais puissante machine \u00e0 jet d&rsquo;eau abrasif tranche tout sans aucune zone affect\u00e9e par la chaleur sur les pi\u00e8ces coup\u00e9es.<\/p>\n<p><!--more-->Une pompe \u00e0 ultra-haute efficacit\u00e9 \u00e9quip\u00e9e de la technologie \u00e9prouv\u00e9e d&rsquo;entra\u00eenement direct OMAX convertit plus de 85 % de l&rsquo;\u00e9nergie \u00e9lectrique en pure puissance de coupe, ce qui fait de ce jet d&rsquo;eau une valeur s\u00fbre pour les ateliers qui doivent couper avec pr\u00e9cision des mat\u00e9riaux et des \u00e9paisseurs vari\u00e9s.<\/p>\n<p>La d\u00e9coupe au jet d&rsquo;eau Globalmax 1508 utilise des innovations et des technologies \u00e9prouv\u00e9es pour offrir des performances dynamiques tout en fonctionnant aussi efficacement que possible. Par exemple, le syst\u00e8me d&rsquo;entra\u00eenement novateur Omega attire et retient le grenat, offrant une transition plus douce du mouvement rotatif au mouvement lin\u00e9aire par rapport aux syst\u00e8mes d&rsquo;entra\u00eenement \u00e0 cr\u00e9maill\u00e8re traditionnels.<\/p>\n<p>Sans lubrifiant ni entretien, il est \u00e9quip\u00e9 de servomoteurs sans balais en boucle ferm\u00e9e et de composants de syst\u00e8me d&rsquo;entra\u00eenement anodis\u00e9s pour une dur\u00e9e de vie plus longue. De plus, l&rsquo;engagement des dents de l&rsquo;Omega Drive minimise le jeu et am\u00e9liore la fiabilit\u00e9.<\/p>\n<p>Importez, dessinez et d\u00e9coupez des pi\u00e8ces en une seule journ\u00e9e gr\u00e2ce au logiciel d&rsquo;exploitation IntelliMAX\u00ae sp\u00e9cialement con\u00e7u pour les machines \u00e0 jet d&rsquo;eau abrasif. Facile \u00e0 programmer et \u00e0 utiliser, IntelliMAX Global utilise un mod\u00e8le de coupe de 4e g\u00e9n\u00e9ration pour une d\u00e9coupe plus rapide et plus efficace.<\/p>\n<p>Le r\u00e9sultat ? Des mouvements de coupe tr\u00e8s pr\u00e9cis et des vitesses de coupe rapides pour des performances fiables et une productivit\u00e9 accrue.<\/p>\n<p>Spark &amp; Co. est distributeur des syst\u00e8mes de d\u00e9coupe au jet d\u2019eau OMAX (s\u00e9ries\u00a0<a href=\"https:\/\/spark-co.com\/fr\/machines-accessoires\/jet-deau\/decoupage-jet-deau-machines\/protomax\/\">PROTOMAX\u00ae,<\/a>\u00a0<a href=\"https:\/\/spark-co.com\/fr\/machines-accessoires\/jet-deau\/decoupage-jet-deau-machines\/globalmax\/\">GLOBALMAX\u00ae,<\/a>\u00a0<a href=\"https:\/\/spark-co.com\/fr\/machines-accessoires\/jet-deau\/decoupage-jet-deau-machines\/maxiem\/\">MAXIEM\u00ae<\/a>\u00a0et\u00a0<a href=\"https:\/\/spark-co.com\/fr\/machines-accessoires\/jet-deau\/decoupage-jet-deau-machines\/serie-omax\/\">OMAX S\u00e9rie\u00ae)<\/a>\u00a0depuis plus de dix ans. Personne n\u2019est mieux \u00e9quip\u00e9 pour r\u00e9pondre \u00e0 vos besoins en mati\u00e8re de jet d\u2019eau, de Laser (\u00a0<a href=\"https:\/\/spark-co.com\/fr\/machines-accessoires\/decoupage-laser\/decoupage-laser-2d\/\">laser 2D<\/a>,\u00a0<a href=\"https:\/\/spark-co.com\/fr\/machines-accessoires\/decoupage-laser\/decoupe-de-tubes-au-laser\/\">Tube au Laser<\/a>),\u00a0de\u00a0<a href=\"https:\/\/spark-co.com\/fr\/machines-accessoires\/polissage-et-finition\/\">polissage et de finition<\/a>.<\/p>\n<p>Pour plus d&rsquo;information: <a href=\"https:\/\/www.omax.com\/globalmax-waterjet\/1508\" target=\"_blank\" rel=\"noopener\">https:\/\/www.omax.com\/globalmax-waterjet\/1508<\/a><\/p>\n","protected":false},"excerpt":{"rendered":"<p>La d\u00e9coupe au jet d&rsquo;eau GLOBALMAX 1530 Intelligence, performance et puissance, voil\u00e0 ce que vous offre OMAX , un centre d&rsquo;usinage \u00e0 jet d&rsquo;eau abrasif compact qui offre un excellent rapport qualit\u00e9-prix dans tous les secteurs.<\/p>\n","protected":false},"featured_media":836,"template":"","meta":{"_acf_changed":false},"product_brand":[],"product_cat":[211,1020,1019],"product_tag":[],"class_list":{"0":"post-31693","1":"product","2":"type-product","3":"status-publish","4":"has-post-thumbnail","6":"product_cat-jet-deau","7":"product_cat-globalmax","8":"product_cat-decoupage-jet-deau-machines","10":"first","11":"instock","12":"taxable","13":"shipping-taxable","14":"product-type-simple"},"acf":[],"_links":{"self":[{"href":"https:\/\/spark-co.com\/fr\/wp-json\/wp\/v2\/product\/31693","targetHints":{"allow":["GET"]}}],"collection":[{"href":"https:\/\/spark-co.com\/fr\/wp-json\/wp\/v2\/product"}],"about":[{"href":"https:\/\/spark-co.com\/fr\/wp-json\/wp\/v2\/types\/product"}],"wp:featuredmedia":[{"embeddable":true,"href":"https:\/\/spark-co.com\/fr\/wp-json\/wp\/v2\/media\/836"}],"wp:attachment":[{"href":"https:\/\/spark-co.com\/fr\/wp-json\/wp\/v2\/media?parent=31693"}],"wp:term":[{"taxonomy":"product_brand","embeddable":true,"href":"https:\/\/spark-co.com\/fr\/wp-json\/wp\/v2\/product_brand?post=31693"},{"taxonomy":"product_cat","embeddable":true,"href":"https:\/\/spark-co.com\/fr\/wp-json\/wp\/v2\/product_cat?post=31693"},{"taxonomy":"product_tag","embeddable":true,"href":"https:\/\/spark-co.com\/fr\/wp-json\/wp\/v2\/product_tag?post=31693"}],"curies":[{"name":"wp","href":"https:\/\/api.w.org\/{rel}","templated":true}]}}