{"id":31689,"date":"2024-04-03T14:29:29","date_gmt":"2024-04-03T18:29:29","guid":{"rendered":"https:\/\/spark-co.com\/product\/globalmax-2040\/"},"modified":"2024-09-11T15:28:45","modified_gmt":"2024-09-11T19:28:45","slug":"globalmax-2040","status":"publish","type":"product","link":"https:\/\/spark-co.com\/fr\/produit\/globalmax-2040\/","title":{"rendered":"GLOBALMAX 2040"},"content":{"rendered":"<p>Si vous pensez qu&rsquo;une machine de d\u00e9coupe au jet d&rsquo;eau GLOBALMAX 2040 dot\u00e9e de caract\u00e9ristiques haut de gamme implique de sacrifier la valeur ou la performance, la GLOBALMAX\u00ae 2040 construite par OMAX vous fera changer d&rsquo;id\u00e9e !<\/p>\n<p>Dot\u00e9e d&rsquo;un banc de d\u00e9coupe de 4 038 mm x 2 032 mm (13&prime; 3&Prime; x 6&prime; 8&Prime;) pouvant supporter une charge maximale de 488 kg\/m2 (100 lb\/pi2) et d&rsquo;un certain nombre d&rsquo;accessoires compatibles, cette machine de d\u00e9coupe au jet d&rsquo;eau GLOBALMAX 2040 est id\u00e9ale pour les ateliers qui doivent d\u00e9couper de grandes pi\u00e8ces ou plusieurs pi\u00e8ces embo\u00eet\u00e9es \u00e0 partir de grandes feuilles de mat\u00e9riau.<\/p>\n<p>Avec une vitesse de coupe de 12 700 mm\/min (500 in\/minute) et une pr\u00e9cision de positionnement lin\u00e9aire de \u00b10,003&Prime;, vous pouvez couper rapidement et avec pr\u00e9cision une grande vari\u00e9t\u00e9 de mat\u00e9riaux et d&rsquo;\u00e9paisseurs, sans aucune zone affect\u00e9e par la chaleur, de l&rsquo;aluminium, du titane, de la pierre, de la fibre de carbone au composite G10 et au-del\u00e0.<\/p>\n<p>Typique des machines \u00e0 r\u00e9action OMAX, la GLOBALMAX 2040 est \u00e9quip\u00e9e de composants et de technologies de pointe. Par exemple, une pompe \u00e0 entra\u00eenement direct \u00e0 tr\u00e8s haut rendement fonctionne silencieusement et proprement, tout en convertissant plus de 85 % de l&rsquo;\u00e9nergie \u00e9lectrique en pure puissance de coupe.<\/p>\n<p>Si vous regardez ce qui est vraiment important &#8211; la buse, et l&rsquo;adaptation de la puissance hydraulique de la buse et du d\u00e9bit d&rsquo;abrasif &#8211; la pompe \u00e0 entra\u00eenement direct OMAX utilise moins d&rsquo;\u00e9lectricit\u00e9 et moins d&rsquo;eau, tout en r\u00e9duisant la fatigue des composants.<\/p>\n<p>Le syst\u00e8me d&rsquo;entra\u00eenement Omega, sans lubrifiant et sans entretien, attire et retient le grenat, offrant une transition plus douce du mouvement rotatif au mouvement lin\u00e9aire par rapport aux syst\u00e8mes d&rsquo;entra\u00eenement \u00e0 cr\u00e9maill\u00e8re traditionnels.<\/p>\n<p>De plus, il est dot\u00e9 de servomoteurs sans balais en boucle ferm\u00e9e et de composants de syst\u00e8me d&rsquo;entra\u00eenement anodis\u00e9s pour une dur\u00e9e de vie plus longue. Le jeu est minimis\u00e9 et la fiabilit\u00e9 est une fois de plus prouv\u00e9e gr\u00e2ce \u00e0 l&rsquo;engagement des dents de l&rsquo;Omega Drive.<\/p>\n<p>\u00c0 cela s&rsquo;ajoute un syst\u00e8me de positionnement X\/Y sup\u00e9rieur pour un usinage de haute pr\u00e9cision, m\u00eame dans des environnements de fabrication \u00e0 fortes vibrations.<\/p>\n<p>Importez, dessinez et d\u00e9coupez des pi\u00e8ces en appuyant sur un bouton gr\u00e2ce au logiciel d&rsquo;exploitation OMAX IntelliMAX\u00ae Global, d\u00e9velopp\u00e9 sp\u00e9cifiquement pour les machines \u00e0 jet d&rsquo;eau abrasif. Simple, rapide et pr\u00e9cise, la suite logicielle OMAX IntelliMAX offre une puissance et des performances extraordinaires tout en restant intuitive et conviviale.<\/p>\n<p>Int\u00e9grant un mod\u00e8le de d\u00e9coupe avanc\u00e9 qui cr\u00e9e automatiquement la trajectoire de d\u00e9coupe optimale, ce logiciel sup\u00e9rieur ajuste automatiquement les vitesses et acc\u00e9l\u00e9rations autour des courbes et des coins pour optimiser la trajectoire de l&rsquo;outil en termes de vitesse, de pr\u00e9cision et de coins carr\u00e9s.<\/p>\n<p>Rapide et facile \u00e0 programmer et encore plus facile \u00e0 utiliser, IntelliMAX Global permet d&rsquo;usiner les pi\u00e8ces le plus rapidement possible tout en conservant les tol\u00e9rances les plus \u00e9lev\u00e9es et une pr\u00e9visibilit\u00e9 pr\u00e9cise des vitesses de coupe, de la conicit\u00e9 et du d\u00e9calage horaire.<\/p>\n<p>Puissant, efficace, abordable : la machine de d\u00e9coupe au jet d&rsquo;eau GLOBALMAX 2040 est un centre d&rsquo;usinage \u00e0 jet d&rsquo;eau abrasif dynamique qui a quelque chose \u00e0 offrir \u00e0 tout le monde, quel que soit le secteur d&rsquo;activit\u00e9.<\/p>\n<p>Spark &amp; Co. est distributeur des syst\u00e8mes de d\u00e9coupe au jet d\u2019eau OMAX (s\u00e9ries\u00a0<a href=\"https:\/\/spark-co.com\/fr\/machines-accessoires\/jet-deau\/decoupage-jet-deau-machines\/protomax\/\">PROTOMAX\u00ae,<\/a>\u00a0<a href=\"https:\/\/spark-co.com\/fr\/machines-accessoires\/jet-deau\/decoupage-jet-deau-machines\/globalmax\/\">GLOBALMAX\u00ae,<\/a>\u00a0<a href=\"https:\/\/spark-co.com\/fr\/machines-accessoires\/jet-deau\/decoupage-jet-deau-machines\/maxiem\/\">MAXIEM\u00ae<\/a>\u00a0et\u00a0<a href=\"https:\/\/spark-co.com\/fr\/machines-accessoires\/jet-deau\/decoupage-jet-deau-machines\/serie-omax\/\">OMAX S\u00e9rie\u00ae)<\/a>\u00a0depuis plus de dix ans. Personne n\u2019est mieux \u00e9quip\u00e9 pour r\u00e9pondre \u00e0 vos besoins en mati\u00e8re de jet d\u2019eau, de Laser (\u00a0<a href=\"https:\/\/spark-co.com\/fr\/machines-accessoires\/decoupage-laser\/decoupage-laser-2d\/\">laser 2D<\/a>,\u00a0<a href=\"https:\/\/spark-co.com\/fr\/machines-accessoires\/decoupage-laser\/decoupe-de-tubes-au-laser\/\">Tube au Laser<\/a>),\u00a0de\u00a0<a href=\"https:\/\/spark-co.com\/fr\/machines-accessoires\/polissage-et-finition\/\">polissage et de finition<\/a>.<\/p>\n<p>Pour plus information : <a href=\"https:\/\/www.omax.com\/globalmax-waterjet\/2040\" target=\"_blank\" rel=\"noopener\">https:\/\/www.omax.com\/globalmax-waterjet\/2040<\/a><\/p>\n","protected":false},"excerpt":{"rendered":"<p>Si vous pensez qu&rsquo;une machine de d\u00e9coupe au jet d&rsquo;eau GLOBALMAX 2040 dot\u00e9e de caract\u00e9ristiques haut de gamme implique de sacrifier la valeur ou la performance, la GLOBALMAX\u00ae 2040 construite par OMAX vous fera changer d&rsquo;id\u00e9e !<\/p>\n","protected":false},"featured_media":837,"template":"","meta":{"_acf_changed":false},"product_brand":[],"product_cat":[211,1020,1019],"product_tag":[],"class_list":{"0":"post-31689","1":"product","2":"type-product","3":"status-publish","4":"has-post-thumbnail","6":"product_cat-jet-deau","7":"product_cat-globalmax","8":"product_cat-decoupage-jet-deau-machines","10":"first","11":"instock","12":"taxable","13":"shipping-taxable","14":"product-type-simple"},"acf":[],"_links":{"self":[{"href":"https:\/\/spark-co.com\/fr\/wp-json\/wp\/v2\/product\/31689","targetHints":{"allow":["GET"]}}],"collection":[{"href":"https:\/\/spark-co.com\/fr\/wp-json\/wp\/v2\/product"}],"about":[{"href":"https:\/\/spark-co.com\/fr\/wp-json\/wp\/v2\/types\/product"}],"wp:featuredmedia":[{"embeddable":true,"href":"https:\/\/spark-co.com\/fr\/wp-json\/wp\/v2\/media\/837"}],"wp:attachment":[{"href":"https:\/\/spark-co.com\/fr\/wp-json\/wp\/v2\/media?parent=31689"}],"wp:term":[{"taxonomy":"product_brand","embeddable":true,"href":"https:\/\/spark-co.com\/fr\/wp-json\/wp\/v2\/product_brand?post=31689"},{"taxonomy":"product_cat","embeddable":true,"href":"https:\/\/spark-co.com\/fr\/wp-json\/wp\/v2\/product_cat?post=31689"},{"taxonomy":"product_tag","embeddable":true,"href":"https:\/\/spark-co.com\/fr\/wp-json\/wp\/v2\/product_tag?post=31689"}],"curies":[{"name":"wp","href":"https:\/\/api.w.org\/{rel}","templated":true}]}}