{"id":31685,"date":"2024-04-03T14:17:44","date_gmt":"2024-04-03T18:17:44","guid":{"rendered":"https:\/\/spark-co.com\/product\/globalmax-1508\/"},"modified":"2024-09-11T15:28:46","modified_gmt":"2024-09-11T19:28:46","slug":"globalmax-1508","status":"publish","type":"product","link":"https:\/\/spark-co.com\/fr\/produit\/globalmax-1508\/","title":{"rendered":"GLOBALMAX 1508"},"content":{"rendered":"<p>D\u00e9coupe au jet d&rsquo;eau Globalmax 1508 construit par OMAX est peut-\u00eatre plus petit en taille, mais ce centre de machines \u00e0 jet d&rsquo;eau abrasif compact et performant ne fait aucun compromis sur la puissance, la qualit\u00e9 ou la fiabilit\u00e9 !\u00a0 Petit et polyvalent, il offre des capacit\u00e9s de jet d&rsquo;eau de classe mondiale \u00e0 un prix qui ne fera pas d\u00e9border le budget.<\/p>\n<p>Avec un puissant banc de coupe de 800 mm x 1 525 mm (2&rsquo;7&Prime; x 5&rsquo;0&Prime;), le jet d&rsquo;eau abrasif compact et polyvalent , la d\u00e9coupe au jet d&rsquo;eau Globalmax 1508\u00a0 s&rsquo;adapte \u00e0 tous les espaces et coupe pratiquement tous les mat\u00e9riaux, y compris l&rsquo;aluminium, le titane, la pierre, la fibre de carbone et le composite G10.<\/p>\n<p>Une pompe \u00e0 ultra-haute efficacit\u00e9 avec la technologie \u00e9prouv\u00e9e d&rsquo;entra\u00eenement direct OMAX convertit plus de 85 % de l&rsquo;\u00e9nergie \u00e9lectrique en pure puissance de coupe.<\/p>\n<p>Assez petite pour s&rsquo;int\u00e9grer dans n&rsquo;importe quel atelier, mais dot\u00e9e de la puissance et de la simplicit\u00e9 n\u00e9cessaires pour continuer \u00e0 couper, quels que soient le mat\u00e9riau ou l&rsquo;\u00e9paisseur, la GLOBALMAX 1508 reste fid\u00e8le \u00e0 la philosophie OMAX de fiabilit\u00e9 et de facilit\u00e9 d&rsquo;utilisation.<\/p>\n<p>Dot\u00e9 d&rsquo;un syst\u00e8me d&rsquo;entra\u00eenement Omega sans lubrifiant et sans entretien qui peut attirer et retenir le grenat, de servomoteurs sans balais en boucle ferm\u00e9e et de composants de syst\u00e8me d&rsquo;entra\u00eenement anodis\u00e9s pour une longue dur\u00e9e de vie, ce centre d&rsquo;usinage au jet ax\u00e9 sur la valeur a \u00e9t\u00e9 con\u00e7u pour durer.<\/p>\n<p>Importez, dessinez et d\u00e9coupez des pi\u00e8ces en une seule journ\u00e9e gr\u00e2ce au logiciel d&rsquo;exploitation IntelliMAX sp\u00e9cialement con\u00e7u pour les machines \u00e0 jet d&rsquo;eau abrasif. Facile \u00e0 programmer et \u00e0 utiliser, IntelliMAX Global utilise un mod\u00e8le de d\u00e9coupe de 4e g\u00e9n\u00e9ration pour une d\u00e9coupe plus rapide et plus efficace.<\/p>\n<p>Con\u00e7u avec des caract\u00e9ristiques essentielles bas\u00e9es sur des technologies \u00e9prouv\u00e9es, D\u00e9coupe au jet d&rsquo;eau Globalmax 1508 se d\u00e9marque de la concurrence !<\/p>\n<p>Spark &amp; Co. est distributeur des syst\u00e8mes de d\u00e9coupe au jet d\u2019eau OMAX (s\u00e9ries\u00a0<a href=\"https:\/\/spark-co.com\/fr\/machines-accessoires\/jet-deau\/decoupage-jet-deau-machines\/protomax\/\">PROTOMAX\u00ae,<\/a>\u00a0<a href=\"https:\/\/spark-co.com\/fr\/machines-accessoires\/jet-deau\/decoupage-jet-deau-machines\/globalmax\/\">GLOBALMAX\u00ae,<\/a>\u00a0<a href=\"https:\/\/spark-co.com\/fr\/machines-accessoires\/jet-deau\/decoupage-jet-deau-machines\/maxiem\/\">MAXIEM\u00ae<\/a>\u00a0et\u00a0<a href=\"https:\/\/spark-co.com\/fr\/machines-accessoires\/jet-deau\/decoupage-jet-deau-machines\/serie-omax\/\">OMAX S\u00e9rie\u00ae)<\/a>\u00a0depuis plus de dix ans. Personne n\u2019est mieux \u00e9quip\u00e9 pour r\u00e9pondre \u00e0 vos besoins en mati\u00e8re de jet d\u2019eau, de Laser (\u00a0<a href=\"https:\/\/spark-co.com\/fr\/machines-accessoires\/decoupage-laser\/decoupage-laser-2d\/\">laser 2D<\/a>,\u00a0<a href=\"https:\/\/spark-co.com\/fr\/machines-accessoires\/decoupage-laser\/decoupe-de-tubes-au-laser\/\">Tube au Laser<\/a>),\u00a0de\u00a0<a href=\"https:\/\/spark-co.com\/fr\/machines-accessoires\/polissage-et-finition\/\">polissage et de finition<\/a>.<\/p>\n<p>Pour plus information : <a href=\"https:\/\/www.omax.com\/globalmax-waterjet\/1508\" target=\"_blank\" rel=\"noopener\">https:\/\/www.omax.com\/globalmax-waterjet\/1508<\/a><\/p>\n","protected":false},"excerpt":{"rendered":"<p>D\u00e9coupe au jet d&rsquo;eau Globalmax 1508 construit par OMAX est peut-\u00eatre plus petit en taille, mais ce centre de machines \u00e0 jet d&rsquo;eau abrasif compact et performant ne fait aucun compromis sur la puissance, la qualit\u00e9 ou la fiabilit\u00e9 !\u00a0 Petit et polyvalent, il offre des capacit\u00e9s de jet d&rsquo;eau de classe mondiale \u00e0 un prix qui ne fera pas d\u00e9border le budget.<\/p>\n","protected":false},"featured_media":830,"template":"","meta":{"_acf_changed":false},"product_brand":[],"product_cat":[211,1019,1020],"product_tag":[],"class_list":{"0":"post-31685","1":"product","2":"type-product","3":"status-publish","4":"has-post-thumbnail","6":"product_cat-jet-deau","7":"product_cat-decoupage-jet-deau-machines","8":"product_cat-globalmax","10":"first","11":"instock","12":"taxable","13":"shipping-taxable","14":"product-type-simple"},"acf":[],"_links":{"self":[{"href":"https:\/\/spark-co.com\/fr\/wp-json\/wp\/v2\/product\/31685","targetHints":{"allow":["GET"]}}],"collection":[{"href":"https:\/\/spark-co.com\/fr\/wp-json\/wp\/v2\/product"}],"about":[{"href":"https:\/\/spark-co.com\/fr\/wp-json\/wp\/v2\/types\/product"}],"wp:featuredmedia":[{"embeddable":true,"href":"https:\/\/spark-co.com\/fr\/wp-json\/wp\/v2\/media\/830"}],"wp:attachment":[{"href":"https:\/\/spark-co.com\/fr\/wp-json\/wp\/v2\/media?parent=31685"}],"wp:term":[{"taxonomy":"product_brand","embeddable":true,"href":"https:\/\/spark-co.com\/fr\/wp-json\/wp\/v2\/product_brand?post=31685"},{"taxonomy":"product_cat","embeddable":true,"href":"https:\/\/spark-co.com\/fr\/wp-json\/wp\/v2\/product_cat?post=31685"},{"taxonomy":"product_tag","embeddable":true,"href":"https:\/\/spark-co.com\/fr\/wp-json\/wp\/v2\/product_tag?post=31685"}],"curies":[{"name":"wp","href":"https:\/\/api.w.org\/{rel}","templated":true}]}}