{"id":31681,"date":"2024-04-03T14:02:32","date_gmt":"2024-04-03T18:02:32","guid":{"rendered":"https:\/\/spark-co.com\/product\/protomax\/"},"modified":"2024-04-11T10:45:01","modified_gmt":"2024-04-11T14:45:01","slug":"protomax","status":"publish","type":"product","link":"https:\/\/spark-co.com\/fr\/produit\/protomax\/","title":{"rendered":"PROTOMAX"},"content":{"rendered":"<p>On dit que les bonnes choses se pr\u00e9sentent sous forme de petits paquets, et la d\u00e9coupe au jet d&rsquo;eau compacte PROTOMAX\u00ae fabriqu\u00e9 par Omax ne fait pas exception \u00e0 la r\u00e8gle ! Compact et polyvalent, ce centre de d\u00e9coupe au jet d&rsquo;eau abrasif offre des performances maximales pour sa taille, sa fiabilit\u00e9 de production et ses faibles co\u00fbts d&rsquo;exploitation.<\/p>\n<p>L&rsquo;encombrement r\u00e9duit de la machine 1 054 mm x 1 004 mm (41,5\u2033 x 39,5\u2033), combin\u00e9 \u00e0 sa grande polyvalence, fait de PROTOMAX une machine de d\u00e9coupe au jet d&rsquo;eau abrasif id\u00e9ale pour le prototypage, les applications commerciales l\u00e9g\u00e8res, les environnements \u00e9ducatifs ou en compl\u00e9ment d&rsquo;un atelier de m\u00e9canique plus important.<\/p>\n<p>Avec la machine de d\u00e9coupe au jet d&rsquo;eau compacte PROTOMAX, les possibilit\u00e9s sont infinies : d\u00e9coupez presque tous les mat\u00e9riaux, y compris l&rsquo;aluminium, le titane, la pierre, la fibre de carbone et le composite G10 jusqu&rsquo;\u00e0 une \u00e9paisseur de coupe de 2.5 cm (1 pouce). Les mat\u00e9riaux \u00e0 d\u00e9couper sont immerg\u00e9s sous l&rsquo;eau pour une d\u00e9coupe silencieuse qui ne perturbe pas votre espace de travail.<\/p>\n<p>En termes de puissance et de performances, le PROTOMAX est vraiment tr\u00e8s performant. Une pompe de 5 CV, la meilleure de sa cat\u00e9gorie, g\u00e9n\u00e9rant une pression de 30 000 PSI et une technologie de pompe \u00e0 entra\u00eenement direct \u00e9prouv\u00e9e font de la PROTOMAX l&rsquo;outil de d\u00e9coupe au jet d&rsquo;eau le plus efficace pour sa taille.<\/p>\n<p>Le PROTOMAX est aussi efficace que fiable. La pompe s&rsquo;arr\u00eate pendant les d\u00e9placements sans d\u00e9coupe pour \u00e9conomiser l&rsquo;\u00e9lectricit\u00e9, l&rsquo;utilisation de grenat est r\u00e9duite au minimum gr\u00e2ce \u00e0 une pression et \u00e0 des mod\u00e8les de d\u00e9coupe optimaux, et le syst\u00e8me est configur\u00e9 avec un variateur de fr\u00e9quence pour une commande de moteur haute performance qui r\u00e9duit la consommation d&rsquo;\u00e9nergie et la maintenance.<\/p>\n<p>\u00c9quip\u00e9 de roulettes, le PROTOMAX est un v\u00e9ritable centre de d\u00e9coupe au jet d&rsquo;eau abrasif mobile con\u00e7u pour les espaces r\u00e9duits. Il peut m\u00eame passer par une porte standard ! Un simple tour de roue suffit pour installer l&rsquo;appareil et le brancher sur une prise standard de 240VAC. C&rsquo;est tout ce qu&rsquo;il y a \u00e0 faire !<\/p>\n<p>Installez votre machine en un rien de temps gr\u00e2ce au syst\u00e8me pr\u00e9configur\u00e9 OMAX Intelli-MAX\u00ae Proto, un logiciel de CAO avanc\u00e9 con\u00e7u pour les syst\u00e8mes de d\u00e9coupe au jet d&rsquo;eau abrasif. Dot\u00e9 d&rsquo;une interface conviviale, vous aurez tout \u00e0 port\u00e9e de main pour couper imm\u00e9diatement !<\/p>\n<p>Spark &amp; Co. est distributeur des syst\u00e8mes de d\u00e9coupe au jet d\u2019eau OMAX (s\u00e9ries\u00a0<a href=\"https:\/\/spark-co.com\/fr\/machines-accessoires\/jet-deau\/decoupage-jet-deau-machines\/protomax\/\">PROTOMAX\u00ae,<\/a>\u00a0<a href=\"https:\/\/spark-co.com\/fr\/machines-accessoires\/jet-deau\/decoupage-jet-deau-machines\/globalmax\/\">GLOBALMAX\u00ae,<\/a>\u00a0<a href=\"https:\/\/spark-co.com\/fr\/machines-accessoires\/jet-deau\/decoupage-jet-deau-machines\/maxiem\/\">MAXIEM\u00ae<\/a>\u00a0et\u00a0<a href=\"https:\/\/spark-co.com\/fr\/machines-accessoires\/jet-deau\/decoupage-jet-deau-machines\/serie-omax\/\">OMAX S\u00e9rie\u00ae)<\/a>\u00a0depuis plus de dix ans. Personne n\u2019est mieux \u00e9quip\u00e9 pour r\u00e9pondre \u00e0 vos besoins en mati\u00e8re de jet d\u2019eau, de Laser (\u00a0<a href=\"https:\/\/spark-co.com\/fr\/machines-accessoires\/decoupage-laser\/decoupage-laser-2d\/\">laser 2D<\/a>,\u00a0<a href=\"https:\/\/spark-co.com\/fr\/machines-accessoires\/decoupage-laser\/decoupe-de-tubes-au-laser\/\">Tube au Laser<\/a>),\u00a0de\u00a0<a href=\"https:\/\/spark-co.com\/fr\/machines-accessoires\/polissage-et-finition\/\">polissage et de finition<\/a>.<\/p>\n<p>Pour plus d&rsquo;information : <a href=\"https:\/\/www.omax.com\/protomax-waterjet\" target=\"_blank\" rel=\"noopener\">https:\/\/www.omax.com\/protomax-waterjet<\/a><\/p>\n","protected":false},"excerpt":{"rendered":"<p>On dit que les bonnes choses se pr\u00e9sentent sous forme de petits paquets, et la d\u00e9coupe au jet d&rsquo;eau compacte PROTOMAX\u00ae fabriqu\u00e9 par Omax ne fait pas exception \u00e0 la r\u00e8gle ! Compact et polyvalent, ce centre de d\u00e9coupe au jet d&rsquo;eau abrasif offre des performances maximales pour sa taille, sa fiabilit\u00e9 de production et ses faibles co\u00fbts d&rsquo;exploitation.<\/p>\n","protected":false},"featured_media":2308,"template":"","meta":{"_acf_changed":false},"product_brand":[],"product_cat":[211,1019,1025],"product_tag":[],"class_list":{"0":"post-31681","1":"product","2":"type-product","3":"status-publish","4":"has-post-thumbnail","6":"product_cat-jet-deau","7":"product_cat-decoupage-jet-deau-machines","8":"product_cat-protomax","10":"first","11":"instock","12":"taxable","13":"shipping-taxable","14":"product-type-simple"},"acf":[],"_links":{"self":[{"href":"https:\/\/spark-co.com\/fr\/wp-json\/wp\/v2\/product\/31681","targetHints":{"allow":["GET"]}}],"collection":[{"href":"https:\/\/spark-co.com\/fr\/wp-json\/wp\/v2\/product"}],"about":[{"href":"https:\/\/spark-co.com\/fr\/wp-json\/wp\/v2\/types\/product"}],"wp:featuredmedia":[{"embeddable":true,"href":"https:\/\/spark-co.com\/fr\/wp-json\/wp\/v2\/media\/2308"}],"wp:attachment":[{"href":"https:\/\/spark-co.com\/fr\/wp-json\/wp\/v2\/media?parent=31681"}],"wp:term":[{"taxonomy":"product_brand","embeddable":true,"href":"https:\/\/spark-co.com\/fr\/wp-json\/wp\/v2\/product_brand?post=31681"},{"taxonomy":"product_cat","embeddable":true,"href":"https:\/\/spark-co.com\/fr\/wp-json\/wp\/v2\/product_cat?post=31681"},{"taxonomy":"product_tag","embeddable":true,"href":"https:\/\/spark-co.com\/fr\/wp-json\/wp\/v2\/product_tag?post=31681"}],"curies":[{"name":"wp","href":"https:\/\/api.w.org\/{rel}","templated":true}]}}