{"id":31629,"date":"2024-04-03T10:22:44","date_gmt":"2024-04-03T14:22:44","guid":{"rendered":"https:\/\/spark-co.com\/product\/300-cp-continuous-beam\/"},"modified":"2024-08-19T15:20:32","modified_gmt":"2024-08-19T19:20:32","slug":"300-cp-continuous-beam","status":"publish","type":"product","link":"https:\/\/spark-co.com\/fr\/produit\/300-cp-continuous-beam\/","title":{"rendered":"300 CP Continuous Beam"},"content":{"rendered":"<p>Ces nettoyeurs utilisent une nouvelle application de la technologie des lasers \u00e0 fibre optique, mais ils sont tr\u00e8s faciles \u00e0 utiliser sans craindre d&rsquo;endommager les m\u00e9taux, contrairement \u00e0 certaines autres m\u00e9thodes de nettoyage\/finition des m\u00e9taux. Cliquez sur les liens et vous verrez des vid\u00e9os\/exemples de son fonctionnement sur la peinture, la rouille, la r\u00e9sine, le caoutchouc, etc. Un client a m\u00eame achet\u00e9 un Nettoyeur Laser pour nettoyer des cuisines industrielles, des fours \u00e0 pizza, etc., principalement des accumulations de graisse, et cela fonctionne bien&#8230; Les Nettoyeurs sont plus polyvalents que les autres applications de lasers \u00e0 fibre optique (nous avons m\u00eame remarqu\u00e9 qu&rsquo;ils nettoient le sol en b\u00e9ton de notre entrep\u00f4t de la salet\u00e9 et des salet\u00e9s). Vous trouverez d&rsquo;autres vid\u00e9os sur la cha\u00eene Youtube de Senfeng (lien en bas de la page). Le c\u00e2ble optique standard mesure 30 pieds, mais certains mod\u00e8les peuvent \u00eatre command\u00e9s sur mesure jusqu&rsquo;\u00e0 45 pieds.<\/p>\n<p><a href=\"https:\/\/www.sfcnclaser.com\/fiber-laser-cleaning-machine.html\" target=\"_blank\" rel=\"noopener\">https:\/\/www.sfcnclaser.com\/fiber-laser-cleaning-machine.html<\/a><\/p>\n<p><a href=\"https:\/\/www.sfcnclaser.com\/portable-laser-cleaning-machine.html\" target=\"_blank\" rel=\"noopener\">https:\/\/www.sfcnclaser.com\/portable-laser-cleaning-machine.html<\/a><\/p>\n<p>Regardez-nous sur une cha\u00eene Youtube de restauration de voitures :<\/p>\n<p><a href=\"https:\/\/www.youtube.com\/watch?app=desktop&amp;v=8JFmGxmqkkU\" target=\"_blank\" rel=\"noopener\">https:\/\/www.youtube.com\/watch?app=desktop&amp;v=8JFmGxmqkkU<\/a><\/p>\n","protected":false},"excerpt":{"rendered":"<p>Le Nettoyeur Laser est livr\u00e9 avec plusieurs options de puissance diff\u00e9rentes, soit en mode laser continu, soit en mode puls\u00e9 en fonction de la puissance de sortie, de la continuit\u00e9 du faisceau et de la longueur du c\u00e2ble optique.<\/p>\n<p>Actuellement, nous avons en stock des Nettoyeurs \u00e0 Faisceau Puls\u00e9 de 200 watts (longueur de c\u00e2ble de 30 pieds) et des Nettoyeurs \u00e0 Faisceau Continu de 1500 watts (longueur de c\u00e2ble de 30 pieds) dans notre entrep\u00f4t \u00e0 Los Angeles. Ils se vendent bien, m\u00eame si le Faisceau Continu est \u00ab\u00a0plus puissant\u00a0\u00bb, la T\u00eate Puls\u00e9e \u00e9tant une m\u00e9thode de nettoyage plus \u00ab\u00a0avanc\u00e9e\u00a0\u00bb, le Nettoyeur Laser \u00e0 Pulsations \u00e0 Basse Puissance nettoiera aussi bien que le Nettoyeur \u00e0 Faisceau Continu \u00e0 Haute Puissance.<\/p>\n<p>En r\u00e8gle g\u00e9n\u00e9rale, le Faisceau Continu est plus adapt\u00e9 aux \u00ab\u00a0applications difficiles\u00a0\u00bb (nettoyage de la rouille dans des goutti\u00e8res de forme inhabituelle, acc\u00e8s aux coins qui ne peuvent pas \u00eatre abord\u00e9s selon un angle plat, etc.), tandis que le Faisceau Puls\u00e9 fonctionne mieux sur des surfaces plus planes et contr\u00f4l\u00e9es (ateliers de production ou de finition, surfaces planes).<\/p>\n","protected":false},"featured_media":11373,"template":"","meta":{"_acf_changed":false},"product_brand":[],"product_cat":[1010,194],"product_tag":[],"class_list":{"0":"post-31629","1":"product","2":"type-product","3":"status-publish","4":"has-post-thumbnail","6":"product_cat-traitement-de-surface","7":"product_cat-soudage-au-laser","9":"first","10":"instock","11":"taxable","12":"shipping-taxable","13":"product-type-simple"},"acf":[],"_links":{"self":[{"href":"https:\/\/spark-co.com\/fr\/wp-json\/wp\/v2\/product\/31629","targetHints":{"allow":["GET"]}}],"collection":[{"href":"https:\/\/spark-co.com\/fr\/wp-json\/wp\/v2\/product"}],"about":[{"href":"https:\/\/spark-co.com\/fr\/wp-json\/wp\/v2\/types\/product"}],"wp:featuredmedia":[{"embeddable":true,"href":"https:\/\/spark-co.com\/fr\/wp-json\/wp\/v2\/media\/11373"}],"wp:attachment":[{"href":"https:\/\/spark-co.com\/fr\/wp-json\/wp\/v2\/media?parent=31629"}],"wp:term":[{"taxonomy":"product_brand","embeddable":true,"href":"https:\/\/spark-co.com\/fr\/wp-json\/wp\/v2\/product_brand?post=31629"},{"taxonomy":"product_cat","embeddable":true,"href":"https:\/\/spark-co.com\/fr\/wp-json\/wp\/v2\/product_cat?post=31629"},{"taxonomy":"product_tag","embeddable":true,"href":"https:\/\/spark-co.com\/fr\/wp-json\/wp\/v2\/product_tag?post=31629"}],"curies":[{"name":"wp","href":"https:\/\/api.w.org\/{rel}","templated":true}]}}