{"id":27565,"date":"2024-02-09T11:02:07","date_gmt":"2024-02-09T16:02:07","guid":{"rendered":"https:\/\/spark-co.com\/boutique\/machine-decoupe-a-jet-deau-usagee-omax-55100\/"},"modified":"2025-10-29T09:13:44","modified_gmt":"2025-10-29T13:13:44","slug":"machine-decoupe-a-jet-deau-usagee-omax-55100","status":"publish","type":"product","link":"https:\/\/spark-co.com\/fr\/produit\/machine-decoupe-a-jet-deau-usagee-omax-55100\/","title":{"rendered":"MACHINE D\u00c9COUPE A JET D&rsquo;EAU USAG\u00c9E OMAX 55100"},"content":{"rendered":"<p><strong>Remise \u00e0 neuf<\/strong><\/p>\n<p>Ann\u00e9e :\u00a0 \u00a0 \u00a0 \u00a0<strong>2006<\/strong><br \/>\nHeures :\u00a0 \u00a0 <strong>\u00a0 6000<\/strong><br \/>\nPompe :\u00a0 \u00a0 \u00a0<strong> 30hp<\/strong><br \/>\nAxes :\u00a0 \u00a0 \u00a0 \u00a0 \u00a0 \u00a0<strong>3 Axes<\/strong><br \/>\nPSI :\u00a0 \u00a0 \u00a0 \u00a0 \u00a0 \u00a0 \u00a0<strong>50 000<\/strong><br \/>\nSyst\u00e8me d&rsquo;alimentation en abrasif de :\u00a0 \u00a0<strong>600 lb<\/strong><\/p>\n<p>&#8211;\u00a0 FOB: Spark &amp; Co, Boisbriand, QC<br \/>\n\u2013 Prix <strong>\u00a0$89,000.00 CAD\u00a0<\/strong><\/p>\n<p>La plus grande machine en porte-\u00e0-faux de la s\u00e9rie, la machine de d\u00e9coupe au jet d\u2019eau Omax 55100 est la r\u00e9f\u00e9rence dans l\u2019industrie pour l\u2019usinage de pr\u00e9cision \u00e0 grande vitesse.<\/p>\n<p>La machine de d\u00e9coupe au jet d\u2019eau Omax 55100 produit rapidement et de mani\u00e8re constante des pi\u00e8ces multiaxes pr\u00e9cises dans presque tous les mat\u00e9riaux, ce qui maximise le d\u00e9bit d\u2019usinage. Construit pour r\u00e9sister aux gros travaux dans un environnement de fabrication exigeant, il peut facilement usiner presque tous les mat\u00e9riaux et toutes les \u00e9paisseurs, de l\u2019acier et du titane \u00e0 la fibre de carbone, aux composites, au verre et bien plus encore.<\/p>\n<p>Pour plus de d\u00e9tails techniques:\u00a0 <a href=\"\/?machine_category=omax-55100\">omax-55100<\/a><\/p>\n","protected":false},"excerpt":{"rendered":"<p>La plus grande machine en porte-\u00e0-faux de la s\u00e9rie, la machine de d\u00e9coupe au jet d\u2019eau Omax 55100 est la r\u00e9f\u00e9rence dans l\u2019industrie pour l\u2019usinage de pr\u00e9cision \u00e0 grande vitesse.<\/p>\n","protected":false},"featured_media":4839,"template":"","meta":{"_acf_changed":false},"product_brand":[],"product_cat":[211,1019,601],"product_tag":[1099],"class_list":{"0":"post-27565","1":"product","2":"type-product","3":"status-publish","4":"has-post-thumbnail","6":"product_cat-jet-deau","7":"product_cat-decoupage-jet-deau-machines","8":"product_cat-machines-usagees","9":"product_tag-show-price-fr","11":"first","12":"instock","13":"taxable","14":"shipping-taxable","15":"purchasable","16":"product-type-simple"},"acf":[],"_links":{"self":[{"href":"https:\/\/spark-co.com\/fr\/wp-json\/wp\/v2\/product\/27565","targetHints":{"allow":["GET"]}}],"collection":[{"href":"https:\/\/spark-co.com\/fr\/wp-json\/wp\/v2\/product"}],"about":[{"href":"https:\/\/spark-co.com\/fr\/wp-json\/wp\/v2\/types\/product"}],"wp:featuredmedia":[{"embeddable":true,"href":"https:\/\/spark-co.com\/fr\/wp-json\/wp\/v2\/media\/4839"}],"wp:attachment":[{"href":"https:\/\/spark-co.com\/fr\/wp-json\/wp\/v2\/media?parent=27565"}],"wp:term":[{"taxonomy":"product_brand","embeddable":true,"href":"https:\/\/spark-co.com\/fr\/wp-json\/wp\/v2\/product_brand?post=27565"},{"taxonomy":"product_cat","embeddable":true,"href":"https:\/\/spark-co.com\/fr\/wp-json\/wp\/v2\/product_cat?post=27565"},{"taxonomy":"product_tag","embeddable":true,"href":"https:\/\/spark-co.com\/fr\/wp-json\/wp\/v2\/product_tag?post=27565"}],"curies":[{"name":"wp","href":"https:\/\/api.w.org\/{rel}","templated":true}]}}