{"id":22216,"date":"2022-12-18T14:40:35","date_gmt":"2022-12-18T19:40:35","guid":{"rendered":"https:\/\/spark-co.com\/boutique\/ipg-lightweld-2000-xr\/"},"modified":"2025-02-21T13:55:15","modified_gmt":"2025-02-21T18:55:15","slug":"ipg-lightweld-2000-xr","status":"publish","type":"product","link":"https:\/\/spark-co.com\/fr\/produit\/ipg-lightweld-2000-xr\/","title":{"rendered":"IPG LIGHTWELD 2000 XR"},"content":{"rendered":"<p>LightWELD 2000 XR \u00e9tend la gamme de mat\u00e9riaux et d&rsquo;\u00e9paisseurs des mod\u00e8les pr\u00e9c\u00e9dents, permettant aux fabricants de b\u00e9n\u00e9ficier d&rsquo;une large gamme de solutions. La fonctionnalit\u00e9 de nettoyage avant et apr\u00e8s soudage optimise la qualit\u00e9 et la productivit\u00e9 du soudage.<br \/>\nLes syst\u00e8mes LightWELD sont faciles \u00e0 apprendre et \u00e0 utiliser, 4 fois plus rapides que le soudage TIG et produisent des r\u00e9sultats coh\u00e9rents et de haute qualit\u00e9 pour les op\u00e9rateurs de tous niveaux de comp\u00e9tence.<\/p>\n","protected":false},"excerpt":{"rendered":"<p>LightWELD 2000 XR \u00e9tend la gamme de mat\u00e9riaux et d&rsquo;\u00e9paisseurs des mod\u00e8les pr\u00e9c\u00e9dents, permettant aux fabricants de b\u00e9n\u00e9ficier d&rsquo;une large gamme de solutions. La fonctionnalit\u00e9 de nettoyage avant et apr\u00e8s soudage optimise la qualit\u00e9 et la productivit\u00e9 du soudage.<\/p>\n<p><strong>\u00a0Note : les prix en CAD sont sujets \u00e0 changement avec la variation des taux de change. Prix USD : $39,250.00.<\/strong><\/p>\n","protected":false},"featured_media":22214,"template":"","meta":{"_acf_changed":false},"product_brand":[],"product_cat":[603,194,196],"product_tag":[1099],"class_list":{"0":"post-22216","1":"product","2":"type-product","3":"status-publish","4":"has-post-thumbnail","6":"product_cat-soudeuses-laser-lightweld","7":"product_cat-soudage-au-laser","8":"product_cat-soudage-laser-machines","9":"product_tag-show-price-fr","11":"first","12":"instock","13":"taxable","14":"shipping-taxable","15":"purchasable","16":"product-type-simple"},"acf":[],"_links":{"self":[{"href":"https:\/\/spark-co.com\/fr\/wp-json\/wp\/v2\/product\/22216","targetHints":{"allow":["GET"]}}],"collection":[{"href":"https:\/\/spark-co.com\/fr\/wp-json\/wp\/v2\/product"}],"about":[{"href":"https:\/\/spark-co.com\/fr\/wp-json\/wp\/v2\/types\/product"}],"wp:featuredmedia":[{"embeddable":true,"href":"https:\/\/spark-co.com\/fr\/wp-json\/wp\/v2\/media\/22214"}],"wp:attachment":[{"href":"https:\/\/spark-co.com\/fr\/wp-json\/wp\/v2\/media?parent=22216"}],"wp:term":[{"taxonomy":"product_brand","embeddable":true,"href":"https:\/\/spark-co.com\/fr\/wp-json\/wp\/v2\/product_brand?post=22216"},{"taxonomy":"product_cat","embeddable":true,"href":"https:\/\/spark-co.com\/fr\/wp-json\/wp\/v2\/product_cat?post=22216"},{"taxonomy":"product_tag","embeddable":true,"href":"https:\/\/spark-co.com\/fr\/wp-json\/wp\/v2\/product_tag?post=22216"}],"curies":[{"name":"wp","href":"https:\/\/api.w.org\/{rel}","templated":true}]}}