{"id":456,"date":"2018-10-10T19:27:25","date_gmt":"2018-10-10T17:27:25","guid":{"rendered":"https:\/\/spark-co.com\/?page_id=456"},"modified":"2024-04-15T15:07:06","modified_gmt":"2024-04-15T19:07:06","slug":"termes-et-conditions","status":"publish","type":"page","link":"https:\/\/spark-co.com\/fr\/termes-et-conditions\/","title":{"rendered":"Termes et conditions"},"content":{"rendered":"\t\t<div data-elementor-type=\"wp-page\" data-elementor-id=\"456\" class=\"elementor elementor-456\" data-elementor-post-type=\"page\">\n\t\t\t\t<div class=\"elementor-element elementor-element-8e3b84a e-flex e-con-boxed e-con e-parent\" data-id=\"8e3b84a\" data-element_type=\"container\">\n\t\t\t\t\t<div class=\"e-con-inner\">\n\t\t\t\t<div class=\"elementor-element elementor-element-d2bd7a9 elementor-widget elementor-widget-heading\" data-id=\"d2bd7a9\" data-element_type=\"widget\" data-widget_type=\"heading.default\">\n\t\t\t\t<div class=\"elementor-widget-container\">\n\t\t\t\t\t<h3 class=\"elementor-heading-title elementor-size-default\">Termes et conditions<\/h3>\t\t\t\t<\/div>\n\t\t\t\t<\/div>\n\t\t<div class=\"elementor-element elementor-element-bdc5b64 e-flex e-con-boxed e-con e-child\" data-id=\"bdc5b64\" data-element_type=\"container\">\n\t\t\t\t\t<div class=\"e-con-inner\">\n\t\t\t\t<div class=\"elementor-element elementor-element-7901746 elementor-widget elementor-widget-text-editor\" data-id=\"7901746\" data-element_type=\"widget\" data-widget_type=\"text-editor.default\">\n\t\t\t\t<div class=\"elementor-widget-container\">\n\t\t\t\t\t\t\t\t\t<p><strong>PAIEMENT<br \/><\/strong><br \/>Spark &amp; Co. accepte Visa et MasterCard. Conditions de net 30 jours \u00e0 partir de la date de facturation sont disponibles avec l\u2019approbation du cr\u00e9dit. Des frais de service de 1-1 \/ 2 pour cent sera appliqu\u00e9 \u00e0 tous les comptes en souffrance.<\/p><p>Les paiements doivent \u00eatre envoy\u00e9s par la poste \u00e0 l\u2019adresse suivante:<br \/>4900, Ambroise-Lafortune,<br \/>Boisbriand, Qc\u00a0 J7H 1S6<\/p><p>Des frais de manutention de 25 $ peut \u00eatre ajout\u00e9 aux commandes de moins de 300 $ (hors taxe et transport). Un repr\u00e9sentant du service \u00e0 la client\u00e8le vous avertira si les frais sont applicables. Pour toute question concernant le cr\u00e9dit, s\u2019il vous pla\u00eet communiquer avec notre gestionnaire de cr\u00e9dit.<br \/><br \/><strong>PRIX<br \/><\/strong><br \/>Les prix et les produits sont sujets \u00e0 changement sans pr\u00e9avis. S\u2019il vous pla\u00eet contacter Spark &amp; Co. pour les prix courants et la disponibilit\u00e9 des produits. Les factures refl\u00e8tent les prix en vigueur \u00e0 la date de la commande.<\/p><p><strong>TAXES<br \/><\/strong><br \/>Toutes les taxes locales sont applicables \u00e0 moins qu\u2019un certificat d\u2019exemption actuel, valide est d\u00e9pos\u00e9 aupr\u00e8s de Spark &amp; Co.<br \/><br \/><strong>LIVRAISON<\/strong><br \/><br \/>Exp\u00e9dition le jour m\u00eame est disponible sur les commandes re\u00e7ues avant 12h00 HNE, du lundi au vendredi. Pour les pi\u00e8ces non-approvisionn\u00e9, un repr\u00e9sentant du service \u00e0 la client\u00e8le vous informera de la date d\u2019exp\u00e9dition. Sauf indication contraire par le client, Spark &amp; Co exp\u00e9die les commandes domestiques via Purolator ou \u201d Best Way \u201d point FAB est Mississauga ON ou Boisbriand QC. Les frais d\u2019exp\u00e9ditions seront pr\u00e9pay\u00e9s et ajout\u00e9s \u00e0 votre facture.<br \/><br \/><strong>RETOUR DE MARCHANDISE<\/strong><br \/><br \/>Les composants ne peuvent \u00eatre retourn\u00e9s sans autorisation pr\u00e9alable. Chaque retour doit \u00eatre accompagn\u00e9s d\u2019un num\u00e9ro d\u2019autorisation et le bordereau d\u2019exp\u00e9dition ou la facture respective. Les frais de transport pour les marchandises retourn\u00e9es doivent \u00eatre pay\u00e9s \u00e0 l\u2019avance par le client. Les composants d\u00e9fectueux doivent \u00eatre signal\u00e9s \u00e0 Spark &amp; Co. apr\u00e8s la d\u00e9couverte du d\u00e9faut. Toutes les demandes de composants endommag\u00e9s ou perdus en transit doivent \u00eatre d\u00e9pos\u00e9es aupr\u00e8s du transporteur.<\/p>\t\t\t\t\t\t\t\t<\/div>\n\t\t\t\t<\/div>\n\t\t\t\t\t<\/div>\n\t\t\t\t<\/div>\n\t\t\t\t\t<\/div>\n\t\t\t\t<\/div>\n\t\t\t\t<\/div>\n\t\t","protected":false},"excerpt":{"rendered":"<p>Termes et conditions PAIEMENTSpark &amp; Co. accepte Visa et MasterCard. Conditions de net 30 jours \u00e0 partir de la date de facturation sont disponibles avec l\u2019approbation du cr\u00e9dit. Des frais de service de 1-1 \/ 2 pour cent sera appliqu\u00e9 \u00e0 tous les comptes en souffrance. Les paiements doivent \u00eatre envoy\u00e9s par la poste \u00e0 [&hellip;]<\/p>\n","protected":false},"author":41,"featured_media":0,"parent":0,"menu_order":0,"comment_status":"closed","ping_status":"closed","template":"","meta":{"_acf_changed":false,"footnotes":""},"class_list":["post-456","page","type-page","status-publish","hentry"],"acf":[],"_links":{"self":[{"href":"https:\/\/spark-co.com\/fr\/wp-json\/wp\/v2\/pages\/456","targetHints":{"allow":["GET"]}}],"collection":[{"href":"https:\/\/spark-co.com\/fr\/wp-json\/wp\/v2\/pages"}],"about":[{"href":"https:\/\/spark-co.com\/fr\/wp-json\/wp\/v2\/types\/page"}],"author":[{"embeddable":true,"href":"https:\/\/spark-co.com\/fr\/wp-json\/wp\/v2\/users\/41"}],"replies":[{"embeddable":true,"href":"https:\/\/spark-co.com\/fr\/wp-json\/wp\/v2\/comments?post=456"}],"version-history":[{"count":0,"href":"https:\/\/spark-co.com\/fr\/wp-json\/wp\/v2\/pages\/456\/revisions"}],"wp:attachment":[{"href":"https:\/\/spark-co.com\/fr\/wp-json\/wp\/v2\/media?parent=456"}],"curies":[{"name":"wp","href":"https:\/\/api.w.org\/{rel}","templated":true}]}}