{"id":452,"date":"2018-10-10T19:26:27","date_gmt":"2018-10-10T17:26:27","guid":{"rendered":"https:\/\/spark-co.com\/?page_id=452"},"modified":"2024-04-10T09:01:35","modified_gmt":"2024-04-10T13:01:35","slug":"service-apres-vente","status":"publish","type":"page","link":"https:\/\/spark-co.com\/fr\/service-apres-vente\/","title":{"rendered":"Service apr\u00e8s vente"},"content":{"rendered":"\t\t<div data-elementor-type=\"wp-page\" data-elementor-id=\"452\" class=\"elementor elementor-452\" data-elementor-post-type=\"page\">\n\t\t\t\t<div class=\"elementor-element elementor-element-1cbba48 e-con-full e-flex e-con e-parent\" data-id=\"1cbba48\" data-element_type=\"container\" data-settings=\"{&quot;background_background&quot;:&quot;classic&quot;}\">\n\t\t\t\t<div class=\"elementor-element elementor-element-1c74d7b elementor-widget elementor-widget-heading\" data-id=\"1c74d7b\" data-element_type=\"widget\" data-widget_type=\"heading.default\">\n\t\t\t\t<div class=\"elementor-widget-container\">\n\t\t\t\t\t<h1 class=\"elementor-heading-title elementor-size-default\">SERVICE ET SOUTIEN<\/h1>\t\t\t\t<\/div>\n\t\t\t\t<\/div>\n\t\t\t\t<div class=\"elementor-element elementor-element-7757bcd elementor-widget elementor-widget-heading\" data-id=\"7757bcd\" data-element_type=\"widget\" data-widget_type=\"heading.default\">\n\t\t\t\t<div class=\"elementor-widget-container\">\n\t\t\t\t\t<h4 class=\"elementor-heading-title elementor-size-default\">UN SOUTIEN EXEMPLAIRE<\/h4>\t\t\t\t<\/div>\n\t\t\t\t<\/div>\n\t\t\t\t<\/div>\n\t\t<div class=\"elementor-element elementor-element-596d3f8 e-flex e-con-boxed e-con e-parent\" data-id=\"596d3f8\" data-element_type=\"container\">\n\t\t\t\t\t<div class=\"e-con-inner\">\n\t\t<div class=\"elementor-element elementor-element-f1c9d8a e-con-full e-flex e-con e-child\" data-id=\"f1c9d8a\" data-element_type=\"container\">\n\t\t\t\t<div class=\"elementor-element elementor-element-beb7589 elementor-widget elementor-widget-text-editor\" data-id=\"beb7589\" data-element_type=\"widget\" data-widget_type=\"text-editor.default\">\n\t\t\t\t<div class=\"elementor-widget-container\">\n\t\t\t\t\t\t\t\t\tUN MOD\u00c8LE DANS L\u2019INDUSTRIE\t\t\t\t\t\t\t\t<\/div>\n\t\t\t\t<\/div>\n\t\t\t\t<div class=\"elementor-element elementor-element-27fa831 elementor-widget elementor-widget-text-editor\" data-id=\"27fa831\" data-element_type=\"widget\" data-widget_type=\"text-editor.default\">\n\t\t\t\t<div class=\"elementor-widget-container\">\n\t\t\t\t\t\t\t\t\t<p>Spark &amp; Co offre un service service\u00a0<a href=\"https:\/\/spark-co.com\/fr\/machines-accessoires\/jet-deau\/\">d\u00e9coupage au jet d\u2019eau<\/a> exemplaire. Avec ses quatre points de service au Canada et d\u2019autres \u00e0 venir, nous r\u00e9pondons rapidement aux besoins de notre client\u00e8le en lui offrant le meilleur service sur place de l\u2019industrie. De plus, nous proposons un vaste programme de remplacement de pi\u00e8ces pour consommables au jet d\u2019eau et de laser\u00a0 vous ne trouverez pas d\u2019inventaire plus g\u00e9n\u00e9reux ni de notre temps de r\u00e9ponse plus rapide au Canada.<\/p>\t\t\t\t\t\t\t\t<\/div>\n\t\t\t\t<\/div>\n\t\t\t\t<div class=\"elementor-element elementor-element-d330e11 elementor-widget elementor-widget-text-editor\" data-id=\"d330e11\" data-element_type=\"widget\" data-widget_type=\"text-editor.default\">\n\t\t\t\t<div class=\"elementor-widget-container\">\n\t\t\t\t\t\t\t\t\tENGAGEMENT\t\t\t\t\t\t\t\t<\/div>\n\t\t\t\t<\/div>\n\t\t\t\t<div class=\"elementor-element elementor-element-408c6e3 elementor-widget elementor-widget-text-editor\" data-id=\"408c6e3\" data-element_type=\"widget\" data-widget_type=\"text-editor.default\">\n\t\t\t\t<div class=\"elementor-widget-container\">\n\t\t\t\t\t\t\t\t\t<p>Notre engagement envers l\u2019\u00e9ducation, la formation et le service fait de nous le premier choix des commer\u00e7ants et des dirigeants d\u2019ateliers de production. Les sp\u00e9cialistes de soutien technique et service\u00a0<a href=\"https:\/\/spark-co.com\/fr\/machines-accessoires\/jet-deau\/\">d\u00e9coupage au jet d\u2019eau<\/a>\u00a0 pleinement certifi\u00e9s de notre r\u00e9seau national s\u2019engagent \u00e0 offrir un service sans pareil, de l\u2019installation \u00e0 la formation sur place, en passant par le soutien et le service pour toute la dur\u00e9e de vie de votre syst\u00e8me. Chez vous, en ligne ou au t\u00e9l\u00e9phone, nous sommes l\u00e0 pour vous.<\/p>\t\t\t\t\t\t\t\t<\/div>\n\t\t\t\t<\/div>\n\t\t\t\t<\/div>\n\t\t<div class=\"elementor-element elementor-element-ec3abe2 e-con-full e-flex e-con e-child\" data-id=\"ec3abe2\" data-element_type=\"container\">\n\t\t\t\t<div class=\"elementor-element elementor-element-cee4f03 elementor-widget elementor-widget-text-editor\" data-id=\"cee4f03\" data-element_type=\"widget\" data-widget_type=\"text-editor.default\">\n\t\t\t\t<div class=\"elementor-widget-container\">\n\t\t\t\t\t\t\t\t\tEXP\u00c9RIENCE\t\t\t\t\t\t\t\t<\/div>\n\t\t\t\t<\/div>\n\t\t\t\t<div class=\"elementor-element elementor-element-8f7d4d5 elementor-widget elementor-widget-text-editor\" data-id=\"8f7d4d5\" data-element_type=\"widget\" data-widget_type=\"text-editor.default\">\n\t\t\t\t<div class=\"elementor-widget-container\">\n\t\t\t\t\t\t\t\t\t<p>Vous pouvez compter sur l\u2019exp\u00e9rience et le d\u00e9vouement de Spark &amp; Co pour faire du bon travail. Sous la supervision de notre \u00e9quipe nous vous avons \u00e0 votre disposition 25 ann\u00e9es de service par des techniciens form\u00e9s en usine, de m\u00eame que de l\u2019\u00e9quipement sophistiqu\u00e9 et des connaissances de pointe sur tous les mod\u00e8les et toutes les marques.<\/p>\t\t\t\t\t\t\t\t<\/div>\n\t\t\t\t<\/div>\n\t\t\t\t<div class=\"elementor-element elementor-element-2e9002d elementor-widget elementor-widget-text-editor\" data-id=\"2e9002d\" data-element_type=\"widget\" data-widget_type=\"text-editor.default\">\n\t\t\t\t<div class=\"elementor-widget-container\">\n\t\t\t\t\t\t\t\t\tSOUTIEN\t\t\t\t\t\t\t\t<\/div>\n\t\t\t\t<\/div>\n\t\t\t\t<div class=\"elementor-element elementor-element-99380c7 elementor-widget elementor-widget-text-editor\" data-id=\"99380c7\" data-element_type=\"widget\" data-widget_type=\"text-editor.default\">\n\t\t\t\t<div class=\"elementor-widget-container\">\n\t\t\t\t\t\t\t\t\t<p>Nous avons ce qu\u2019il vous faut gr\u00e2ce \u00e0 notre soutien t\u00e9l\u00e9phonique, \u00e0 de la formation sur le fonctionnement des machines, \u00e0 notre service itin\u00e9rant, \u00e0 notre large inventaire de pi\u00e8ces et \u00e0 notre site Web interactif et fonctionnel. Notre r\u00e9seau national de service n\u2019est pas plus loin qu\u2019\u00e0 un clic ou un coup de t\u00e9l\u00e9phone afin de vous aider et de vous servir si vous avez besoin d\u2019une installation, d\u2019une formation sur place ou de toute autre chose, et ce, pour toute la dur\u00e9e de vie de votre syst\u00e8me.\u00a0<\/p>\t\t\t\t\t\t\t\t<\/div>\n\t\t\t\t<\/div>\n\t\t\t\t<\/div>\n\t\t\t\t\t<\/div>\n\t\t\t\t<\/div>\n\t\t<div class=\"elementor-element elementor-element-c13bc1c e-con-full e-flex e-con e-parent\" data-id=\"c13bc1c\" data-element_type=\"container\">\n\t\t\t\t<div class=\"elementor-element elementor-element-a6a601e elementor-widget elementor-widget-heading\" data-id=\"a6a601e\" data-element_type=\"widget\" data-widget_type=\"heading.default\">\n\t\t\t\t<div class=\"elementor-widget-container\">\n\t\t\t\t\t<h3 class=\"elementor-heading-title elementor-size-default\">Faites-nous parvenir votre demande de service <\/h3>\t\t\t\t<\/div>\n\t\t\t\t<\/div>\n\t\t\t\t<div class=\"elementor-element elementor-element-8603f59 elementor-widget elementor-widget-shortcode\" data-id=\"8603f59\" data-element_type=\"widget\" data-widget_type=\"shortcode.default\">\n\t\t\t\t<div class=\"elementor-widget-container\">\n\t\t\t\t\t\t\t<div class=\"elementor-shortcode\">\n<div class=\"wpcf7 no-js\" id=\"wpcf7-f2146-o1\" lang=\"fr-FR\" dir=\"ltr\" data-wpcf7-id=\"2146\">\n<div class=\"screen-reader-response\"><p role=\"status\" aria-live=\"polite\" aria-atomic=\"true\"><\/p> <ul><\/ul><\/div>\n<form action=\"\/fr\/wp-json\/wp\/v2\/pages\/452#wpcf7-f2146-o1\" method=\"post\" class=\"wpcf7-form init\" aria-label=\"Formulaire de contact\" enctype=\"multipart\/form-data\" novalidate=\"novalidate\" data-status=\"init\">\n<fieldset class=\"hidden-fields-container\"><input type=\"hidden\" name=\"_wpcf7\" value=\"2146\" \/><input type=\"hidden\" name=\"_wpcf7_version\" value=\"6.1.4\" \/><input type=\"hidden\" name=\"_wpcf7_locale\" value=\"fr_FR\" \/><input type=\"hidden\" name=\"_wpcf7_unit_tag\" value=\"wpcf7-f2146-o1\" \/><input type=\"hidden\" name=\"_wpcf7_container_post\" value=\"0\" \/><input type=\"hidden\" name=\"_wpcf7_posted_data_hash\" value=\"\" \/><input type=\"hidden\" name=\"_cf7a__timestamp\" value=\"mkkU4Kec0C9iTGOJjHo+\/A==\" \/><input type=\"hidden\" name=\"_cf7a_hash\" value=\"kFWM1zETUyaR\" \/><input type=\"hidden\" name=\"_cf7a_version\" value=\"1.0\" \/><input type=\"hidden\" name=\"_cf7a_address\" value=\"JwlcZZCaCChXj\/ZPdiaYdw==\" \/><input type=\"hidden\" name=\"_cf7a_referer\" value=\"YADZ3t6ZBPa2F6MfelPHmA==\" \/><input type=\"hidden\" name=\"_cf7a_protocol\" value=\"5u2JbH2UAcqiIhg1BObmUQ==\" \/><input type=\"hidden\" name=\"_cf7a_bot_fingerprint\" value=\"mkkU4Kec0C9iTGOJjHo+\/A==\" \/><input type=\"hidden\" name=\"_cf7a_bot_fingerprint_extras\" \/><input type=\"hidden\" name=\"_cf7a_append_on_submit\" \/>\n<\/fieldset>\n<div class=\"form-service\">\n\t<div class=\"row\">\n\t\t<div class=\"col-md-6\">\n\t\t\t<p><label><span class=\"sr-only\">Pr\u00e9nom*<\/span><span class=\"wpcf7-form-control-wrap\" data-name=\"firstname\"><input type=\"text\" name=\"colour\" value=\"\" autocomplete=\"fill\" class=\"fit-the-fullspace\" aria-hidden=\"true\" tabindex=\"-1\" \/><input size=\"40\" maxlength=\"400\" class=\"wpcf7-form-control wpcf7-text wpcf7-validates-as-required\" aria-required=\"true\" aria-invalid=\"false\" placeholder=\"Pr\u00e9nom*\" value=\"\" type=\"text\" name=\"firstname\" \/><\/span> <\/label>\n\t\t\t<\/p>\n\t\t\t<p><label><span class=\"sr-only\">Courriel*<\/span><span class=\"wpcf7-form-control-wrap\" data-name=\"email\"><input size=\"40\" maxlength=\"400\" class=\"wpcf7-form-control wpcf7-email wpcf7-validates-as-required wpcf7-text wpcf7-validates-as-email\" aria-required=\"true\" aria-invalid=\"false\" placeholder=\"Courriel*\" value=\"\" type=\"email\" name=\"email\" \/><\/span> <\/label>\n\t\t\t<\/p>\n\t\t\t<p><label><span class=\"sr-only\">Nom de l'entreprise*<\/span><span class=\"wpcf7-form-control-wrap\" data-name=\"company\"><input size=\"40\" maxlength=\"400\" class=\"wpcf7-form-control wpcf7-text wpcf7-validates-as-required\" aria-required=\"true\" aria-invalid=\"false\" placeholder=\"Nom de la compagnie*\" value=\"\" type=\"text\" name=\"company\" \/><input type=\"text\" name=\"email\" value=\"\" autocomplete=\"fill\" class=\"fit-the-fullspace\" aria-hidden=\"true\" tabindex=\"-1\" \/><\/span> <\/label>\n\t\t\t<\/p>\n\t\t<\/div>\n\t\t<div class=\"col-md-6\">\n\t\t\t<p><label><span class=\"sr-only\">Nom de Famille*<\/span><span class=\"wpcf7-form-control-wrap\" data-name=\"lastname\"><input type=\"text\" name=\"address\" value=\"\" autocomplete=\"fill\" class=\"fit-the-fullspace\" aria-hidden=\"true\" tabindex=\"-1\" \/><input size=\"40\" maxlength=\"400\" class=\"wpcf7-form-control wpcf7-text wpcf7-validates-as-required\" aria-required=\"true\" aria-invalid=\"false\" placeholder=\"Nom de Famille*\" value=\"\" type=\"text\" name=\"lastname\" \/><\/span> <\/label>\n\t\t\t<\/p>\n\t\t\t<p><label><span class=\"sr-only\">Num\u00e9ro de t\u00e9l\u00e9phone*<\/span><span class=\"wpcf7-form-control-wrap\" data-name=\"phone\"><input size=\"40\" maxlength=\"400\" class=\"wpcf7-form-control wpcf7-tel wpcf7-validates-as-required wpcf7-text wpcf7-validates-as-tel\" aria-required=\"true\" aria-invalid=\"false\" placeholder=\"Num\u00e9ro de t\u00e9l\u00e9phone*\" value=\"\" type=\"tel\" name=\"phone\" \/><\/span> <\/label>\n\t\t\t<\/p>\n\t\t\t<p><label><span class=\"sr-only\">Marque et modele de la machine*<\/span><span class=\"wpcf7-form-control-wrap\" data-name=\"model\"><input size=\"40\" maxlength=\"400\" class=\"wpcf7-form-control wpcf7-text wpcf7-validates-as-required\" aria-required=\"true\" aria-invalid=\"false\" placeholder=\"Marque et Mod\u00e8le de la machine*\" value=\"\" type=\"text\" name=\"model\" \/><input type=\"text\" name=\"town\" value=\"\" autocomplete=\"fill\" class=\"fit-the-fullspace\" aria-hidden=\"true\" tabindex=\"-1\" \/><\/span><\/label>\n\t\t\t<\/p>\n\t\t<\/div>\n\t\t<div class=\"col-12 text-right\">\n\t\t\t<p><label><span class=\"sr-only\">Message<\/span><span class=\"wpcf7-form-control-wrap\" data-name=\"message\"><textarea cols=\"40\" rows=\"3\" maxlength=\"2000\" class=\"wpcf7-form-control wpcf7-textarea\" aria-invalid=\"false\" placeholder=\"Description de votre requ\u00eate\" name=\"message\"><\/textarea><\/span> <\/label>\n\t\t\t<\/p>\n\t\t\t<p class=\"note\">*Ces champs sont requis\n\t\t\t<\/p>\n\t\t<\/div>\n\t\t<div class=\"col-12\">\n\t\t\t<div class=\"row\">\n\t\t\t\t<div class=\"col-md-6\">\n\t\t\t\t<\/div>\n\t\t\t\t<div class=\"col-md-6\">\n\t\t\t\t\t<div class=\"row\">\n\t\t\t\t\t\t<div class=\"col-6\">\n\t\t\t\t\t\t\t<p><label><span class=\"sr-only\">Fichier<\/span><span class=\"wpcf7-form-control-wrap\" data-name=\"file\"><input size=\"40\" class=\"wpcf7-form-control wpcf7-file\" accept=\"audio\/*,video\/*,image\/*\" aria-invalid=\"false\" type=\"file\" name=\"file\" \/><\/span><span class=\"js-click-fileupload d-block btn btn-light btn-fileupload\"><i class=\"fas fa-paperclip fa-flip-horizontal\"><\/i> Fichier<\/span><\/label>\n\t\t\t\t\t\t\t<\/p>\n\t\t\t\t\t\t<\/div>\n\t\t\t\t\t\t<div class=\"col-6\">\n\t\t\t\t\t\t\t<p><input class=\"wpcf7-form-control wpcf7-submit has-spinner\" type=\"submit\" value=\"Envoyer\" \/>\n\t\t\t\t\t\t\t<\/p>\n\t\t\t\t\t\t<\/div>\n\t\t\t\t\t<\/div>\n\t\t\t\t<\/div>\n\t\t\t<\/div>\n\t\t<\/div>\n\t<\/div>\n<\/div><div class=\"wpcf7-response-output\" aria-hidden=\"true\"><\/div>\n<\/form>\n<\/div>\n<\/div>\n\t\t\t\t\t\t<\/div>\n\t\t\t\t<\/div>\n\t\t\t\t<\/div>\n\t\t\t\t<\/div>\n\t\t","protected":false},"excerpt":{"rendered":"<p>SERVICE ET SOUTIEN UN SOUTIEN EXEMPLAIRE UN MOD\u00c8LE DANS L\u2019INDUSTRIE Spark &amp; Co offre un service service\u00a0d\u00e9coupage au jet d\u2019eau exemplaire. Avec ses quatre points de service au Canada et d\u2019autres \u00e0 venir, nous r\u00e9pondons rapidement aux besoins de notre client\u00e8le en lui offrant le meilleur service sur place de l\u2019industrie. De plus, nous proposons [&hellip;]<\/p>\n","protected":false},"author":41,"featured_media":0,"parent":0,"menu_order":0,"comment_status":"closed","ping_status":"closed","template":"elementor_header_footer","meta":{"_acf_changed":false,"footnotes":""},"class_list":["post-452","page","type-page","status-publish","hentry"],"acf":[],"_links":{"self":[{"href":"https:\/\/spark-co.com\/fr\/wp-json\/wp\/v2\/pages\/452","targetHints":{"allow":["GET"]}}],"collection":[{"href":"https:\/\/spark-co.com\/fr\/wp-json\/wp\/v2\/pages"}],"about":[{"href":"https:\/\/spark-co.com\/fr\/wp-json\/wp\/v2\/types\/page"}],"author":[{"embeddable":true,"href":"https:\/\/spark-co.com\/fr\/wp-json\/wp\/v2\/users\/41"}],"replies":[{"embeddable":true,"href":"https:\/\/spark-co.com\/fr\/wp-json\/wp\/v2\/comments?post=452"}],"version-history":[{"count":0,"href":"https:\/\/spark-co.com\/fr\/wp-json\/wp\/v2\/pages\/452\/revisions"}],"wp:attachment":[{"href":"https:\/\/spark-co.com\/fr\/wp-json\/wp\/v2\/media?parent=452"}],"curies":[{"name":"wp","href":"https:\/\/api.w.org\/{rel}","templated":true}]}}