{"id":442,"date":"2018-10-10T18:50:22","date_gmt":"2018-10-10T16:50:22","guid":{"rendered":"https:\/\/spark-co.com\/?page_id=442"},"modified":"2024-04-10T08:37:44","modified_gmt":"2024-04-10T12:37:44","slug":"fabrication","status":"publish","type":"page","link":"https:\/\/spark-co.com\/fr\/industries\/fabrication\/","title":{"rendered":"Fabrication"},"content":{"rendered":"\t\t<div data-elementor-type=\"wp-page\" data-elementor-id=\"442\" class=\"elementor elementor-442\" data-elementor-post-type=\"page\">\n\t\t\t\t\t\t<section class=\"elementor-section elementor-top-section elementor-element elementor-element-521dd49 elementor-section-full_width elementor-section-height-default elementor-section-height-default\" data-id=\"521dd49\" data-element_type=\"section\">\n\t\t\t\t\t\t<div class=\"elementor-container elementor-column-gap-default\">\n\t\t\t\t\t<div class=\"elementor-column elementor-col-100 elementor-top-column elementor-element elementor-element-59ad2cf\" data-id=\"59ad2cf\" data-element_type=\"column\">\n\t\t\t<div class=\"elementor-widget-wrap elementor-element-populated\">\n\t\t\t\t<div class=\"elementor-element elementor-element-725d02f e-con-full e-flex e-con e-parent\" data-id=\"725d02f\" data-element_type=\"container\" data-settings=\"{&quot;background_background&quot;:&quot;classic&quot;}\">\n\t\t\t\t<div class=\"elementor-element elementor-element-9036b17 elementor-widget elementor-widget-heading\" data-id=\"9036b17\" data-element_type=\"widget\" data-widget_type=\"heading.default\">\n\t\t\t\t<div class=\"elementor-widget-container\">\n\t\t\t\t\t<h1 class=\"elementor-heading-title elementor-size-default\">INDUSTRIE DE LA FABRICATION<\/h1>\t\t\t\t<\/div>\n\t\t\t\t<\/div>\n\t\t\t\t<\/div>\n\t\t\t\t\t<\/div>\n\t\t<\/div>\n\t\t\t\t\t<\/div>\n\t\t<\/section>\n\t\t<div class=\"elementor-element elementor-element-f7f5623 e-flex e-con-boxed e-con e-parent\" data-id=\"f7f5623\" data-element_type=\"container\">\n\t\t\t\t\t<div class=\"e-con-inner\">\n\t\t<div class=\"elementor-element elementor-element-50226b3 e-con-full e-flex e-con e-child\" data-id=\"50226b3\" data-element_type=\"container\">\n\t\t\t\t<div class=\"elementor-element elementor-element-f4939ca elementor-widget elementor-widget-text-editor\" data-id=\"f4939ca\" data-element_type=\"widget\" data-widget_type=\"text-editor.default\">\n\t\t\t\t<div class=\"elementor-widget-container\">\n\t\t\t\t\t\t\t\t\tD\u2019un oc\u00e9an \u00e0 l\u2019autre, le Canada est le foyer de milliers de fabricants qui utilisent le contr\u00f4le num\u00e9rique dans une multitude d\u2019applications. Ce pays, riche en ressources et en investissements dans l\u2019infrastructure, poss\u00e8de une tradition de transformation des m\u00e9taux. C\u2019est avec fiert\u00e9 que Spark &#038; Co. fournit aux fabricants, partout au pays, de l\u2019\u00e9quipement \u00e0 haut rendement et de grande pr\u00e9cision pour r\u00e9pondre \u00e0 leurs besoins en mati\u00e8re de fraisage \u00e0 contr\u00f4le num\u00e9rique. Les machines \u00e0 contr\u00f4le num\u00e9rique dont Spark &#038; Co. est le repr\u00e9sentant offrent un large \u00e9ventail de solutions compl\u00e8tes et novatrices permettant de r\u00e9aliser toutes les applications de fabrication, de la t\u00f4le la plus mince \u00e0 la plaque d\u2019acier la plus \u00e9paisse et la plus solide.\t\t\t\t\t\t\t\t<\/div>\n\t\t\t\t<\/div>\n\t\t\t\t<\/div>\n\t\t<div class=\"elementor-element elementor-element-5974d9f e-con-full e-flex e-con e-child\" data-id=\"5974d9f\" data-element_type=\"container\">\n\t\t\t\t<div class=\"elementor-element elementor-element-d8c39ce elementor-widget elementor-widget-text-editor\" data-id=\"d8c39ce\" data-element_type=\"widget\" data-widget_type=\"text-editor.default\">\n\t\t\t\t<div class=\"elementor-widget-container\">\n\t\t\t\t\t\t\t\t\tLes op\u00e9rations secondaires sont un jeu d\u2019enfant pour notre \u00e9quipement de fraisage et de per\u00e7age-taraudage \u00e0 contr\u00f4le num\u00e9rique. Nos machines de d\u00e9coupage au jet d\u2019eau laissent des surfaces sans bavures et elles ne sont pas affect\u00e9es par la chaleur. Nos fraiseuses \u00e0 contr\u00f4le num\u00e9rique sont excellentes pour la finition des pi\u00e8ces! Que votre atelier soit sp\u00e9cialis\u00e9 en soudage, en d\u00e9coupage au plasma ou en oxycoupage, nous avons ce qu\u2019il vous faut pour accomplir le travail avec la plus grande pr\u00e9cision et au plus bas co\u00fbt possible. Avez-vous un projet de fabrication faisant appel au contr\u00f4le num\u00e9rique? Contactez-nous d\u00e8s aujourd\u2019hui!\t\t\t\t\t\t\t\t<\/div>\n\t\t\t\t<\/div>\n\t\t\t\t<\/div>\n\t\t\t\t\t<\/div>\n\t\t\t\t<\/div>\n\t\t<div class=\"elementor-element elementor-element-f3b8d57 e-flex e-con-boxed e-con e-parent\" data-id=\"f3b8d57\" data-element_type=\"container\">\n\t\t\t\t\t<div class=\"e-con-inner\">\n\t\t<div class=\"elementor-element elementor-element-63d53a0 e-con-full e-flex e-con e-child\" data-id=\"63d53a0\" data-element_type=\"container\" data-settings=\"{&quot;background_background&quot;:&quot;classic&quot;}\">\n\t\t\t\t<div class=\"elementor-element elementor-element-3d27e55 elementor-widget elementor-widget-text-editor\" data-id=\"3d27e55\" data-element_type=\"widget\" data-widget_type=\"text-editor.default\">\n\t\t\t\t<div class=\"elementor-widget-container\">\n\t\t\t\t\t\t\t\t\tVOIR NOS MACHINES\t\t\t\t\t\t\t\t<\/div>\n\t\t\t\t<\/div>\n\t\t\t\t<div class=\"elementor-element elementor-element-c91ee12 elementor-widget elementor-widget-text-editor\" data-id=\"c91ee12\" data-element_type=\"widget\" data-widget_type=\"text-editor.default\">\n\t\t\t\t<div class=\"elementor-widget-container\">\n\t\t\t\t\t\t\t\t\tGamme compl\u00e8te de machines de fabrication, \u00e9lectro\u00e9rosion, Fabrication additive, CNC, centre d\u2019usinage et tour \u00e0 contr\u00f4le num\u00e9rique.\t\t\t\t\t\t\t\t<\/div>\n\t\t\t\t<\/div>\n\t\t\t\t<div class=\"elementor-element elementor-element-3adfa79 btn-primary btn-lg elementor-widget elementor-widget-button\" data-id=\"3adfa79\" data-element_type=\"widget\" data-widget_type=\"button.default\">\n\t\t\t\t<div class=\"elementor-widget-container\">\n\t\t\t\t\t\t\t\t\t<div class=\"elementor-button-wrapper\">\n\t\t\t\t\t<a class=\"elementor-button elementor-button-link elementor-size-sm\" href=\"https:\/\/spark-co.com\/fr\/machines\/\">\n\t\t\t\t\t\t<span class=\"elementor-button-content-wrapper\">\n\t\t\t\t\t\t\t\t\t<span class=\"elementor-button-text\">LES VOIR MAINTENANT<\/span>\n\t\t\t\t\t<\/span>\n\t\t\t\t\t<\/a>\n\t\t\t\t<\/div>\n\t\t\t\t\t\t\t\t<\/div>\n\t\t\t\t<\/div>\n\t\t\t\t<\/div>\n\t\t<div class=\"elementor-element elementor-element-c68d946 e-con-full e-flex e-con e-child\" data-id=\"c68d946\" data-element_type=\"container\" data-settings=\"{&quot;background_background&quot;:&quot;classic&quot;}\">\n\t\t\t\t<div class=\"elementor-element elementor-element-cf53366 elementor-widget__width-initial elementor-widget-mobile__width-inherit elementor-widget elementor-widget-text-editor\" data-id=\"cf53366\" data-element_type=\"widget\" data-widget_type=\"text-editor.default\">\n\t\t\t\t<div class=\"elementor-widget-container\">\n\t\t\t\t\t\t\t\t\tEN APPRENDRE PLUS SUR NOS TECHNOLOGIES\t\t\t\t\t\t\t\t<\/div>\n\t\t\t\t<\/div>\n\t\t\t\t<div class=\"elementor-element elementor-element-5b8ba4a elementor-widget elementor-widget-text-editor\" data-id=\"5b8ba4a\" data-element_type=\"widget\" data-widget_type=\"text-editor.default\">\n\t\t\t\t<div class=\"elementor-widget-container\">\n\t\t\t\t\t\t\t\t\tGamme compl\u00e8te de machines de fabrication, \u00e9lectro\u00e9rosion, Fabrication additive, CNC, centre d\u2019usinage et tour \u00e0 contr\u00f4le num\u00e9rique.\t\t\t\t\t\t\t\t<\/div>\n\t\t\t\t<\/div>\n\t\t\t\t<div class=\"elementor-element elementor-element-78fb7bd btn-primary btn-lg elementor-widget elementor-widget-button\" data-id=\"78fb7bd\" data-element_type=\"widget\" data-widget_type=\"button.default\">\n\t\t\t\t<div class=\"elementor-widget-container\">\n\t\t\t\t\t\t\t\t\t<div class=\"elementor-button-wrapper\">\n\t\t\t\t\t<a class=\"elementor-button elementor-button-link elementor-size-sm\" href=\"https:\/\/spark-co.com\/fr\/contactez-nous\/\">\n\t\t\t\t\t\t<span class=\"elementor-button-content-wrapper\">\n\t\t\t\t\t\t\t\t\t<span class=\"elementor-button-text\">CONTACTEZ-NOUS<\/span>\n\t\t\t\t\t<\/span>\n\t\t\t\t\t<\/a>\n\t\t\t\t<\/div>\n\t\t\t\t\t\t\t\t<\/div>\n\t\t\t\t<\/div>\n\t\t\t\t<\/div>\n\t\t\t\t\t<\/div>\n\t\t\t\t<\/div>\n\t\t\t\t<\/div>\n\t\t","protected":false},"excerpt":{"rendered":"<p>INDUSTRIE DE LA FABRICATION D\u2019un oc\u00e9an \u00e0 l\u2019autre, le Canada est le foyer de milliers de fabricants qui utilisent le contr\u00f4le num\u00e9rique dans une multitude d\u2019applications. Ce pays, riche en ressources et en investissements dans l\u2019infrastructure, poss\u00e8de une tradition de transformation des m\u00e9taux. C\u2019est avec fiert\u00e9 que Spark &#038; Co. fournit aux fabricants, partout au [&hellip;]<\/p>\n","protected":false},"author":41,"featured_media":0,"parent":434,"menu_order":0,"comment_status":"closed","ping_status":"closed","template":"elementor_header_footer","meta":{"_acf_changed":false,"footnotes":""},"class_list":["post-442","page","type-page","status-publish","hentry"],"acf":[],"_links":{"self":[{"href":"https:\/\/spark-co.com\/fr\/wp-json\/wp\/v2\/pages\/442","targetHints":{"allow":["GET"]}}],"collection":[{"href":"https:\/\/spark-co.com\/fr\/wp-json\/wp\/v2\/pages"}],"about":[{"href":"https:\/\/spark-co.com\/fr\/wp-json\/wp\/v2\/types\/page"}],"author":[{"embeddable":true,"href":"https:\/\/spark-co.com\/fr\/wp-json\/wp\/v2\/users\/41"}],"replies":[{"embeddable":true,"href":"https:\/\/spark-co.com\/fr\/wp-json\/wp\/v2\/comments?post=442"}],"version-history":[{"count":0,"href":"https:\/\/spark-co.com\/fr\/wp-json\/wp\/v2\/pages\/442\/revisions"}],"up":[{"embeddable":true,"href":"https:\/\/spark-co.com\/fr\/wp-json\/wp\/v2\/pages\/434"}],"wp:attachment":[{"href":"https:\/\/spark-co.com\/fr\/wp-json\/wp\/v2\/media?parent=442"}],"curies":[{"name":"wp","href":"https:\/\/api.w.org\/{rel}","templated":true}]}}